{"id":69622,"date":"2021-02-21T19:05:09","date_gmt":"2021-02-21T19:05:09","guid":{"rendered":"https:\/\/www.autonvaraosahaku.fi\/?product=sachs-3000-970-079-kytkinpaketti"},"modified":"2021-02-21T19:05:11","modified_gmt":"2021-02-21T19:05:11","slug":"sachs-3000-970-079-kytkinpaketti","status":"publish","type":"product","link":"https:\/\/www.autonvaraosahaku.fi\/?product=sachs-3000-970-079-kytkinpaketti","title":{"rendered":"SACHS 3000 970 079 Kytkinpaketti"},"content":{"rendered":"<p>L\u00e4pimitta [mm]: 240; Hammasluku: 26; Vauhtipy\u00f6r\u00e4syvyys [mm]: 8; Tuotelinja: XTend; Moottorinumero: M111.984; MERCEDES-BENZ: C-CLASS W203,E-CLASS W211,C-CLASS T-Model S203,E-CLASS T-Model S211,E-CLASS W210,VIANO W639,C-CLASS Coupe CL203,M-CLASS W163,E-CLASS Kombi S210,VITO Bus W639,CLK C209,VITO \/ MIXTO Kasten W639,CLK Cabriolet A209,SPRINTER 3-t Kasten 903,SPRINTER 2-t Bus 901, 902,CLC-CLASS CL203,SPRINTER 2-t Kasten 901, 902,SPRINTER 3-t Bus 903,SPRINTER 3-t Pritsche\/Fahrgestell 903,SPRINTER 4-t Pritsche\/Fahrgestell 904,SPRINTER 2-t Pritsche\/Fahrgestell 901, 902,SPRINTER 4-t Kasten 904,SPRINTER 4-t Bus 904,SPRINTER 5-t Pritsche\/Fahrgestell 905,SPRINTER Kipper 905; Kytkinsarja<\/p>\n","protected":false},"excerpt":{"rendered":"<p>SACHS Kytkinpaketti 3000 970 079 Kytkinsarja MERCEDES-BENZ,C-CLASS W203,E-CLASS W211,C-CLASS T-Model S203,E-CLASS T-Model S211,E-CLASS W210,VIANO W639<\/p>\n","protected":false},"featured_media":0,"template":"","meta":{"site-sidebar-layout":"default","site-content-layout":"default","ast-global-header-display":"","ast-main-header-display":"","ast-hfb-above-header-display":"","ast-hfb-below-header-display":"","ast-hfb-mobile-header-display":"","site-post-title":"","ast-breadcrumbs-content":"","ast-featured-img":"","footer-sml-layout":"","theme-transparent-header-meta":"","adv-header-id-meta":"","stick-header-meta":"","header-above-stick-meta":"","header-main-stick-meta":"","header-below-stick-meta":""},"pwb-brand":[91],"product_cat":[21],"product_tag":[],"class_list":{"0":"post-69622","1":"product","2":"type-product","3":"status-publish","5":"pwb-brand-sachs","6":"product_cat-kytkinpaketti","7":"desktop-align-left","8":"tablet-align-left","9":"mobile-align-left","11":"first","12":"instock","13":"product-type-external"},"brands":[{"id":91,"name":"SACHS","slug":"sachs"}],"_links":{"self":[{"href":"https:\/\/www.autonvaraosahaku.fi\/index.php?rest_route=\/wp\/v2\/product\/69622","targetHints":{"allow":["GET"]}}],"collection":[{"href":"https:\/\/www.autonvaraosahaku.fi\/index.php?rest_route=\/wp\/v2\/product"}],"about":[{"href":"https:\/\/www.autonvaraosahaku.fi\/index.php?rest_route=\/wp\/v2\/types\/product"}],"wp:attachment":[{"href":"https:\/\/www.autonvaraosahaku.fi\/index.php?rest_route=%2Fwp%2Fv2%2Fmedia&parent=69622"}],"wp:term":[{"taxonomy":"pwb-brand","embeddable":true,"href":"https:\/\/www.autonvaraosahaku.fi\/index.php?rest_route=%2Fwp%2Fv2%2Fpwb-brand&post=69622"},{"taxonomy":"product_cat","embeddable":true,"href":"https:\/\/www.autonvaraosahaku.fi\/index.php?rest_route=%2Fwp%2Fv2%2Fproduct_cat&post=69622"},{"taxonomy":"product_tag","embeddable":true,"href":"https:\/\/www.autonvaraosahaku.fi\/index.php?rest_route=%2Fwp%2Fv2%2Fproduct_tag&post=69622"}],"curies":[{"name":"wp","href":"https:\/\/api.w.org\/{rel}","templated":true}]}}