{"id":69637,"date":"2021-02-21T19:05:14","date_gmt":"2021-02-21T19:05:14","guid":{"rendered":"https:\/\/www.autonvaraosahaku.fi\/?product=aks-dasis-068073n-lammityslaitteen-puhaltimen-vastus"},"modified":"2021-02-21T19:05:15","modified_gmt":"2021-02-21T19:05:15","slug":"aks-dasis-068073n-lammityslaitteen-puhaltimen-vastus","status":"publish","type":"product","link":"https:\/\/www.autonvaraosahaku.fi\/?product=aks-dasis-068073n-lammityslaitteen-puhaltimen-vastus","title":{"rendered":"AKS DASIS 068073N L\u00e4mmityslaitteen puhaltimen vastus"},"content":{"rendered":"<p>Valmistusvuosi alkaen: 04\/1999; RENAULT: CLIO III BR0\/1, CR0\/1,SC\u00c9NIC II JM0\/1_,TWINGO II CN0_,MEGANE II Kombi KM0\/1_,SC\u00c9NIC I JA0\/1_,MEGANE II Coup\u00e9-Cabriolet EM0\/1_,MEGANE Scenic JA0\/1_,MEGANE II BM0\/1_, CM0\/1_,CLIO Grandtour KR0\/1_,GRAND SC\u00c9NIC II JM0\/1_,MEGANE II Stufenheck LM0\/1_; PEUGEOT: 207 WA_, WC_,207 CC WD_,207 SW WK_,607 9D, 9U,406 Break 8E\/F,1007 KM_,406 Coupe 8C,406 8B,207 Van; CITRO\u00cbN: C2 JM_,C3 I FC_,C5 I DC_,C5 I Break DE_,C3 II,C3 Pluriel HB_,C2 ENTERPRISE; 7701048390, 7701207718<\/p>\n","protected":false},"excerpt":{"rendered":"<p>AKS DASIS S\u00e4\u00e4din, Sis\u00e4valaistus 068073N  RENAULT,PEUGEOT,CITRO\u00cbN,CLIO III BR0\/1, CR0\/1,SC\u00c9NIC II JM0\/1_,TWINGO II CN0_,MEGANE II Kombi KM0\/1_<\/p>\n","protected":false},"featured_media":0,"template":"","meta":{"site-sidebar-layout":"default","site-content-layout":"default","ast-global-header-display":"","ast-main-header-display":"","ast-hfb-above-header-display":"","ast-hfb-below-header-display":"","ast-hfb-mobile-header-display":"","site-post-title":"","ast-breadcrumbs-content":"","ast-featured-img":"","footer-sml-layout":"","theme-transparent-header-meta":"","adv-header-id-meta":"","stick-header-meta":"","header-above-stick-meta":"","header-main-stick-meta":"","header-below-stick-meta":""},"pwb-brand":[461],"product_cat":[134],"product_tag":[],"class_list":{"0":"post-69637","1":"product","2":"type-product","3":"status-publish","5":"pwb-brand-aks-dasis","6":"product_cat-lammityslaitteen-puhaltimen-vastus","7":"desktop-align-left","8":"tablet-align-left","9":"mobile-align-left","11":"first","12":"instock","13":"product-type-external"},"brands":[{"id":461,"name":"AKS DASIS","slug":"aks-dasis"}],"_links":{"self":[{"href":"https:\/\/www.autonvaraosahaku.fi\/index.php?rest_route=\/wp\/v2\/product\/69637","targetHints":{"allow":["GET"]}}],"collection":[{"href":"https:\/\/www.autonvaraosahaku.fi\/index.php?rest_route=\/wp\/v2\/product"}],"about":[{"href":"https:\/\/www.autonvaraosahaku.fi\/index.php?rest_route=\/wp\/v2\/types\/product"}],"wp:attachment":[{"href":"https:\/\/www.autonvaraosahaku.fi\/index.php?rest_route=%2Fwp%2Fv2%2Fmedia&parent=69637"}],"wp:term":[{"taxonomy":"pwb-brand","embeddable":true,"href":"https:\/\/www.autonvaraosahaku.fi\/index.php?rest_route=%2Fwp%2Fv2%2Fpwb-brand&post=69637"},{"taxonomy":"product_cat","embeddable":true,"href":"https:\/\/www.autonvaraosahaku.fi\/index.php?rest_route=%2Fwp%2Fv2%2Fproduct_cat&post=69637"},{"taxonomy":"product_tag","embeddable":true,"href":"https:\/\/www.autonvaraosahaku.fi\/index.php?rest_route=%2Fwp%2Fv2%2Fproduct_tag&post=69637"}],"curies":[{"name":"wp","href":"https:\/\/api.w.org\/{rel}","templated":true}]}}