{"id":69655,"date":"2021-02-21T19:05:21","date_gmt":"2021-02-21T19:05:21","guid":{"rendered":"https:\/\/www.autonvaraosahaku.fi\/?product=monroe-l28210-raidetangon-sisapaa"},"modified":"2021-02-21T19:05:22","modified_gmt":"2021-02-21T19:05:22","slug":"monroe-l28210-raidetangon-sisapaa","status":"publish","type":"product","link":"https:\/\/www.autonvaraosahaku.fi\/?product=monroe-l28210-raidetangon-sisapaa","title":{"rendered":"MONROE L28210 Raidetangon sis\u00e4p\u00e4\u00e4"},"content":{"rendered":"<p>Pituus (mm): 322; Paino [kg]: 0,700; Tarvittava kappalem\u00e4\u00e4r\u00e4: 2; Kierremitta: F14x1,5 \/ M14x1,5; Kierretyyppi raidetangon p\u00e4\u00e4: Oikealla kierteell\u00e4; Pakkauspituus [cm]: 43,5; Pakkausleveys [cm]: 7,5; Pakkauskorkeus [mm]: 4; Valmistusvuoteen: 01\/2005; CITRO\u00cbN: C4 I LC_,C4 Coupe LA_; PEUGEOT: 307 SW 3H,307 CC 3B,307 3A\/C,307 Break 3E; 3812E0, 3812E0; Raidetangon P\u00e4\u00e4 Sisempi,Raidetangon P\u00e4\u00e4, Suora<\/p>\n","protected":false},"excerpt":{"rendered":"<p>MONROE Raidetangon Sis\u00e4p\u00e4\u00e4 L28210 Raidetangon P\u00e4\u00e4 Sisempi,Raidetangon P\u00e4\u00e4, Suora CITRO\u00cbN,PEUGEOT,C4 I LC_,C4 Coupe LA_,307 SW 3H,307 CC 3B,307 3A\/C<\/p>\n","protected":false},"featured_media":0,"template":"","meta":{"site-sidebar-layout":"default","site-content-layout":"default","ast-global-header-display":"","ast-main-header-display":"","ast-hfb-above-header-display":"","ast-hfb-below-header-display":"","ast-hfb-mobile-header-display":"","site-post-title":"","ast-breadcrumbs-content":"","ast-featured-img":"","footer-sml-layout":"","theme-transparent-header-meta":"","adv-header-id-meta":"","stick-header-meta":"","header-above-stick-meta":"","header-main-stick-meta":"","header-below-stick-meta":""},"pwb-brand":[79],"product_cat":[208],"product_tag":[],"class_list":{"0":"post-69655","1":"product","2":"type-product","3":"status-publish","5":"pwb-brand-monroe","6":"product_cat-raidetangon-sisapaa","7":"desktop-align-left","8":"tablet-align-left","9":"mobile-align-left","11":"first","12":"instock","13":"product-type-external"},"brands":[{"id":79,"name":"MONROE","slug":"monroe"}],"_links":{"self":[{"href":"https:\/\/www.autonvaraosahaku.fi\/index.php?rest_route=\/wp\/v2\/product\/69655","targetHints":{"allow":["GET"]}}],"collection":[{"href":"https:\/\/www.autonvaraosahaku.fi\/index.php?rest_route=\/wp\/v2\/product"}],"about":[{"href":"https:\/\/www.autonvaraosahaku.fi\/index.php?rest_route=\/wp\/v2\/types\/product"}],"wp:attachment":[{"href":"https:\/\/www.autonvaraosahaku.fi\/index.php?rest_route=%2Fwp%2Fv2%2Fmedia&parent=69655"}],"wp:term":[{"taxonomy":"pwb-brand","embeddable":true,"href":"https:\/\/www.autonvaraosahaku.fi\/index.php?rest_route=%2Fwp%2Fv2%2Fpwb-brand&post=69655"},{"taxonomy":"product_cat","embeddable":true,"href":"https:\/\/www.autonvaraosahaku.fi\/index.php?rest_route=%2Fwp%2Fv2%2Fproduct_cat&post=69655"},{"taxonomy":"product_tag","embeddable":true,"href":"https:\/\/www.autonvaraosahaku.fi\/index.php?rest_route=%2Fwp%2Fv2%2Fproduct_tag&post=69655"}],"curies":[{"name":"wp","href":"https:\/\/api.w.org\/{rel}","templated":true}]}}