{"id":69660,"date":"2021-02-21T19:05:21","date_gmt":"2021-02-21T19:05:21","guid":{"rendered":"https:\/\/www.autonvaraosahaku.fi\/?product=monroe-l15600-koiranluu"},"modified":"2021-02-21T19:05:23","modified_gmt":"2021-02-21T19:05:23","slug":"monroe-l15600-koiranluu","status":"publish","type":"product","link":"https:\/\/www.autonvaraosahaku.fi\/?product=monroe-l15600-koiranluu","title":{"rendered":"MONROE L15600 Koiranluu"},"content":{"rendered":"<p>Paino [kg]: 0,380; Tarvittava kappalem\u00e4\u00e4r\u00e4: 2; Tanko \/ tuki: Yhdystanko; Pakkauspituus [cm]: 43,5; Pakkausleveys [cm]: 7,5; Pakkauskorkeus [mm]: 4; Valmistusvuosi alkaen: 09\/1989; LANCIA: LYBRA SW 839BX,LYBRA 839AX,DEDRA 835,DEDRA SW 835; FIAT: MULTIPLA 186,MAREA Weekend 185,MAREA 185; 46413122, 46545743, 51701045, 60813377, 46413122, 46545743, 51701045; Kallistuksenvakaajan Yhdystanko,Tanko, Kallistuksenvaimennin<\/p>\n","protected":false},"excerpt":{"rendered":"<p>MONROE Koiranluu L15600 Kallistuksenvakaajan Yhdystanko,Tanko, Kallistuksenvaimennin LANCIA,FIAT,LYBRA SW 839BX,LYBRA 839AX,DEDRA 835,DEDRA SW 835<\/p>\n","protected":false},"featured_media":0,"template":"","meta":{"site-sidebar-layout":"default","site-content-layout":"default","ast-global-header-display":"","ast-main-header-display":"","ast-hfb-above-header-display":"","ast-hfb-below-header-display":"","ast-hfb-mobile-header-display":"","site-post-title":"","ast-breadcrumbs-content":"","ast-featured-img":"","footer-sml-layout":"","theme-transparent-header-meta":"","adv-header-id-meta":"","stick-header-meta":"","header-above-stick-meta":"","header-main-stick-meta":"","header-below-stick-meta":""},"pwb-brand":[79],"product_cat":[38],"product_tag":[],"class_list":{"0":"post-69660","1":"product","2":"type-product","3":"status-publish","5":"pwb-brand-monroe","6":"product_cat-koiranluu","7":"desktop-align-left","8":"tablet-align-left","9":"mobile-align-left","11":"first","12":"instock","13":"product-type-external"},"brands":[{"id":79,"name":"MONROE","slug":"monroe"}],"_links":{"self":[{"href":"https:\/\/www.autonvaraosahaku.fi\/index.php?rest_route=\/wp\/v2\/product\/69660","targetHints":{"allow":["GET"]}}],"collection":[{"href":"https:\/\/www.autonvaraosahaku.fi\/index.php?rest_route=\/wp\/v2\/product"}],"about":[{"href":"https:\/\/www.autonvaraosahaku.fi\/index.php?rest_route=\/wp\/v2\/types\/product"}],"wp:attachment":[{"href":"https:\/\/www.autonvaraosahaku.fi\/index.php?rest_route=%2Fwp%2Fv2%2Fmedia&parent=69660"}],"wp:term":[{"taxonomy":"pwb-brand","embeddable":true,"href":"https:\/\/www.autonvaraosahaku.fi\/index.php?rest_route=%2Fwp%2Fv2%2Fpwb-brand&post=69660"},{"taxonomy":"product_cat","embeddable":true,"href":"https:\/\/www.autonvaraosahaku.fi\/index.php?rest_route=%2Fwp%2Fv2%2Fproduct_cat&post=69660"},{"taxonomy":"product_tag","embeddable":true,"href":"https:\/\/www.autonvaraosahaku.fi\/index.php?rest_route=%2Fwp%2Fv2%2Fproduct_tag&post=69660"}],"curies":[{"name":"wp","href":"https:\/\/api.w.org\/{rel}","templated":true}]}}