{"id":69685,"date":"2021-02-21T19:05:26","date_gmt":"2021-02-21T19:05:26","guid":{"rendered":"https:\/\/www.autonvaraosahaku.fi\/?product=reinz-81-21798-30-kampiakselin-tiiviste"},"modified":"2021-02-21T19:05:29","modified_gmt":"2021-02-21T19:05:29","slug":"reinz-81-21798-30-kampiakselin-tiiviste","status":"publish","type":"product","link":"https:\/\/www.autonvaraosahaku.fi\/?product=reinz-81-21798-30-kampiakselin-tiiviste","title":{"rendered":"REINZ 81-21798-30 Kampiakselin tiiviste"},"content":{"rendered":"<p>Materiaali: ACM (polyakryyli-kautsu); Sis\u00e4l\u00e4pimitta [mm]: 35; Ulkol\u00e4pimitta [mm]: 50; Leveys (mm): 8; Akselitiivisteen malli: A SL; Rihlamalli: Vaihdettava kierre; Asennuspuoli: stirnseitig; LADA: NIVA 2121; HYUNDAI: LANTRA II Wagon J-2,LANTRA II J-2; VOLVO: 66,66 Kombi; ROVER: 200 Hatchback XW,400 Tourer XW,400 XW; SUZUKI: SAMURAI SJ,VITARA ET, TA,VITARA Cabrio ET, TA; CHRYSLER: VOYAGER III GS; LANCIA: THEMA 834,ZETA 220,THEMA SW 834; TOYOTA: COROLLA Liftback _E11_,COROLLA Compact _E11_,COROLLA _E11_,COROLLA Wagon __E11_; FIAT: DUCATO Pritsche\/Fahrgestell 230,DUCATO Bus 230,DUCATO Kasten 230L,ULYSSE 220,SCUDO Kasten 220L,SCUDO Combinato 220P,SCUDO Pritsche\/Fahrgestell 220_; CITRO\u00cbN: BERLINGO MF,BERLINGO Kasten M_,XSARA N1,XSARA Break N2,XM Y4,XSARA Coupe N0,XANTIA X1,EVASION 22, U6,ZX N2,BX XB-_,C25 Bus 280_, 290_,JUMPY U6U,JUMPY Kasten BS_, BT_, BY_, BZ_,JUMPER Kasten 230L,XM Y3,XANTIA Break X1,JUMPER Bus 230P,ZX Break N2,XM Break Y4,JUMPER Pritsche\/Fahrgestell 230,BX Break XB-_,C25 Kasten 280_, 290_,C15 VD-_,VISA Cabriolet,JUMPY Pritsche\/Fahrgestell BU_, BV_, BW_, BX_,XM Break Y3,C15 Kombi; 023614, 9400236149, 94002361, 023614, 051415, 051415, SU00100084; Akselitiiviste, Kampiakseli<\/p>\n","protected":false},"excerpt":{"rendered":"<p>REINZ Kampiakselin Tiiviste 81-21798-30 Akselitiiviste, Kampiakseli LADA,HYUNDAI,VOLVO,NIVA 2121,LANTRA II Wagon J-2,LANTRA II J-2,66,66 Kombi<\/p>\n","protected":false},"featured_media":0,"template":"","meta":{"site-sidebar-layout":"default","site-content-layout":"default","ast-global-header-display":"","ast-main-header-display":"","ast-hfb-above-header-display":"","ast-hfb-below-header-display":"","ast-hfb-mobile-header-display":"","site-post-title":"","ast-breadcrumbs-content":"","ast-featured-img":"","footer-sml-layout":"","theme-transparent-header-meta":"","adv-header-id-meta":"","stick-header-meta":"","header-above-stick-meta":"","header-main-stick-meta":"","header-below-stick-meta":""},"pwb-brand":[138],"product_cat":[88],"product_tag":[],"class_list":{"0":"post-69685","1":"product","2":"type-product","3":"status-publish","5":"pwb-brand-reinz","6":"product_cat-kampiakselin-tiiviste","7":"desktop-align-left","8":"tablet-align-left","9":"mobile-align-left","11":"first","12":"instock","13":"product-type-external"},"brands":[{"id":138,"name":"REINZ","slug":"reinz"}],"_links":{"self":[{"href":"https:\/\/www.autonvaraosahaku.fi\/index.php?rest_route=\/wp\/v2\/product\/69685","targetHints":{"allow":["GET"]}}],"collection":[{"href":"https:\/\/www.autonvaraosahaku.fi\/index.php?rest_route=\/wp\/v2\/product"}],"about":[{"href":"https:\/\/www.autonvaraosahaku.fi\/index.php?rest_route=\/wp\/v2\/types\/product"}],"wp:attachment":[{"href":"https:\/\/www.autonvaraosahaku.fi\/index.php?rest_route=%2Fwp%2Fv2%2Fmedia&parent=69685"}],"wp:term":[{"taxonomy":"pwb-brand","embeddable":true,"href":"https:\/\/www.autonvaraosahaku.fi\/index.php?rest_route=%2Fwp%2Fv2%2Fpwb-brand&post=69685"},{"taxonomy":"product_cat","embeddable":true,"href":"https:\/\/www.autonvaraosahaku.fi\/index.php?rest_route=%2Fwp%2Fv2%2Fproduct_cat&post=69685"},{"taxonomy":"product_tag","embeddable":true,"href":"https:\/\/www.autonvaraosahaku.fi\/index.php?rest_route=%2Fwp%2Fv2%2Fproduct_tag&post=69685"}],"curies":[{"name":"wp","href":"https:\/\/api.w.org\/{rel}","templated":true}]}}