{"id":69686,"date":"2021-02-21T19:05:26","date_gmt":"2021-02-21T19:05:26","guid":{"rendered":"https:\/\/www.autonvaraosahaku.fi\/?product=elring-507-725-kampiakselin-tiiviste"},"modified":"2021-02-21T19:05:30","modified_gmt":"2021-02-21T19:05:30","slug":"elring-507-725-kampiakselin-tiiviste","status":"publish","type":"product","link":"https:\/\/www.autonvaraosahaku.fi\/?product=elring-507-725-kampiakselin-tiiviste","title":{"rendered":"ELRING 507.725 Kampiakselin tiiviste"},"content":{"rendered":"<p>Sis\u00e4l\u00e4pimitta [mm]: 35; Ulkol\u00e4pimitta [mm]: 50; Korkeus (mm): 10; Akselitiivisteen malli: AS; Rihlamalli: Oikea kierre; Materiaali: MVQ (silikooni\/kautsu); Suojavaippa: Suojakumilla; Asennuspuoli: stirnseitig; DACIA: 1310 Stufenheck U, X,1300; RENAULT: CLIO I B\/C57_, 5\/357_,4 112_,19 II B\/C53_,SUPER 5 B\/C40_,5 122_,RAPID Kasten F40_, G40_,19 I B\/C53_,4 Kasten R21_, R23_,TRAFIC Kasten TXX,9 L42_,19 II Chamade L53_,12,11 B\/C37_,21 Stufenheck L48_,19 I Chamade L53_,8 113_,TRAFIC Kasten T1, T3, T4,CLIO I Kasten S57_,TRAFIC Bus T5, T6, T7,18 134_,11 Kasten S37_,18 Variable 135_,10 119_,5 Kasten 238_,FUEGO 136_,12 Variable 117_,21 B48_,ESTAFETTE 213_,19 II Kasten S53_,TRAFIC Pritsche\/Fahrgestell P6,19 I Kasten S53_,15 130_,18 Kasten,12 Kasten,SUPER 5 Kasten S40_; ARO: 10,SPARTANA; 7703087097, 7703087097, 7703522314; Akselitiiviste, Kampiakseli<\/p>\n","protected":false},"excerpt":{"rendered":"<p>ELRING Kampiakselin Tiiviste 507.725 Akselitiiviste, Kampiakseli DACIA,RENAULT,ARO,1310 Stufenheck U, X,1300,CLIO I B\/C57_, 5\/357_,4 112_,19 II B\/C53_<\/p>\n","protected":false},"featured_media":0,"template":"","meta":{"site-sidebar-layout":"default","site-content-layout":"default","ast-global-header-display":"","ast-main-header-display":"","ast-hfb-above-header-display":"","ast-hfb-below-header-display":"","ast-hfb-mobile-header-display":"","site-post-title":"","ast-breadcrumbs-content":"","ast-featured-img":"","footer-sml-layout":"","theme-transparent-header-meta":"","adv-header-id-meta":"","stick-header-meta":"","header-above-stick-meta":"","header-main-stick-meta":"","header-below-stick-meta":""},"pwb-brand":[26],"product_cat":[88],"product_tag":[],"class_list":{"0":"post-69686","1":"product","2":"type-product","3":"status-publish","5":"pwb-brand-elring","6":"product_cat-kampiakselin-tiiviste","7":"desktop-align-left","8":"tablet-align-left","9":"mobile-align-left","11":"first","12":"instock","13":"product-type-external"},"brands":[{"id":26,"name":"ELRING","slug":"elring"}],"_links":{"self":[{"href":"https:\/\/www.autonvaraosahaku.fi\/index.php?rest_route=\/wp\/v2\/product\/69686","targetHints":{"allow":["GET"]}}],"collection":[{"href":"https:\/\/www.autonvaraosahaku.fi\/index.php?rest_route=\/wp\/v2\/product"}],"about":[{"href":"https:\/\/www.autonvaraosahaku.fi\/index.php?rest_route=\/wp\/v2\/types\/product"}],"wp:attachment":[{"href":"https:\/\/www.autonvaraosahaku.fi\/index.php?rest_route=%2Fwp%2Fv2%2Fmedia&parent=69686"}],"wp:term":[{"taxonomy":"pwb-brand","embeddable":true,"href":"https:\/\/www.autonvaraosahaku.fi\/index.php?rest_route=%2Fwp%2Fv2%2Fpwb-brand&post=69686"},{"taxonomy":"product_cat","embeddable":true,"href":"https:\/\/www.autonvaraosahaku.fi\/index.php?rest_route=%2Fwp%2Fv2%2Fproduct_cat&post=69686"},{"taxonomy":"product_tag","embeddable":true,"href":"https:\/\/www.autonvaraosahaku.fi\/index.php?rest_route=%2Fwp%2Fv2%2Fproduct_tag&post=69686"}],"curies":[{"name":"wp","href":"https:\/\/api.w.org\/{rel}","templated":true}]}}