{"id":69689,"date":"2021-02-21T19:05:26","date_gmt":"2021-02-21T19:05:26","guid":{"rendered":"https:\/\/www.autonvaraosahaku.fi\/?product=beru-vk290p-virranjakajan-kansi"},"modified":"2021-02-21T19:05:30","modified_gmt":"2021-02-21T19:05:30","slug":"beru-vk290p-virranjakajan-kansi","status":"publish","type":"product","link":"https:\/\/www.autonvaraosahaku.fi\/?product=beru-vk290p-virranjakajan-kansi","title":{"rendered":"BERU VK290P Virranjakajan kansi"},"content":{"rendered":"<p>Valmistaja rajaus: System BOSCH; Liittimet: Saegezahn; Pinta: sis\u00e4lt\u00e4 maalattu; Virranjakaja: Liit\u00e4nt\u00e4 sahahammas; Valmistusvuosi alkaen: 10\/1981; BMW: 3 E30,3 Cabriolet E30,5 E28,3 E21; 12111284372, 12111289519, 12111362097, 13620972<\/p>\n","protected":false},"excerpt":{"rendered":"<p>BERU Virranjakajan Kansi VK290P  BMW,3 E30,3 Cabriolet E30,5 E28,3 E21<\/p>\n","protected":false},"featured_media":0,"template":"","meta":{"site-sidebar-layout":"default","site-content-layout":"default","ast-global-header-display":"","ast-main-header-display":"","ast-hfb-above-header-display":"","ast-hfb-below-header-display":"","ast-hfb-mobile-header-display":"","site-post-title":"","ast-breadcrumbs-content":"","ast-featured-img":"","footer-sml-layout":"","theme-transparent-header-meta":"","adv-header-id-meta":"","stick-header-meta":"","header-above-stick-meta":"","header-main-stick-meta":"","header-below-stick-meta":""},"pwb-brand":[327],"product_cat":[95],"product_tag":[],"class_list":{"0":"post-69689","1":"product","2":"type-product","3":"status-publish","5":"pwb-brand-beru","6":"product_cat-virranjakajan-kansi","7":"desktop-align-left","8":"tablet-align-left","9":"mobile-align-left","11":"first","12":"instock","13":"product-type-external"},"brands":[{"id":327,"name":"BERU","slug":"beru"}],"_links":{"self":[{"href":"https:\/\/www.autonvaraosahaku.fi\/index.php?rest_route=\/wp\/v2\/product\/69689","targetHints":{"allow":["GET"]}}],"collection":[{"href":"https:\/\/www.autonvaraosahaku.fi\/index.php?rest_route=\/wp\/v2\/product"}],"about":[{"href":"https:\/\/www.autonvaraosahaku.fi\/index.php?rest_route=\/wp\/v2\/types\/product"}],"wp:attachment":[{"href":"https:\/\/www.autonvaraosahaku.fi\/index.php?rest_route=%2Fwp%2Fv2%2Fmedia&parent=69689"}],"wp:term":[{"taxonomy":"pwb-brand","embeddable":true,"href":"https:\/\/www.autonvaraosahaku.fi\/index.php?rest_route=%2Fwp%2Fv2%2Fpwb-brand&post=69689"},{"taxonomy":"product_cat","embeddable":true,"href":"https:\/\/www.autonvaraosahaku.fi\/index.php?rest_route=%2Fwp%2Fv2%2Fproduct_cat&post=69689"},{"taxonomy":"product_tag","embeddable":true,"href":"https:\/\/www.autonvaraosahaku.fi\/index.php?rest_route=%2Fwp%2Fv2%2Fproduct_tag&post=69689"}],"curies":[{"name":"wp","href":"https:\/\/api.w.org\/{rel}","templated":true}]}}