{"id":69690,"date":"2021-02-21T19:05:26","date_gmt":"2021-02-21T19:05:26","guid":{"rendered":"https:\/\/www.autonvaraosahaku.fi\/?product=beru-zef466-sytytysjohto"},"modified":"2021-02-21T19:05:30","modified_gmt":"2021-02-21T19:05:30","slug":"beru-zef466-sytytysjohto","status":"publish","type":"product","link":"https:\/\/www.autonvaraosahaku.fi\/?product=beru-zef466-sytytysjohto","title":{"rendered":"BERU ZEF466 Sytytysjohto"},"content":{"rendered":"<p>DIN \/ ISO: C; Sytytystulppa: Liit\u00e4nt\u00e4 SAE; Sytytyspuola: Liit\u00e4nt\u00e4 DIN; Virranjakaja: Liit\u00e4nt\u00e4 SAE; Pituus 1 (mm): 542; Pituus 2 (mm): 710; johtojen lukum\u00e4\u00e4r\u00e4: 5; Pituus 3 [mm]: 710; Pituus 4 [mm]: 857; Valmistusvuosi alkaen: 09\/1985; MERCEDES-BENZ: 190 W201,Stufenheck W124,Stufenheck W123,KOMBI Kombi S124,G-CLASS W463,COUPE C124,G-CLASS W460,COUPE C123,G-CLASS W461,KOMBI Kombi S123,G-CLASS Cabrio W463; 1021501918, 1021502018, 1021502118, 1021502818, 1021502918, A1021501918, A1021502018, A1021502118, A1021502818, A1021502918; Sytytysjohtosarja,Sytytyskaapeli<\/p>\n","protected":false},"excerpt":{"rendered":"<p>BERU Sytytysjohto ZEF466 Sytytysjohtosarja,Sytytyskaapeli MERCEDES-BENZ,190 W201,Stufenheck W124,Stufenheck W123,KOMBI Kombi S124,G-CLASS W463<\/p>\n","protected":false},"featured_media":0,"template":"","meta":{"site-sidebar-layout":"default","site-content-layout":"default","ast-global-header-display":"","ast-main-header-display":"","ast-hfb-above-header-display":"","ast-hfb-below-header-display":"","ast-hfb-mobile-header-display":"","site-post-title":"","ast-breadcrumbs-content":"","ast-featured-img":"","footer-sml-layout":"","theme-transparent-header-meta":"","adv-header-id-meta":"","stick-header-meta":"","header-above-stick-meta":"","header-main-stick-meta":"","header-below-stick-meta":""},"pwb-brand":[327],"product_cat":[198],"product_tag":[],"class_list":{"0":"post-69690","1":"product","2":"type-product","3":"status-publish","5":"pwb-brand-beru","6":"product_cat-sytytysjohto","7":"desktop-align-left","8":"tablet-align-left","9":"mobile-align-left","11":"first","12":"instock","13":"product-type-external"},"brands":[{"id":327,"name":"BERU","slug":"beru"}],"_links":{"self":[{"href":"https:\/\/www.autonvaraosahaku.fi\/index.php?rest_route=\/wp\/v2\/product\/69690","targetHints":{"allow":["GET"]}}],"collection":[{"href":"https:\/\/www.autonvaraosahaku.fi\/index.php?rest_route=\/wp\/v2\/product"}],"about":[{"href":"https:\/\/www.autonvaraosahaku.fi\/index.php?rest_route=\/wp\/v2\/types\/product"}],"wp:attachment":[{"href":"https:\/\/www.autonvaraosahaku.fi\/index.php?rest_route=%2Fwp%2Fv2%2Fmedia&parent=69690"}],"wp:term":[{"taxonomy":"pwb-brand","embeddable":true,"href":"https:\/\/www.autonvaraosahaku.fi\/index.php?rest_route=%2Fwp%2Fv2%2Fpwb-brand&post=69690"},{"taxonomy":"product_cat","embeddable":true,"href":"https:\/\/www.autonvaraosahaku.fi\/index.php?rest_route=%2Fwp%2Fv2%2Fproduct_cat&post=69690"},{"taxonomy":"product_tag","embeddable":true,"href":"https:\/\/www.autonvaraosahaku.fi\/index.php?rest_route=%2Fwp%2Fv2%2Fproduct_tag&post=69690"}],"curies":[{"name":"wp","href":"https:\/\/api.w.org\/{rel}","templated":true}]}}