{"id":69692,"date":"2021-02-21T19:05:31","date_gmt":"2021-02-21T19:05:31","guid":{"rendered":"https:\/\/www.autonvaraosahaku.fi\/?product=beru-zse031-sytytyspuola"},"modified":"2021-02-21T19:05:32","modified_gmt":"2021-02-21T19:05:32","slug":"beru-zse031-sytytyspuola","status":"publish","type":"product","link":"https:\/\/www.autonvaraosahaku.fi\/?product=beru-zse031-sytytyspuola","title":{"rendered":"BERU ZSE031 Sytytyspuola"},"content":{"rendered":"<p>Liittimet: SAE-Kontaktfeder, Spark Spring; Sytytyspuola: Liit\u00e4nt\u00e4 SAE, Sytytystulppakoskettimella; Liittimi\u00e4: 1; J\u00e4nnite (V): 12; Napojen m\u00e4\u00e4r\u00e4: 4; Pituus, sis. liittimen [cm]: 16; Tarvittava kappalem\u00e4\u00e4r\u00e4: 8; VW: PASSAT Variant 3B6,TOUAREG 7LA, 7L6, 7L7,PASSAT 3B3,PHAETON 3D_; AUDI: A8 4E_,A8 4D2, 4D8; BENTLEY: CONTINENTAL Coupe 3W_,CONTINENTAL Cabriolet 3W_,CONTINENTAL FLYING SPUR 3W_,FLYING SPUR 3W_; 07C905115, 07C905115C, 07C905115E, 07C905115H, 07C905115J, 07C905715A, 07C905115, 07C905115C, 07C905115D, 07C905115J, 07C905715, 07C905715A<\/p>\n","protected":false},"excerpt":{"rendered":"<p>BERU Sytytyspuola ZSE031  VW,AUDI,BENTLEY,PASSAT Variant 3B6,TOUAREG 7LA, 7L6, 7L7,PASSAT 3B3,PHAETON 3D_,A8 4E_,A8 4D2, 4D8,CONTINENTAL Coupe 3W_<\/p>\n","protected":false},"featured_media":0,"template":"","meta":{"site-sidebar-layout":"default","site-content-layout":"default","ast-global-header-display":"","ast-main-header-display":"","ast-hfb-above-header-display":"","ast-hfb-below-header-display":"","ast-hfb-mobile-header-display":"","site-post-title":"","ast-breadcrumbs-content":"","ast-featured-img":"","footer-sml-layout":"","theme-transparent-header-meta":"","adv-header-id-meta":"","stick-header-meta":"","header-above-stick-meta":"","header-main-stick-meta":"","header-below-stick-meta":""},"pwb-brand":[327],"product_cat":[25],"product_tag":[],"class_list":{"0":"post-69692","1":"product","2":"type-product","3":"status-publish","5":"pwb-brand-beru","6":"product_cat-sytytyspuola","7":"desktop-align-left","8":"tablet-align-left","9":"mobile-align-left","11":"first","12":"instock","13":"product-type-external"},"brands":[{"id":327,"name":"BERU","slug":"beru"}],"_links":{"self":[{"href":"https:\/\/www.autonvaraosahaku.fi\/index.php?rest_route=\/wp\/v2\/product\/69692","targetHints":{"allow":["GET"]}}],"collection":[{"href":"https:\/\/www.autonvaraosahaku.fi\/index.php?rest_route=\/wp\/v2\/product"}],"about":[{"href":"https:\/\/www.autonvaraosahaku.fi\/index.php?rest_route=\/wp\/v2\/types\/product"}],"wp:attachment":[{"href":"https:\/\/www.autonvaraosahaku.fi\/index.php?rest_route=%2Fwp%2Fv2%2Fmedia&parent=69692"}],"wp:term":[{"taxonomy":"pwb-brand","embeddable":true,"href":"https:\/\/www.autonvaraosahaku.fi\/index.php?rest_route=%2Fwp%2Fv2%2Fpwb-brand&post=69692"},{"taxonomy":"product_cat","embeddable":true,"href":"https:\/\/www.autonvaraosahaku.fi\/index.php?rest_route=%2Fwp%2Fv2%2Fproduct_cat&post=69692"},{"taxonomy":"product_tag","embeddable":true,"href":"https:\/\/www.autonvaraosahaku.fi\/index.php?rest_route=%2Fwp%2Fv2%2Fproduct_tag&post=69692"}],"curies":[{"name":"wp","href":"https:\/\/api.w.org\/{rel}","templated":true}]}}