{"id":69693,"date":"2021-02-21T19:05:31","date_gmt":"2021-02-21T19:05:31","guid":{"rendered":"https:\/\/www.autonvaraosahaku.fi\/?product=beru-z209-sytytystulpat"},"modified":"2021-02-21T19:05:32","modified_gmt":"2021-02-21T19:05:32","slug":"beru-z209-sytytystulpat","status":"publish","type":"product","link":"https:\/\/www.autonvaraosahaku.fi\/?product=beru-z209-sytytystulpat","title":{"rendered":"BERU Z209 Sytytystulpat"},"content":{"rendered":"<p>K\u00e4rkiv\u00e4li (mm): 1,3; Liittimet: SAE; Kierremitta: M14x1,25; Avainv\u00e4li: 16 mm; Sytytystulppa: 1-maaelektroodi, kartioistukalla; Kierteen pituus (mm): 17,5; Teknisten tietojen numero: 14 KR-6 DPUV02; Itsepalvelupakattu, katso osaluettelo: ; Kiristysmomentti > [Nm]: 10; Kiristysmomentti enint\u00e4\u00e4n [Nm]: 20; Tuotelinja: ULTRA; Tarvittava kappalem\u00e4\u00e4r\u00e4: 12; MAZDA: 6 Station Wagon GY,6 Hatchback GG,6 GG; VOLVO: V50 MW,V70 III BW,C30,S40 II MS,S80 II AS; JAGUAR: S-TYPE CCX,XF _J05_, CC9,X-TYPE CF1,X-TYPE Estate,XJ X350, X358,XJ X35_, _J12_, _J24_; FORD: FIESTA V JH_, JD_,MONDEO III Kombi BWY,FOCUS II Kombi DA_,FIESTA VI,MONDEO IV Turnier BA7,FOCUS II DA_,S-MAX WA6,FOCUS C-MAX,GALAXY WA6,MONDEO III B5Y,C-MAX DM2,MAVERICK,C-MAX II,MONDEO IV BA7,MONDEO III Stufenheck B4Y,MONDEO II Kombi BNP,FOCUS II Stufenheck DA_,B-MAX JK,FOCUS II Cabriolet,MONDEO II BAP,MONDEO IV Stufenheck BA7,MONDEO II Stufenheck BFP; LINCOLN: LS; ASTON MARTIN: DB9 Vantage,VANTAGE Vantage,DB9 Volante,DB7 Vantage,RAPIDE,DBS Vantage,VANQUISH R2_,VIRAGE Volante,VIRAGE Vantage; MORGAN: PLUS FOUR,ROADSTER Cabriolet; 1128053, 1204572, 1307093, 1315691, 1369704, 1S7J12405DA, 1S7J12405EB, 5M5G12405AA, L81318110; Tulpat,Sytytystulppa<\/p>\n","protected":false},"excerpt":{"rendered":"<p>BERU Sytytystulpat Z209 Tulpat,Sytytystulppa MAZDA,VOLVO,JAGUAR,6 Station Wagon GY,6 Hatchback GG,6 GG,V50 MW,V70 III BW,C30,S40 II MS,S80 II AS<\/p>\n","protected":false},"featured_media":0,"template":"","meta":{"site-sidebar-layout":"default","site-content-layout":"default","ast-global-header-display":"","ast-main-header-display":"","ast-hfb-above-header-display":"","ast-hfb-below-header-display":"","ast-hfb-mobile-header-display":"","site-post-title":"","ast-breadcrumbs-content":"","ast-featured-img":"","footer-sml-layout":"","theme-transparent-header-meta":"","adv-header-id-meta":"","stick-header-meta":"","header-above-stick-meta":"","header-main-stick-meta":"","header-below-stick-meta":""},"pwb-brand":[327],"product_cat":[165],"product_tag":[],"class_list":{"0":"post-69693","1":"product","2":"type-product","3":"status-publish","5":"pwb-brand-beru","6":"product_cat-sytytystulpat","7":"desktop-align-left","8":"tablet-align-left","9":"mobile-align-left","11":"first","12":"instock","13":"product-type-external"},"brands":[{"id":327,"name":"BERU","slug":"beru"}],"_links":{"self":[{"href":"https:\/\/www.autonvaraosahaku.fi\/index.php?rest_route=\/wp\/v2\/product\/69693","targetHints":{"allow":["GET"]}}],"collection":[{"href":"https:\/\/www.autonvaraosahaku.fi\/index.php?rest_route=\/wp\/v2\/product"}],"about":[{"href":"https:\/\/www.autonvaraosahaku.fi\/index.php?rest_route=\/wp\/v2\/types\/product"}],"wp:attachment":[{"href":"https:\/\/www.autonvaraosahaku.fi\/index.php?rest_route=%2Fwp%2Fv2%2Fmedia&parent=69693"}],"wp:term":[{"taxonomy":"pwb-brand","embeddable":true,"href":"https:\/\/www.autonvaraosahaku.fi\/index.php?rest_route=%2Fwp%2Fv2%2Fpwb-brand&post=69693"},{"taxonomy":"product_cat","embeddable":true,"href":"https:\/\/www.autonvaraosahaku.fi\/index.php?rest_route=%2Fwp%2Fv2%2Fproduct_cat&post=69693"},{"taxonomy":"product_tag","embeddable":true,"href":"https:\/\/www.autonvaraosahaku.fi\/index.php?rest_route=%2Fwp%2Fv2%2Fproduct_tag&post=69693"}],"curies":[{"name":"wp","href":"https:\/\/api.w.org\/{rel}","templated":true}]}}