{"id":69694,"date":"2021-02-21T19:05:31","date_gmt":"2021-02-21T19:05:31","guid":{"rendered":"https:\/\/www.autonvaraosahaku.fi\/?product=beru-z221-sytytystulpat"},"modified":"2021-02-21T19:05:32","modified_gmt":"2021-02-21T19:05:32","slug":"beru-z221-sytytystulpat","status":"publish","type":"product","link":"https:\/\/www.autonvaraosahaku.fi\/?product=beru-z221-sytytystulpat","title":{"rendered":"BERU Z221 Sytytystulpat"},"content":{"rendered":"<p>K\u00e4rkiv\u00e4li (mm): 1; Liittimet: SAE; Kierremitta: M14x1,25; Avainv\u00e4li: 16 mm; Sytytystulppa: 1-maaelektroodi, suoralla istukalla; Kierteen pituus (mm): 19; Teknisten tietojen numero: 14 FR-6 DPUX02; Itsepalvelupakattu, katso osaluettelo: ; Kiristysmomentti > [Nm]: 20; Kiristysmomentti enint\u00e4\u00e4n [Nm]: 30; Tuotelinja: ULTRA; TECDOC-moottorinumero: 1323; VW: PASSAT Variant 3C5,GOLF PLUS 5M1, 521,PASSAT 3C2,EOS 1F7, 1F8,JETTA III 1K2; AUDI: A3 8P1,A3 Sportback 8PA; SKODA: OCTAVIA Combi 1Z5,OCTAVIA 1Z3; SEAT: LEON 1P1,ALTEA 5P1,ALTEA XL 5P5, 5P8,TOLEDO III 5P2; CHEVROLET: EPICA KL1_; NISSAN: ALMERA TINO V10,PRIMERA P11,PRIMERA Traveller WP11,PRIMERA Hatchback P11,200 SX S13,200 SX S14,MAXIMA QX A33,300 ZX Z32,MAXIMA QX A32,SUNNY II Coupe B12,PULSAR V Schr\u00e4gheck N14,SUNNY II Hatchback N13,BLUEBIRD T72 , T12,BLUEBIRD Hatchback T72, T12,180 SX Coupe S13,SUNNY II N13,MAXIMA Station Wagon; KIA: SORENTO I JC,CARNIVAL II GQ,MAGENTIS GD,OPIRUS GH; LEXUS: RX MHU3_, GSU3_, MCU3_,IS I JCE1_, GXE1_,GS UZS161, JZS160,IS SportCross,RX MCU15; HONDA: PRELUDE V BB,INTEGRA Coupe DC2, DC4,LEGEND III KA9,LEGEND II Coupe KA8,NSX Coupe NA,LEGEND II KA7,NSX Cabriolet NA; LAND ROVER: FREELANDER LN,FREELANDER Soft Top; 1000996, 959F12405AA, 2240153J13, 2240153J66, 2240158S16, 9188681, 9399866; Tulpat,Sytytystulppa<\/p>\n","protected":false},"excerpt":{"rendered":"<p>BERU Sytytystulpat Z221 Tulpat,Sytytystulppa VW,AUDI,SKODA,PASSAT Variant 3C5,GOLF PLUS 5M1, 521,PASSAT 3C2,EOS 1F7, 1F8,JETTA III 1K2,A3 8P1<\/p>\n","protected":false},"featured_media":0,"template":"","meta":{"site-sidebar-layout":"default","site-content-layout":"default","ast-global-header-display":"","ast-main-header-display":"","ast-hfb-above-header-display":"","ast-hfb-below-header-display":"","ast-hfb-mobile-header-display":"","site-post-title":"","ast-breadcrumbs-content":"","ast-featured-img":"","footer-sml-layout":"","theme-transparent-header-meta":"","adv-header-id-meta":"","stick-header-meta":"","header-above-stick-meta":"","header-main-stick-meta":"","header-below-stick-meta":""},"pwb-brand":[327],"product_cat":[165],"product_tag":[],"class_list":{"0":"post-69694","1":"product","2":"type-product","3":"status-publish","5":"pwb-brand-beru","6":"product_cat-sytytystulpat","7":"desktop-align-left","8":"tablet-align-left","9":"mobile-align-left","11":"first","12":"instock","13":"product-type-external"},"brands":[{"id":327,"name":"BERU","slug":"beru"}],"_links":{"self":[{"href":"https:\/\/www.autonvaraosahaku.fi\/index.php?rest_route=\/wp\/v2\/product\/69694","targetHints":{"allow":["GET"]}}],"collection":[{"href":"https:\/\/www.autonvaraosahaku.fi\/index.php?rest_route=\/wp\/v2\/product"}],"about":[{"href":"https:\/\/www.autonvaraosahaku.fi\/index.php?rest_route=\/wp\/v2\/types\/product"}],"wp:attachment":[{"href":"https:\/\/www.autonvaraosahaku.fi\/index.php?rest_route=%2Fwp%2Fv2%2Fmedia&parent=69694"}],"wp:term":[{"taxonomy":"pwb-brand","embeddable":true,"href":"https:\/\/www.autonvaraosahaku.fi\/index.php?rest_route=%2Fwp%2Fv2%2Fpwb-brand&post=69694"},{"taxonomy":"product_cat","embeddable":true,"href":"https:\/\/www.autonvaraosahaku.fi\/index.php?rest_route=%2Fwp%2Fv2%2Fproduct_cat&post=69694"},{"taxonomy":"product_tag","embeddable":true,"href":"https:\/\/www.autonvaraosahaku.fi\/index.php?rest_route=%2Fwp%2Fv2%2Fproduct_tag&post=69694"}],"curies":[{"name":"wp","href":"https:\/\/api.w.org\/{rel}","templated":true}]}}