{"id":69737,"date":"2021-02-21T19:05:42","date_gmt":"2021-02-21T19:05:42","guid":{"rendered":"https:\/\/www.autonvaraosahaku.fi\/?product=ate-24-0113-0185-1-jarrulevyt"},"modified":"2021-02-21T19:05:43","modified_gmt":"2021-02-21T19:05:43","slug":"ate-24-0113-0185-1-jarrulevyt","status":"publish","type":"product","link":"https:\/\/www.autonvaraosahaku.fi\/?product=ate-24-0113-0185-1-jarrulevyt","title":{"rendered":"ATE 24.0113-0185.1 Jarrulevyt"},"content":{"rendered":"<p>Ulkol\u00e4pimitta [mm]: 247,5; Jarrulevyn paksuus (mm): 13,0; V\u00e4himm\u00e4ispaksuus (mm): 11,0; Jarrulevytyyppi: Vakiomalli; Pinta: pinnoitettu; Reikien m\u00e4\u00e4r\u00e4: 4; Reik\u00e4ympyr\u00e4-\u00d8 [mm]: 108,0; Korkeus (mm): 34,2; keskitt\u00e4misl\u00e4pimitta [mm]: 66,0; Sis\u00e4l\u00e4pimitta [mm]: 133,0; Reik\u00e4-\u00d8 [mm]: 13,0; Korvaava tuote\/korvaava tiedote 2: Ruuveilla; MAPP-koodi saatavilla: ; Tarkistuskilpi: E1 90R-02C0165\/0998; Valmistusvuosi alkaen: 05\/1997; PEUGEOT: 206 Schr\u00e4gheck 2A\/C,206 SW 2E\/K,206+ T3E,306 Schr\u00e4gheck 7A, 7C, N3, N5,306 7B, N3, N5,206 Stufenheck,206 Van,306 Van N_, 7_,306 Kasten\/Schr\u00e4gheck; CITRO\u00cbN: XSARA N1,XSARA Coupe N0,XSARA Kasten\/Schr\u00e4gheck; 4246R9, 4246R8, 4249A5; Jarrulevy<\/p>\n","protected":false},"excerpt":{"rendered":"<p>ATE Jarrulevyt 24.0113-0185.1 Jarrulevy PEUGEOT,CITRO\u00cbN,206 Schr\u00e4gheck 2A\/C,206 SW 2E\/K,206+ T3E,306 Schr\u00e4gheck 7A, 7C, N3, N5,306 7B, N3, N5<\/p>\n","protected":false},"featured_media":0,"template":"","meta":{"site-sidebar-layout":"default","site-content-layout":"default","ast-global-header-display":"","ast-main-header-display":"","ast-hfb-above-header-display":"","ast-hfb-below-header-display":"","ast-hfb-mobile-header-display":"","site-post-title":"","ast-breadcrumbs-content":"","ast-featured-img":"","footer-sml-layout":"","theme-transparent-header-meta":"","adv-header-id-meta":"","stick-header-meta":"","header-above-stick-meta":"","header-main-stick-meta":"","header-below-stick-meta":""},"pwb-brand":[108],"product_cat":[66],"product_tag":[],"class_list":{"0":"post-69737","1":"product","2":"type-product","3":"status-publish","5":"pwb-brand-ate","6":"product_cat-jarrulevyt","7":"desktop-align-left","8":"tablet-align-left","9":"mobile-align-left","11":"first","12":"instock","13":"product-type-external"},"brands":[{"id":108,"name":"ATE","slug":"ate"}],"_links":{"self":[{"href":"https:\/\/www.autonvaraosahaku.fi\/index.php?rest_route=\/wp\/v2\/product\/69737","targetHints":{"allow":["GET"]}}],"collection":[{"href":"https:\/\/www.autonvaraosahaku.fi\/index.php?rest_route=\/wp\/v2\/product"}],"about":[{"href":"https:\/\/www.autonvaraosahaku.fi\/index.php?rest_route=\/wp\/v2\/types\/product"}],"wp:attachment":[{"href":"https:\/\/www.autonvaraosahaku.fi\/index.php?rest_route=%2Fwp%2Fv2%2Fmedia&parent=69737"}],"wp:term":[{"taxonomy":"pwb-brand","embeddable":true,"href":"https:\/\/www.autonvaraosahaku.fi\/index.php?rest_route=%2Fwp%2Fv2%2Fpwb-brand&post=69737"},{"taxonomy":"product_cat","embeddable":true,"href":"https:\/\/www.autonvaraosahaku.fi\/index.php?rest_route=%2Fwp%2Fv2%2Fproduct_cat&post=69737"},{"taxonomy":"product_tag","embeddable":true,"href":"https:\/\/www.autonvaraosahaku.fi\/index.php?rest_route=%2Fwp%2Fv2%2Fproduct_tag&post=69737"}],"curies":[{"name":"wp","href":"https:\/\/api.w.org\/{rel}","templated":true}]}}