{"id":69743,"date":"2021-02-21T19:05:42","date_gmt":"2021-02-21T19:05:42","guid":{"rendered":"https:\/\/www.autonvaraosahaku.fi\/?product=febi-bilstein-10618-jarrulevyt"},"modified":"2021-02-21T19:05:45","modified_gmt":"2021-02-21T19:05:45","slug":"febi-bilstein-10618-jarrulevyt","status":"publish","type":"product","link":"https:\/\/www.autonvaraosahaku.fi\/?product=febi-bilstein-10618-jarrulevyt","title":{"rendered":"FEBI BILSTEIN 10618 Jarrulevyt"},"content":{"rendered":"<p>Jarrulevyn paksuus (mm): 11,9; Kiinnitysreikien lukum\u00e4\u00e4r\u00e4: 4, 2; Paksuus [mm]: 40,4; Ulkol\u00e4pimitta [mm]: 257,5; Reik\u00e4ympyr\u00e4-\u00d8 [mm]: 98; Pinta: pinnoitettu; Jarrulevytyyppi: Vakiomalli; Asennuspuoli: Etuakseli; V\u00e4himm\u00e4ispaksuus (mm): 10,2; Paino [kg]: 4,24; keskitt\u00e4misl\u00e4pimitta [mm]: 59, 59; Jarru-\/ajodynamiikka: f\u00fcr Fahrzeuge mit ABS; LANCIA: YPSILON 843,Y 840A,DELTA II 836,DEDRA 835,DEDRA SW 835; FIAT: PUNTO 188,PUNTO 176,PANDA 312,PUNTO Van 188AX,BRAVO I 182,BRAVA 182,PUNTO Cabriolet 176C,MAREA Weekend 185,TIPO 160,MAREA 185,TEMPRA 159,PUNTO Van 176L,TEMPRA S.W. 159,PANDA VAN 312; ALFA ROMEO: 145 930,155 167,146 930; 60808872, 71738373, 0051859075, 51859075, 71738373, 0046554302, 0060808872, 46554302, 46820655, 51859075, 51866264, 51866265, 60808872, 71738373, 71772241, 7545556, 7645055, 7645556, 7663466, 92498609, 46554302, 46820655, 51859075, 51866265, 71738373, 7645055, 7663466; Jarrulevy<\/p>\n","protected":false},"excerpt":{"rendered":"<p>FEBI BILSTEIN Jarrulevyt 10618 Jarrulevy LANCIA,FIAT,ALFA ROMEO,YPSILON 843,Y 840A,DELTA II 836,DEDRA 835,DEDRA SW 835,PUNTO 188,PUNTO 176,PANDA 312<\/p>\n","protected":false},"featured_media":0,"template":"","meta":{"site-sidebar-layout":"default","site-content-layout":"default","ast-global-header-display":"","ast-main-header-display":"","ast-hfb-above-header-display":"","ast-hfb-below-header-display":"","ast-hfb-mobile-header-display":"","site-post-title":"","ast-breadcrumbs-content":"","ast-featured-img":"","footer-sml-layout":"","theme-transparent-header-meta":"","adv-header-id-meta":"","stick-header-meta":"","header-above-stick-meta":"","header-main-stick-meta":"","header-below-stick-meta":""},"pwb-brand":[50],"product_cat":[66],"product_tag":[],"class_list":{"0":"post-69743","1":"product","2":"type-product","3":"status-publish","5":"pwb-brand-febi-bilstein","6":"product_cat-jarrulevyt","7":"desktop-align-left","8":"tablet-align-left","9":"mobile-align-left","11":"first","12":"instock","13":"product-type-external"},"brands":[{"id":50,"name":"FEBI BILSTEIN","slug":"febi-bilstein"}],"_links":{"self":[{"href":"https:\/\/www.autonvaraosahaku.fi\/index.php?rest_route=\/wp\/v2\/product\/69743","targetHints":{"allow":["GET"]}}],"collection":[{"href":"https:\/\/www.autonvaraosahaku.fi\/index.php?rest_route=\/wp\/v2\/product"}],"about":[{"href":"https:\/\/www.autonvaraosahaku.fi\/index.php?rest_route=\/wp\/v2\/types\/product"}],"wp:attachment":[{"href":"https:\/\/www.autonvaraosahaku.fi\/index.php?rest_route=%2Fwp%2Fv2%2Fmedia&parent=69743"}],"wp:term":[{"taxonomy":"pwb-brand","embeddable":true,"href":"https:\/\/www.autonvaraosahaku.fi\/index.php?rest_route=%2Fwp%2Fv2%2Fpwb-brand&post=69743"},{"taxonomy":"product_cat","embeddable":true,"href":"https:\/\/www.autonvaraosahaku.fi\/index.php?rest_route=%2Fwp%2Fv2%2Fproduct_cat&post=69743"},{"taxonomy":"product_tag","embeddable":true,"href":"https:\/\/www.autonvaraosahaku.fi\/index.php?rest_route=%2Fwp%2Fv2%2Fproduct_tag&post=69743"}],"curies":[{"name":"wp","href":"https:\/\/api.w.org\/{rel}","templated":true}]}}