{"id":69747,"date":"2021-02-21T19:05:42","date_gmt":"2021-02-21T19:05:42","guid":{"rendered":"https:\/\/www.autonvaraosahaku.fi\/?product=febi-bilstein-10617-jarrulevyt"},"modified":"2021-02-21T19:05:45","modified_gmt":"2021-02-21T19:05:45","slug":"febi-bilstein-10617-jarrulevyt","status":"publish","type":"product","link":"https:\/\/www.autonvaraosahaku.fi\/?product=febi-bilstein-10617-jarrulevyt","title":{"rendered":"FEBI BILSTEIN 10617 Jarrulevyt"},"content":{"rendered":"<p>Jarrulevyn paksuus (mm): 20; Kiinnitysreikien lukum\u00e4\u00e4r\u00e4: 4; Paksuus [mm]: 40,5; Ulkol\u00e4pimitta [mm]: 257,0; Reik\u00e4ympyr\u00e4-\u00d8 [mm]: 98; Pinta: pinnoitettu; Jarrulevytyyppi: Tuuletettu, sis\u00e4; Asennuspuoli: Etuakseli; V\u00e4himm\u00e4ispaksuus (mm): 18,2; Paino [kg]: 4,870; keskitt\u00e4misl\u00e4pimitta [mm]: 59, 59; Vuosimallista: 1994; LANCIA: DELTA II 836,DEDRA 835,DEDRA SW 835; FIAT: PUNTO 188,BARCHETTA 183,DOBLO Cargo 223,PUNTO 176,DOBLO 119,STRADA Pick-up 178E,PUNTO Van 188AX,BRAVO I 182,BRAVA 182,MAREA Weekend 185,PALIO Weekend 178DX,TIPO 160,STRADA Pick-up 578_,MAREA 185,TEMPRA 159,TEMPRA S.W. 159,PALIO 178BX,SIENA 178_; ALFA ROMEO: 145 930,155 167,146 930; 46423415, 60806137, 60810076, 60811266, 61810076, 61811266, 7645056, 0060811256, 46416712, 46423415, 51749124, 60806137, 60811256, 60811266, 71738145, 71770936, 71772239, 7645056, 7779409, 46416712, 46423415, 60806137, 60811256, 7645056; Jarrulevy<\/p>\n","protected":false},"excerpt":{"rendered":"<p>FEBI BILSTEIN Jarrulevyt 10617 Jarrulevy LANCIA,FIAT,ALFA ROMEO,DELTA II 836,DEDRA 835,DEDRA SW 835,PUNTO 188,BARCHETTA 183,DOBLO Cargo 223,PUNTO 176<\/p>\n","protected":false},"featured_media":0,"template":"","meta":{"site-sidebar-layout":"default","site-content-layout":"default","ast-global-header-display":"","ast-main-header-display":"","ast-hfb-above-header-display":"","ast-hfb-below-header-display":"","ast-hfb-mobile-header-display":"","site-post-title":"","ast-breadcrumbs-content":"","ast-featured-img":"","footer-sml-layout":"","theme-transparent-header-meta":"","adv-header-id-meta":"","stick-header-meta":"","header-above-stick-meta":"","header-main-stick-meta":"","header-below-stick-meta":""},"pwb-brand":[50],"product_cat":[66],"product_tag":[],"class_list":{"0":"post-69747","1":"product","2":"type-product","3":"status-publish","5":"pwb-brand-febi-bilstein","6":"product_cat-jarrulevyt","7":"desktop-align-left","8":"tablet-align-left","9":"mobile-align-left","11":"first","12":"instock","13":"product-type-external"},"brands":[{"id":50,"name":"FEBI BILSTEIN","slug":"febi-bilstein"}],"_links":{"self":[{"href":"https:\/\/www.autonvaraosahaku.fi\/index.php?rest_route=\/wp\/v2\/product\/69747","targetHints":{"allow":["GET"]}}],"collection":[{"href":"https:\/\/www.autonvaraosahaku.fi\/index.php?rest_route=\/wp\/v2\/product"}],"about":[{"href":"https:\/\/www.autonvaraosahaku.fi\/index.php?rest_route=\/wp\/v2\/types\/product"}],"wp:attachment":[{"href":"https:\/\/www.autonvaraosahaku.fi\/index.php?rest_route=%2Fwp%2Fv2%2Fmedia&parent=69747"}],"wp:term":[{"taxonomy":"pwb-brand","embeddable":true,"href":"https:\/\/www.autonvaraosahaku.fi\/index.php?rest_route=%2Fwp%2Fv2%2Fpwb-brand&post=69747"},{"taxonomy":"product_cat","embeddable":true,"href":"https:\/\/www.autonvaraosahaku.fi\/index.php?rest_route=%2Fwp%2Fv2%2Fproduct_cat&post=69747"},{"taxonomy":"product_tag","embeddable":true,"href":"https:\/\/www.autonvaraosahaku.fi\/index.php?rest_route=%2Fwp%2Fv2%2Fproduct_tag&post=69747"}],"curies":[{"name":"wp","href":"https:\/\/api.w.org\/{rel}","templated":true}]}}