{"id":69765,"date":"2021-02-21T19:05:47","date_gmt":"2021-02-21T19:05:47","guid":{"rendered":"https:\/\/www.autonvaraosahaku.fi\/?product=meyle-016-035-0038-koiranluu"},"modified":"2021-02-21T19:05:50","modified_gmt":"2021-02-21T19:05:50","slug":"meyle-016-035-0038-koiranluu","status":"publish","type":"product","link":"https:\/\/www.autonvaraosahaku.fi\/?product=meyle-016-035-0038-koiranluu","title":{"rendered":"MEYLE 016 035 0038 Koiranluu"},"content":{"rendered":"<p>Asennuspuoli: Yl\u00e4puolella, Taka-akseli, oikea, Taka-akseli, vasen, Takana; Tanko \/ tuki: Camber-tanko; Pituus (mm): 298; Materiaali: Ter\u00e4slevy; M\u00e4\u00e4r\u00e4yksikk\u00f6: Kappale; lis\u00e4tieto: ORIGINAL Quality; MERCEDES-BENZ: C-CLASS W203,C-CLASS T-Model S203,C-CLASS W202,190 W201,SLK R170,E-CLASS W210,C-CLASS Coupe CL203,Stufenheck W124,E-CLASS Kombi S210,SLK R171,CLK C208,SL R129,CLK C209,C-CLASS Kombi S202,KOMBI Kombi S124,E-CLASS W124,CLK Cabriolet A208,COUPE C124,CLK Cabriolet A209,E-CLASS Kombi S124,CLC-CLASS CL203,E-CLASS Cabriolet A124,E-CLASS Coupe C124,CABRIOLET A124; CHRYSLER: CROSSFIRE,CROSSFIRE Roadster; K05099786AA, 1243500806, 1243505906, 1243507006, 1243507606, 1243507706, 1293500406, 1293500506, 2103501606, 2103501706, 2103502406, 2103502506, 2103503406, 2103503506<\/p>\n","protected":false},"excerpt":{"rendered":"<p>MEYLE Tanko, Py\u00f6r\u00e4nripustus 016 035 0038  MERCEDES-BENZ,CHRYSLER,C-CLASS W203,C-CLASS T-Model S203,C-CLASS W202,190 W201,SLK R170,E-CLASS W210<\/p>\n","protected":false},"featured_media":0,"template":"","meta":{"site-sidebar-layout":"default","site-content-layout":"default","ast-global-header-display":"","ast-main-header-display":"","ast-hfb-above-header-display":"","ast-hfb-below-header-display":"","ast-hfb-mobile-header-display":"","site-post-title":"","ast-breadcrumbs-content":"","ast-featured-img":"","footer-sml-layout":"","theme-transparent-header-meta":"","adv-header-id-meta":"","stick-header-meta":"","header-above-stick-meta":"","header-main-stick-meta":"","header-below-stick-meta":""},"pwb-brand":[84],"product_cat":[38],"product_tag":[],"class_list":{"0":"post-69765","1":"product","2":"type-product","3":"status-publish","5":"pwb-brand-meyle","6":"product_cat-koiranluu","7":"desktop-align-left","8":"tablet-align-left","9":"mobile-align-left","11":"first","12":"instock","13":"product-type-external"},"brands":[{"id":84,"name":"MEYLE","slug":"meyle"}],"_links":{"self":[{"href":"https:\/\/www.autonvaraosahaku.fi\/index.php?rest_route=\/wp\/v2\/product\/69765","targetHints":{"allow":["GET"]}}],"collection":[{"href":"https:\/\/www.autonvaraosahaku.fi\/index.php?rest_route=\/wp\/v2\/product"}],"about":[{"href":"https:\/\/www.autonvaraosahaku.fi\/index.php?rest_route=\/wp\/v2\/types\/product"}],"wp:attachment":[{"href":"https:\/\/www.autonvaraosahaku.fi\/index.php?rest_route=%2Fwp%2Fv2%2Fmedia&parent=69765"}],"wp:term":[{"taxonomy":"pwb-brand","embeddable":true,"href":"https:\/\/www.autonvaraosahaku.fi\/index.php?rest_route=%2Fwp%2Fv2%2Fpwb-brand&post=69765"},{"taxonomy":"product_cat","embeddable":true,"href":"https:\/\/www.autonvaraosahaku.fi\/index.php?rest_route=%2Fwp%2Fv2%2Fproduct_cat&post=69765"},{"taxonomy":"product_tag","embeddable":true,"href":"https:\/\/www.autonvaraosahaku.fi\/index.php?rest_route=%2Fwp%2Fv2%2Fproduct_tag&post=69765"}],"curies":[{"name":"wp","href":"https:\/\/api.w.org\/{rel}","templated":true}]}}