{"id":69796,"date":"2021-02-21T19:05:58","date_gmt":"2021-02-21T19:05:58","guid":{"rendered":"https:\/\/www.autonvaraosahaku.fi\/?product=corteco-12015268b-kampiakselin-tiiviste"},"modified":"2021-02-21T19:05:59","modified_gmt":"2021-02-21T19:05:59","slug":"corteco-12015268b-kampiakselin-tiiviste","status":"publish","type":"product","link":"https:\/\/www.autonvaraosahaku.fi\/?product=corteco-12015268b-kampiakselin-tiiviste","title":{"rendered":"CORTECO 12015268B Kampiakselin tiiviste"},"content":{"rendered":"<p>Sis\u00e4l\u00e4pimitta 1 [mm]: 74; Ulkol\u00e4pimitta 1 [mm]: 88; Korkeus 1 (mm): 8; Materiaali: FPM (fluori-kumi); Rihlamalli: Vasen kierre, Vaihdettava kierre; Suojavaippa: Suojakumilla; Asennuspuoli: Vaihteiston puoli; Moottorinumero: 169 A4.000; FIAT: GRANDE PUNTO 199,PUNTO 188,PANDA 169,500 312,SEICENTO 187,PUNTO EVO 199,DOBLO Cargo 223,500 C 312,PUNTO 176,DOBLO 119,PANDA Van 169,PUNTO 199,CINQUECENTO 170,PANDA 141A_,IDEA,PANDA 312,STRADA Pick-up 178E,QUBO 225,500L,PUNTO Van 188AX,BRAVO I 182,BRAVA 182,PUNTO Cabriolet 176C,MAREA Weekend 185,UNO 146A\/E,FIORINO Kasten\/Kombi 225,PALIO Weekend 178DX,LINEA 323,PUNTO Van 199,FIORINO Kasten 146,SEICENTO Van 187,PANDA Van 141_,MAREA 185,TEMPRA 159,PUNTO Van 176L,PALIO 178BX,SIENA 178_; LANCIA: YPSILON 843,Y 840A,MUSA 350,DELTA I 831AB0,YPSILON 312, 846,Y10 156; AUTOBIANCHI: Y10; 7724665, 71754491, 7724665, 71754491, 7724665; Akselitiiviste, Kampiakseli<\/p>\n","protected":false},"excerpt":{"rendered":"<p>CORTECO Kampiakselin Tiiviste 12015268B Akselitiiviste, Kampiakseli FIAT,LANCIA,AUTOBIANCHI,GRANDE PUNTO 199,PUNTO 188,PANDA 169,500 312,SEICENTO 187<\/p>\n","protected":false},"featured_media":0,"template":"","meta":{"site-sidebar-layout":"default","site-content-layout":"default","ast-global-header-display":"","ast-main-header-display":"","ast-hfb-above-header-display":"","ast-hfb-below-header-display":"","ast-hfb-mobile-header-display":"","site-post-title":"","ast-breadcrumbs-content":"","ast-featured-img":"","footer-sml-layout":"","theme-transparent-header-meta":"","adv-header-id-meta":"","stick-header-meta":"","header-above-stick-meta":"","header-main-stick-meta":"","header-below-stick-meta":""},"pwb-brand":[53],"product_cat":[88],"product_tag":[],"class_list":{"0":"post-69796","1":"product","2":"type-product","3":"status-publish","5":"pwb-brand-corteco","6":"product_cat-kampiakselin-tiiviste","7":"desktop-align-left","8":"tablet-align-left","9":"mobile-align-left","11":"first","12":"instock","13":"product-type-external"},"brands":[{"id":53,"name":"CORTECO","slug":"corteco"}],"_links":{"self":[{"href":"https:\/\/www.autonvaraosahaku.fi\/index.php?rest_route=\/wp\/v2\/product\/69796","targetHints":{"allow":["GET"]}}],"collection":[{"href":"https:\/\/www.autonvaraosahaku.fi\/index.php?rest_route=\/wp\/v2\/product"}],"about":[{"href":"https:\/\/www.autonvaraosahaku.fi\/index.php?rest_route=\/wp\/v2\/types\/product"}],"wp:attachment":[{"href":"https:\/\/www.autonvaraosahaku.fi\/index.php?rest_route=%2Fwp%2Fv2%2Fmedia&parent=69796"}],"wp:term":[{"taxonomy":"pwb-brand","embeddable":true,"href":"https:\/\/www.autonvaraosahaku.fi\/index.php?rest_route=%2Fwp%2Fv2%2Fpwb-brand&post=69796"},{"taxonomy":"product_cat","embeddable":true,"href":"https:\/\/www.autonvaraosahaku.fi\/index.php?rest_route=%2Fwp%2Fv2%2Fproduct_cat&post=69796"},{"taxonomy":"product_tag","embeddable":true,"href":"https:\/\/www.autonvaraosahaku.fi\/index.php?rest_route=%2Fwp%2Fv2%2Fproduct_tag&post=69796"}],"curies":[{"name":"wp","href":"https:\/\/api.w.org\/{rel}","templated":true}]}}