{"id":69808,"date":"2021-02-21T19:05:58","date_gmt":"2021-02-21T19:05:58","guid":{"rendered":"https:\/\/www.autonvaraosahaku.fi\/?product=facet-7-1151-jarruvalokytkin"},"modified":"2021-02-21T19:06:01","modified_gmt":"2021-02-21T19:06:01","slug":"facet-7-1151-jarruvalokytkin","status":"publish","type":"product","link":"https:\/\/www.autonvaraosahaku.fi\/?product=facet-7-1151-jarruvalokytkin","title":{"rendered":"FACET 7.1151 Jarruvalokytkin"},"content":{"rendered":"<p>K\u00e4ytt\u00f6: Mekaaninen; Tappeja: 4; lis\u00e4tieto: Made in Italy &#8211; OE Equivalent; Moottorinumero: 1Z; VW: GOLF IV 1J1,LUPO 6X1, 6E1,GOLF IV Variant 1J5,SHARAN 7M8, 7M9, 7M6,TRANSPORTER V Bus 7HB, 7HJ, 7EB, 7EJ, 7EF,TOUAREG 7LA, 7L6, 7L7,MULTIVAN V 7HM, 7HN, 7HF, 7EF, 7EM, 7EN,BORA 1J2,TRANSPORTER V Kasten 7HA, 7HH, 7EA, 7EH,NEW BEETLE 9C1, 1C1,BORA Kombi 1J6,NEW BEETLE Cabriolet 1Y7,CADDY II Kasten 9K9A,TRANSPORTER V Pritsche\/Fahrgestell 7JD, 7JE, 7JL, 7JY, 7JZ,,CADDY II Kombi 9K9B,GOLF IV Van 1J1; AUDI: A3 8L1,A2 8Z0,TT 8N3,TT Roadster 8N9; SKODA: OCTAVIA Combi 1U5,OCTAVIA 1U2; SEAT: LEON 1M1,ALHAMBRA 7V8, 7V9,TOLEDO II 1M2,INCA 6K9; PORSCHE: CAYENNE 955; 1J0945511, 1J0945511A, 1J0945511B, 1J0945511C, 1J0945511D, 1J0945511E, 1J0945511F, 1J0945515, 8Z0945511, 95561311031, 95561311032, 95561311033, 1J0945511, 1J0945511A, 1J0945511B, 1J0945511C, 1J0945511D, 1J0945511E, 1J0945511F, 1J0945515, 8Z0945511, 1J0945511A, 1J0945511B, 1J0945511C, 1J0945511D, 1J0945511E, 1J0945511F, 8Z0945511, 1J0945511, 1J0945511A, 1J0945511B, 1J0945511C, 1J0945511D, 1J0945511E, 1J0945511F, 1J0945515, 8Z0945511; Jarruvalokatkaisin<\/p>\n","protected":false},"excerpt":{"rendered":"<p>FACET Jarruvalokytkin 7.1151 Jarruvalokatkaisin VW,AUDI,SKODA,GOLF IV 1J1,LUPO 6X1, 6E1,GOLF IV Variant 1J5,SHARAN 7M8, 7M9, 7M6<\/p>\n","protected":false},"featured_media":0,"template":"","meta":{"site-sidebar-layout":"default","site-content-layout":"default","ast-global-header-display":"","ast-main-header-display":"","ast-hfb-above-header-display":"","ast-hfb-below-header-display":"","ast-hfb-mobile-header-display":"","site-post-title":"","ast-breadcrumbs-content":"","ast-featured-img":"","footer-sml-layout":"","theme-transparent-header-meta":"","adv-header-id-meta":"","stick-header-meta":"","header-above-stick-meta":"","header-main-stick-meta":"","header-below-stick-meta":""},"pwb-brand":[263],"product_cat":[117],"product_tag":[],"class_list":{"0":"post-69808","1":"product","2":"type-product","3":"status-publish","5":"pwb-brand-facet","6":"product_cat-jarruvalokytkin","7":"desktop-align-left","8":"tablet-align-left","9":"mobile-align-left","11":"first","12":"instock","13":"product-type-external"},"brands":[{"id":263,"name":"FACET","slug":"facet"}],"_links":{"self":[{"href":"https:\/\/www.autonvaraosahaku.fi\/index.php?rest_route=\/wp\/v2\/product\/69808","targetHints":{"allow":["GET"]}}],"collection":[{"href":"https:\/\/www.autonvaraosahaku.fi\/index.php?rest_route=\/wp\/v2\/product"}],"about":[{"href":"https:\/\/www.autonvaraosahaku.fi\/index.php?rest_route=\/wp\/v2\/types\/product"}],"wp:attachment":[{"href":"https:\/\/www.autonvaraosahaku.fi\/index.php?rest_route=%2Fwp%2Fv2%2Fmedia&parent=69808"}],"wp:term":[{"taxonomy":"pwb-brand","embeddable":true,"href":"https:\/\/www.autonvaraosahaku.fi\/index.php?rest_route=%2Fwp%2Fv2%2Fpwb-brand&post=69808"},{"taxonomy":"product_cat","embeddable":true,"href":"https:\/\/www.autonvaraosahaku.fi\/index.php?rest_route=%2Fwp%2Fv2%2Fproduct_cat&post=69808"},{"taxonomy":"product_tag","embeddable":true,"href":"https:\/\/www.autonvaraosahaku.fi\/index.php?rest_route=%2Fwp%2Fv2%2Fproduct_tag&post=69808"}],"curies":[{"name":"wp","href":"https:\/\/api.w.org\/{rel}","templated":true}]}}