{"id":69809,"date":"2021-02-21T19:05:58","date_gmt":"2021-02-21T19:05:58","guid":{"rendered":"https:\/\/www.autonvaraosahaku.fi\/?product=brembo-s-59-511-jarrukengat"},"modified":"2021-02-21T19:06:02","modified_gmt":"2021-02-21T19:06:02","slug":"brembo-s-59-511-jarrukengat","status":"publish","type":"product","link":"https:\/\/www.autonvaraosahaku.fi\/?product=brembo-s-59-511-jarrukengat","title":{"rendered":"BREMBO S 59 511 Jarrukeng\u00e4t"},"content":{"rendered":"<p>L\u00e4pimitta [mm]: 200; Leveys (mm): 28; Jarruj\u00e4rjestelm\u00e4: TRW; Korvaava tuote\/korvaava tiedote 2: Seisontajarrukahvalla; Asennuspuoli: Hinterachse; OPEL: CORSA C F08, F68,CORSA B 73_, 78_, 79_,ASTRA F CC 53_, 54_, 58_, 59_,ASTRA F 56_, 57_,TIGRA 95_,CORSA A CC 93_, 94_, 98_, 99_,CORSA A TR 91_, 92_, 96_, 97_,CORSA B Kasten 73_,CORSA B Kombi F35; VAUXHALL: ASTRA Mk III F CC,CORSA Mk I B,TIGRA Mk I F07,NOVA,NOVA CC; 94744187, 1605811, 1605909, 1605952, 93287403, SF326, 1605909, 90421796, 91149504, 93332948; Jarrukenk\u00e4sarja<\/p>\n","protected":false},"excerpt":{"rendered":"<p>BREMBO Jarrukeng\u00e4t S 59 511 Jarrukenk\u00e4sarja OPEL,VAUXHALL,CORSA C F08, F68,CORSA B 73_, 78_, 79_,ASTRA F CC 53_, 54_, 58_, 59_,ASTRA F 56_, 57_<\/p>\n","protected":false},"featured_media":0,"template":"","meta":{"site-sidebar-layout":"default","site-content-layout":"default","ast-global-header-display":"","ast-main-header-display":"","ast-hfb-above-header-display":"","ast-hfb-below-header-display":"","ast-hfb-mobile-header-display":"","site-post-title":"","ast-breadcrumbs-content":"","ast-featured-img":"","footer-sml-layout":"","theme-transparent-header-meta":"","adv-header-id-meta":"","stick-header-meta":"","header-above-stick-meta":"","header-main-stick-meta":"","header-below-stick-meta":""},"pwb-brand":[146],"product_cat":[176],"product_tag":[],"class_list":{"0":"post-69809","1":"product","2":"type-product","3":"status-publish","5":"pwb-brand-brembo","6":"product_cat-jarrukengat","7":"desktop-align-left","8":"tablet-align-left","9":"mobile-align-left","11":"first","12":"instock","13":"product-type-external"},"brands":[{"id":146,"name":"BREMBO","slug":"brembo"}],"_links":{"self":[{"href":"https:\/\/www.autonvaraosahaku.fi\/index.php?rest_route=\/wp\/v2\/product\/69809","targetHints":{"allow":["GET"]}}],"collection":[{"href":"https:\/\/www.autonvaraosahaku.fi\/index.php?rest_route=\/wp\/v2\/product"}],"about":[{"href":"https:\/\/www.autonvaraosahaku.fi\/index.php?rest_route=\/wp\/v2\/types\/product"}],"wp:attachment":[{"href":"https:\/\/www.autonvaraosahaku.fi\/index.php?rest_route=%2Fwp%2Fv2%2Fmedia&parent=69809"}],"wp:term":[{"taxonomy":"pwb-brand","embeddable":true,"href":"https:\/\/www.autonvaraosahaku.fi\/index.php?rest_route=%2Fwp%2Fv2%2Fpwb-brand&post=69809"},{"taxonomy":"product_cat","embeddable":true,"href":"https:\/\/www.autonvaraosahaku.fi\/index.php?rest_route=%2Fwp%2Fv2%2Fproduct_cat&post=69809"},{"taxonomy":"product_tag","embeddable":true,"href":"https:\/\/www.autonvaraosahaku.fi\/index.php?rest_route=%2Fwp%2Fv2%2Fproduct_tag&post=69809"}],"curies":[{"name":"wp","href":"https:\/\/api.w.org\/{rel}","templated":true}]}}