{"id":69813,"date":"2021-02-21T19:06:03","date_gmt":"2021-02-21T19:06:03","guid":{"rendered":"https:\/\/www.autonvaraosahaku.fi\/?product=vaico-v30-80038-jarrulevyt"},"modified":"2021-02-21T19:06:04","modified_gmt":"2021-02-21T19:06:04","slug":"vaico-v30-80038-jarrulevyt","status":"publish","type":"product","link":"https:\/\/www.autonvaraosahaku.fi\/?product=vaico-v30-80038-jarrulevyt","title":{"rendered":"VAICO V30-80038 Jarrulevyt"},"content":{"rendered":"<p>Asennuspuoli: Etuakseli, Etuakseli; Jarrulevyn navan korkeus [mm]: 18,5; Vanne, aukkoja: 5; Korkeus (mm): 40,4; Jarrulevytyyppi: Tuuletettu; Jarrulevyn paksuus (mm): 22; V\u00e4himm\u00e4ispaksuus (mm): 19,4; Ulkol\u00e4pimitta [mm]: 260; keskitt\u00e4misl\u00e4pimitta [mm]: 67; Reik\u00e4ympyr\u00e4-\u00d8 [mm]: 112; Pakkausleveys [cm]: 28, 28; Pakkauskorkeus [mm]: 9, 9; Pakkaussyvyys [cm]: 28, 28; K\u00e4sittely: Seostettu \/ hiilletty; Reik\u00e4-\u00d8 2 [mm]: 9,2; Paino [kg]: 5,355; lis\u00e4tieto: CST99; Valmistusvuosi alkaen: 09\/1997; MERCEDES-BENZ: A-CLASS W168; 1684210212, 1684210812, 168421081264, A1684210212, A1684210812, A168421081264; Jarrulevy<\/p>\n","protected":false},"excerpt":{"rendered":"<p>VAICO Jarrulevyt V30-80038 Jarrulevy MERCEDES-BENZ,A-CLASS W168<\/p>\n","protected":false},"featured_media":0,"template":"","meta":{"site-sidebar-layout":"default","site-content-layout":"default","ast-global-header-display":"","ast-main-header-display":"","ast-hfb-above-header-display":"","ast-hfb-below-header-display":"","ast-hfb-mobile-header-display":"","site-post-title":"","ast-breadcrumbs-content":"","ast-featured-img":"","footer-sml-layout":"","theme-transparent-header-meta":"","adv-header-id-meta":"","stick-header-meta":"","header-above-stick-meta":"","header-main-stick-meta":"","header-below-stick-meta":""},"pwb-brand":[330],"product_cat":[66],"product_tag":[],"class_list":{"0":"post-69813","1":"product","2":"type-product","3":"status-publish","5":"pwb-brand-vaico","6":"product_cat-jarrulevyt","7":"desktop-align-left","8":"tablet-align-left","9":"mobile-align-left","11":"first","12":"instock","13":"product-type-external"},"brands":[{"id":330,"name":"VAICO","slug":"vaico"}],"_links":{"self":[{"href":"https:\/\/www.autonvaraosahaku.fi\/index.php?rest_route=\/wp\/v2\/product\/69813","targetHints":{"allow":["GET"]}}],"collection":[{"href":"https:\/\/www.autonvaraosahaku.fi\/index.php?rest_route=\/wp\/v2\/product"}],"about":[{"href":"https:\/\/www.autonvaraosahaku.fi\/index.php?rest_route=\/wp\/v2\/types\/product"}],"wp:attachment":[{"href":"https:\/\/www.autonvaraosahaku.fi\/index.php?rest_route=%2Fwp%2Fv2%2Fmedia&parent=69813"}],"wp:term":[{"taxonomy":"pwb-brand","embeddable":true,"href":"https:\/\/www.autonvaraosahaku.fi\/index.php?rest_route=%2Fwp%2Fv2%2Fpwb-brand&post=69813"},{"taxonomy":"product_cat","embeddable":true,"href":"https:\/\/www.autonvaraosahaku.fi\/index.php?rest_route=%2Fwp%2Fv2%2Fproduct_cat&post=69813"},{"taxonomy":"product_tag","embeddable":true,"href":"https:\/\/www.autonvaraosahaku.fi\/index.php?rest_route=%2Fwp%2Fv2%2Fproduct_tag&post=69813"}],"curies":[{"name":"wp","href":"https:\/\/api.w.org\/{rel}","templated":true}]}}