{"id":69825,"date":"2021-02-21T19:06:03","date_gmt":"2021-02-21T19:06:03","guid":{"rendered":"https:\/\/www.autonvaraosahaku.fi\/?product=japanparts-pa-h14af-jarrupalat"},"modified":"2021-02-21T19:06:06","modified_gmt":"2021-02-21T19:06:06","slug":"japanparts-pa-h14af-jarrupalat","status":"publish","type":"product","link":"https:\/\/www.autonvaraosahaku.fi\/?product=japanparts-pa-h14af-jarrupalat","title":{"rendered":"JAPANPARTS PA-H14AF Jarrupalat"},"content":{"rendered":"<p>Asennuspuoli: Etuakseli; Jarrutyyppi: Levyjarru; Pituus (mm): 156,2; Korkeus (mm): 61; Paksuus [mm]: 17; WVA-numero: 24351; Tarkistuskilpi: ECE R90 APPROVED; M\u00e4\u00e4r\u00e4yksikk\u00f6: Akselisarja; ei maaversiolle: USA; HYUNDAI: SANTA F\u00c9 II CM,SANTA F\u00c9 III DM; KIA: SORENTO II XM; SSANGYONG: KORANDO,ACTYON SPORTS I QJ,ACTYON SPORTS II; 581010WA00, 581012BA00, 581012BA10, 581012PA00, 581012PA70, 581012WA00, 581012WA01, 581012WA70, 581012WA90, 581013MA00, 581013MA01, 581012BA00, 581012BA10, 581012JA11, 581012PA70, 581012WA70, 581014DU00, 48130341A0; Jarrupalasarja,Jarrupala, Levyjarru<\/p>\n","protected":false},"excerpt":{"rendered":"<p>JAPANPARTS Jarrupalat PA-H14AF Jarrupalasarja,Jarrupala, Levyjarru HYUNDAI,KIA,SSANGYONG,SANTA F\u00c9 II CM,SANTA F\u00c9 III DM,SORENTO II XM,KORANDO<\/p>\n","protected":false},"featured_media":0,"template":"","meta":{"site-sidebar-layout":"default","site-content-layout":"default","ast-global-header-display":"","ast-main-header-display":"","ast-hfb-above-header-display":"","ast-hfb-below-header-display":"","ast-hfb-mobile-header-display":"","site-post-title":"","ast-breadcrumbs-content":"","ast-featured-img":"","footer-sml-layout":"","theme-transparent-header-meta":"","adv-header-id-meta":"","stick-header-meta":"","header-above-stick-meta":"","header-main-stick-meta":"","header-below-stick-meta":""},"pwb-brand":[334],"product_cat":[100],"product_tag":[],"class_list":{"0":"post-69825","1":"product","2":"type-product","3":"status-publish","5":"pwb-brand-japanparts","6":"product_cat-jarrupalat","7":"desktop-align-left","8":"tablet-align-left","9":"mobile-align-left","11":"first","12":"instock","13":"product-type-external"},"brands":[{"id":334,"name":"JAPANPARTS","slug":"japanparts"}],"_links":{"self":[{"href":"https:\/\/www.autonvaraosahaku.fi\/index.php?rest_route=\/wp\/v2\/product\/69825","targetHints":{"allow":["GET"]}}],"collection":[{"href":"https:\/\/www.autonvaraosahaku.fi\/index.php?rest_route=\/wp\/v2\/product"}],"about":[{"href":"https:\/\/www.autonvaraosahaku.fi\/index.php?rest_route=\/wp\/v2\/types\/product"}],"wp:attachment":[{"href":"https:\/\/www.autonvaraosahaku.fi\/index.php?rest_route=%2Fwp%2Fv2%2Fmedia&parent=69825"}],"wp:term":[{"taxonomy":"pwb-brand","embeddable":true,"href":"https:\/\/www.autonvaraosahaku.fi\/index.php?rest_route=%2Fwp%2Fv2%2Fpwb-brand&post=69825"},{"taxonomy":"product_cat","embeddable":true,"href":"https:\/\/www.autonvaraosahaku.fi\/index.php?rest_route=%2Fwp%2Fv2%2Fproduct_cat&post=69825"},{"taxonomy":"product_tag","embeddable":true,"href":"https:\/\/www.autonvaraosahaku.fi\/index.php?rest_route=%2Fwp%2Fv2%2Fproduct_tag&post=69825"}],"curies":[{"name":"wp","href":"https:\/\/api.w.org\/{rel}","templated":true}]}}