{"id":69846,"date":"2021-02-21T19:06:08","date_gmt":"2021-02-21T19:06:08","guid":{"rendered":"https:\/\/www.autonvaraosahaku.fi\/?product=japanparts-fo-214s-oljynsuodatin"},"modified":"2021-02-21T19:06:11","modified_gmt":"2021-02-21T19:06:11","slug":"japanparts-fo-214s-oljynsuodatin","status":"publish","type":"product","link":"https:\/\/www.autonvaraosahaku.fi\/?product=japanparts-fo-214s-oljynsuodatin","title":{"rendered":"JAPANPARTS FO-214S \u00d6ljynsuodatin"},"content":{"rendered":"<p>Suodatintyyppi: Ruuvattava suodatin; Pituus (mm): 91; Ulkol\u00e4pimitta [mm]: 65,4; Asennusl\u00e4pimitta [mm]: 62; Sis\u00e4kierre (mm): 3\/4 x 16; Valmistusvuosi alkaen: 06\/1987; TOYOTA: AVENSIS Kombi T25,RAV 4 III ACA3_, ACE_, ALA3_, GSA3_, ZSA3_,RAV 4 II CLA2_, XA2_, ZCA2_, ACA2_,COROLLA ZZE12_, NDE12_, ZDE12_,AVENSIS Stufenheck T25,AVENSIS _T22_,AVENSIS Station Wagon _T22_,CELICA ZZT23_,PREVIA MCR3_, ACR3_, CLR3_,AVENSIS Liftback _T22_,AVENSIS VERSO _CLM2_, _ACM2_,CELICA ST20_, AT20_,CELICA Coupe AT18_, ST18_,CAMRY MCV3_, ACV3_, _XV3_,COROLLA Liftback _E9_,MR 2 I AW1_,COROLLA Compact _E9_,CELICA Cabriolet AT20_, ST20_,LITEACE Bus _R2_LG,LITEACE Kasten _R2__V; A120E6277S, A131E6022S, 1560001020, 1560016010, 1560016011, 9008091210, 9091503004, 9091510002, 9091510004, 90915CA001, 90915TA002, 90915YZZA1, 90915YZZE2, 90915YZZF1, 90915YZZJ2<\/p>\n","protected":false},"excerpt":{"rendered":"<p>JAPANPARTS \u00d6ljynsuodatin FO-214S  TOYOTA,AVENSIS Kombi T25,RAV 4 III ACA3_, ACE_, ALA3_, GSA3_, ZSA3_,RAV 4 II CLA2_, XA2_, ZCA2_, ACA2_<\/p>\n","protected":false},"featured_media":0,"template":"","meta":{"site-sidebar-layout":"default","site-content-layout":"default","ast-global-header-display":"","ast-main-header-display":"","ast-hfb-above-header-display":"","ast-hfb-below-header-display":"","ast-hfb-mobile-header-display":"","site-post-title":"","ast-breadcrumbs-content":"","ast-featured-img":"","footer-sml-layout":"","theme-transparent-header-meta":"","adv-header-id-meta":"","stick-header-meta":"","header-above-stick-meta":"","header-main-stick-meta":"","header-below-stick-meta":""},"pwb-brand":[334],"product_cat":[30],"product_tag":[],"class_list":{"0":"post-69846","1":"product","2":"type-product","3":"status-publish","5":"pwb-brand-japanparts","6":"product_cat-oljynsuodatin","7":"desktop-align-left","8":"tablet-align-left","9":"mobile-align-left","11":"first","12":"instock","13":"product-type-external"},"brands":[{"id":334,"name":"JAPANPARTS","slug":"japanparts"}],"_links":{"self":[{"href":"https:\/\/www.autonvaraosahaku.fi\/index.php?rest_route=\/wp\/v2\/product\/69846","targetHints":{"allow":["GET"]}}],"collection":[{"href":"https:\/\/www.autonvaraosahaku.fi\/index.php?rest_route=\/wp\/v2\/product"}],"about":[{"href":"https:\/\/www.autonvaraosahaku.fi\/index.php?rest_route=\/wp\/v2\/types\/product"}],"wp:attachment":[{"href":"https:\/\/www.autonvaraosahaku.fi\/index.php?rest_route=%2Fwp%2Fv2%2Fmedia&parent=69846"}],"wp:term":[{"taxonomy":"pwb-brand","embeddable":true,"href":"https:\/\/www.autonvaraosahaku.fi\/index.php?rest_route=%2Fwp%2Fv2%2Fpwb-brand&post=69846"},{"taxonomy":"product_cat","embeddable":true,"href":"https:\/\/www.autonvaraosahaku.fi\/index.php?rest_route=%2Fwp%2Fv2%2Fproduct_cat&post=69846"},{"taxonomy":"product_tag","embeddable":true,"href":"https:\/\/www.autonvaraosahaku.fi\/index.php?rest_route=%2Fwp%2Fv2%2Fproduct_tag&post=69846"}],"curies":[{"name":"wp","href":"https:\/\/api.w.org\/{rel}","templated":true}]}}