{"id":69857,"date":"2021-02-21T19:06:13","date_gmt":"2021-02-21T19:06:13","guid":{"rendered":"https:\/\/www.autonvaraosahaku.fi\/?product=denso-dic-0101-sytytyspuola"},"modified":"2021-02-21T19:06:15","modified_gmt":"2021-02-21T19:06:15","slug":"denso-dic-0101-sytytyspuola","status":"publish","type":"product","link":"https:\/\/www.autonvaraosahaku.fi\/?product=denso-dic-0101-sytytyspuola","title":{"rendered":"DENSO DIC-0101 Sytytyspuola"},"content":{"rendered":"<p>Laatu: OE; Liittimet: SAE; Napojen m\u00e4\u00e4r\u00e4: 4; Sis\u00e4\u00e4n\/ulosmeno aukkojen lukum\u00e4\u00e4r\u00e4: 1; Moottorinumero: 2SZ-FE; TOYOTA: YARIS SCP9_, NSP9_, KSP9_, NCP9_, ZSP9_,YARIS SCP1_, NLP1_, NCP1_,YARIS VERSO _NLP2_, _NCP2_,YARIS NHP13_, NSP13_, NCP13_, KSP13_, NLP13_,PRIUS Liftback NHW20_,IQ KPJ1_, NGJ1_, KGJ1_, NUJ1_,PRIUS Stufenheck NHW11_; 9008019021, 9091902229, 9091902240, 9091902265<\/p>\n","protected":false},"excerpt":{"rendered":"<p>DENSO Sytytyspuola DIC-0101  TOYOTA,YARIS SCP9_, NSP9_, KSP9_, NCP9_, ZSP9_,YARIS SCP1_, NLP1_, NCP1_,YARIS VERSO _NLP2_, _NCP2_<\/p>\n","protected":false},"featured_media":0,"template":"","meta":{"site-sidebar-layout":"default","site-content-layout":"default","ast-global-header-display":"","ast-main-header-display":"","ast-hfb-above-header-display":"","ast-hfb-below-header-display":"","ast-hfb-mobile-header-display":"","site-post-title":"","ast-breadcrumbs-content":"","ast-featured-img":"","footer-sml-layout":"","theme-transparent-header-meta":"","adv-header-id-meta":"","stick-header-meta":"","header-above-stick-meta":"","header-main-stick-meta":"","header-below-stick-meta":""},"pwb-brand":[278],"product_cat":[25],"product_tag":[],"class_list":{"0":"post-69857","1":"product","2":"type-product","3":"status-publish","5":"pwb-brand-denso","6":"product_cat-sytytyspuola","7":"desktop-align-left","8":"tablet-align-left","9":"mobile-align-left","11":"first","12":"instock","13":"product-type-external"},"brands":[{"id":278,"name":"DENSO","slug":"denso"}],"_links":{"self":[{"href":"https:\/\/www.autonvaraosahaku.fi\/index.php?rest_route=\/wp\/v2\/product\/69857","targetHints":{"allow":["GET"]}}],"collection":[{"href":"https:\/\/www.autonvaraosahaku.fi\/index.php?rest_route=\/wp\/v2\/product"}],"about":[{"href":"https:\/\/www.autonvaraosahaku.fi\/index.php?rest_route=\/wp\/v2\/types\/product"}],"wp:attachment":[{"href":"https:\/\/www.autonvaraosahaku.fi\/index.php?rest_route=%2Fwp%2Fv2%2Fmedia&parent=69857"}],"wp:term":[{"taxonomy":"pwb-brand","embeddable":true,"href":"https:\/\/www.autonvaraosahaku.fi\/index.php?rest_route=%2Fwp%2Fv2%2Fpwb-brand&post=69857"},{"taxonomy":"product_cat","embeddable":true,"href":"https:\/\/www.autonvaraosahaku.fi\/index.php?rest_route=%2Fwp%2Fv2%2Fproduct_cat&post=69857"},{"taxonomy":"product_tag","embeddable":true,"href":"https:\/\/www.autonvaraosahaku.fi\/index.php?rest_route=%2Fwp%2Fv2%2Fproduct_tag&post=69857"}],"curies":[{"name":"wp","href":"https:\/\/api.w.org\/{rel}","templated":true}]}}