{"id":69866,"date":"2021-02-21T19:06:13","date_gmt":"2021-02-21T19:06:13","guid":{"rendered":"https:\/\/www.autonvaraosahaku.fi\/?product=magneti-marelli-230016079087-tyhjakayntimoottori"},"modified":"2021-02-21T19:06:17","modified_gmt":"2021-02-21T19:06:17","slug":"magneti-marelli-230016079087-tyhjakayntimoottori","status":"publish","type":"product","link":"https:\/\/www.autonvaraosahaku.fi\/?product=magneti-marelli-230016079087-tyhjakayntimoottori","title":{"rendered":"MAGNETI MARELLI 230016079087 Tyhj\u00e4k\u00e4yntimoottori"},"content":{"rendered":"<p>K\u00e4ytt\u00f6: S\u00e4hk\u00f6inen; Moottorinumero: TU2J2; PEUGEOT: 106 II 1,306 Schr\u00e4gheck 7A, 7C, N3, N5,106 I 1A, 1C; CITRO\u00cbN: XSARA Coupe N0,ZX N2; 1920V7; Tyhj\u00e4k\u00e4yntiventtiili,Tyhj\u00e4k\u00e4yntis\u00e4\u00e4din,Kuormaventtiili, Ilmankierto<\/p>\n","protected":false},"excerpt":{"rendered":"<p>MAGNETI MARELLI Tyhj\u00e4k\u00e4yntimoottori 230016079087 Tyhj\u00e4k\u00e4yntiventtiili,Tyhj\u00e4k\u00e4yntis\u00e4\u00e4din PEUGEOT,CITRO\u00cbN,106 II 1,306 Schr\u00e4gheck 7A, 7C, N3, N5<\/p>\n","protected":false},"featured_media":0,"template":"","meta":{"site-sidebar-layout":"default","site-content-layout":"default","ast-global-header-display":"","ast-main-header-display":"","ast-hfb-above-header-display":"","ast-hfb-below-header-display":"","ast-hfb-mobile-header-display":"","site-post-title":"","ast-breadcrumbs-content":"","ast-featured-img":"","footer-sml-layout":"","theme-transparent-header-meta":"","adv-header-id-meta":"","stick-header-meta":"","header-above-stick-meta":"","header-main-stick-meta":"","header-below-stick-meta":""},"pwb-brand":[34],"product_cat":[254],"product_tag":[],"class_list":{"0":"post-69866","1":"product","2":"type-product","3":"status-publish","5":"pwb-brand-magneti-marelli","6":"product_cat-tyhjakayntimoottori","7":"desktop-align-left","8":"tablet-align-left","9":"mobile-align-left","11":"first","12":"instock","13":"product-type-external"},"brands":[{"id":34,"name":"MAGNETI MARELLI","slug":"magneti-marelli"}],"_links":{"self":[{"href":"https:\/\/www.autonvaraosahaku.fi\/index.php?rest_route=\/wp\/v2\/product\/69866","targetHints":{"allow":["GET"]}}],"collection":[{"href":"https:\/\/www.autonvaraosahaku.fi\/index.php?rest_route=\/wp\/v2\/product"}],"about":[{"href":"https:\/\/www.autonvaraosahaku.fi\/index.php?rest_route=\/wp\/v2\/types\/product"}],"wp:attachment":[{"href":"https:\/\/www.autonvaraosahaku.fi\/index.php?rest_route=%2Fwp%2Fv2%2Fmedia&parent=69866"}],"wp:term":[{"taxonomy":"pwb-brand","embeddable":true,"href":"https:\/\/www.autonvaraosahaku.fi\/index.php?rest_route=%2Fwp%2Fv2%2Fpwb-brand&post=69866"},{"taxonomy":"product_cat","embeddable":true,"href":"https:\/\/www.autonvaraosahaku.fi\/index.php?rest_route=%2Fwp%2Fv2%2Fproduct_cat&post=69866"},{"taxonomy":"product_tag","embeddable":true,"href":"https:\/\/www.autonvaraosahaku.fi\/index.php?rest_route=%2Fwp%2Fv2%2Fproduct_tag&post=69866"}],"curies":[{"name":"wp","href":"https:\/\/api.w.org\/{rel}","templated":true}]}}