{"id":69869,"date":"2021-02-21T19:06:13","date_gmt":"2021-02-21T19:06:13","guid":{"rendered":"https:\/\/www.autonvaraosahaku.fi\/?product=mapco-34651-jousijalan-tukilaakeri"},"modified":"2021-02-21T19:06:17","modified_gmt":"2021-02-21T19:06:17","slug":"mapco-34651-jousijalan-tukilaakeri","status":"publish","type":"product","link":"https:\/\/www.autonvaraosahaku.fi\/?product=mapco-34651-jousijalan-tukilaakeri","title":{"rendered":"MAPCO 34651 Jousijalan tukilaakeri"},"content":{"rendered":"<p>Asennuspuoli: etuakseli molemminpuoleinen; Lukum\u00e4\u00e4r\u00e4 akselille: 2; Korvaava tuote\/korvaava tiedote 2: Kuulalaakerilla; FORD: FIESTA III GFJ,ESCORT IV Cabriolet ALF,SIERRA GBG, GB4,SIERRA Schr\u00e4gheck GBC, GBG,ESCORT IV GAF, AWF, ABFT,FIESTA II FBD,SIERRA Schr\u00e4gheck GBC,ESCORT II ATH,ESCORT III GAA,SIERRA Kombi BNG,ESCORT III Cabriolet ALD,SIERRA Kombi BNC,ORION II AFF,ESCORT IV Kombi AWF, AVF,ESCORT III Kombi AWA,ORION I AFD; 6150277<\/p>\n","protected":false},"excerpt":{"rendered":"<p>MAPCO Korjaussarja, Jousijalan Tukilaakeri 34651  FORD,FIESTA III GFJ,ESCORT IV Cabriolet ALF,SIERRA GBG, GB4,SIERRA Schr\u00e4gheck GBC, GBG<\/p>\n","protected":false},"featured_media":0,"template":"","meta":{"site-sidebar-layout":"default","site-content-layout":"default","ast-global-header-display":"","ast-main-header-display":"","ast-hfb-above-header-display":"","ast-hfb-below-header-display":"","ast-hfb-mobile-header-display":"","site-post-title":"","ast-breadcrumbs-content":"","ast-featured-img":"","footer-sml-layout":"","theme-transparent-header-meta":"","adv-header-id-meta":"","stick-header-meta":"","header-above-stick-meta":"","header-main-stick-meta":"","header-below-stick-meta":""},"pwb-brand":[36],"product_cat":[45],"product_tag":[],"class_list":{"0":"post-69869","1":"product","2":"type-product","3":"status-publish","5":"pwb-brand-mapco","6":"product_cat-jousijalan-tukilaakeri","7":"desktop-align-left","8":"tablet-align-left","9":"mobile-align-left","11":"first","12":"instock","13":"product-type-external"},"brands":[{"id":36,"name":"MAPCO","slug":"mapco"}],"_links":{"self":[{"href":"https:\/\/www.autonvaraosahaku.fi\/index.php?rest_route=\/wp\/v2\/product\/69869","targetHints":{"allow":["GET"]}}],"collection":[{"href":"https:\/\/www.autonvaraosahaku.fi\/index.php?rest_route=\/wp\/v2\/product"}],"about":[{"href":"https:\/\/www.autonvaraosahaku.fi\/index.php?rest_route=\/wp\/v2\/types\/product"}],"wp:attachment":[{"href":"https:\/\/www.autonvaraosahaku.fi\/index.php?rest_route=%2Fwp%2Fv2%2Fmedia&parent=69869"}],"wp:term":[{"taxonomy":"pwb-brand","embeddable":true,"href":"https:\/\/www.autonvaraosahaku.fi\/index.php?rest_route=%2Fwp%2Fv2%2Fpwb-brand&post=69869"},{"taxonomy":"product_cat","embeddable":true,"href":"https:\/\/www.autonvaraosahaku.fi\/index.php?rest_route=%2Fwp%2Fv2%2Fproduct_cat&post=69869"},{"taxonomy":"product_tag","embeddable":true,"href":"https:\/\/www.autonvaraosahaku.fi\/index.php?rest_route=%2Fwp%2Fv2%2Fproduct_tag&post=69869"}],"curies":[{"name":"wp","href":"https:\/\/api.w.org\/{rel}","templated":true}]}}