{"id":69871,"date":"2021-02-21T19:06:19","date_gmt":"2021-02-21T19:06:19","guid":{"rendered":"https:\/\/www.autonvaraosahaku.fi\/?product=magneti-marelli-152071758801-oljynsuodatin"},"modified":"2021-02-21T19:06:20","modified_gmt":"2021-02-21T19:06:20","slug":"magneti-marelli-152071758801-oljynsuodatin","status":"publish","type":"product","link":"https:\/\/www.autonvaraosahaku.fi\/?product=magneti-marelli-152071758801-oljynsuodatin","title":{"rendered":"MAGNETI MARELLI 152071758801 \u00d6ljynsuodatin"},"content":{"rendered":"<p>Korkeus (mm): 92,5; Suodatintyyppi: Suodatinpanos; L\u00e4pimitta 1 [mm]: 10; L\u00e4pimitta 2 [mm]: 35; Ulkol\u00e4pimitta [mm]: 61,5; TECDOC-moottorinumero: 24792; OPEL: ZAFIRA B A05,ZAFIRA A F75_,ASTRA G CC F48_, F08_,ASTRA G Caravan F35_,INSIGNIA Caravan,VECTRA C Caravan,SIGNUM,VECTRA C,VECTRA B 36_,VECTRA C GTS,ANTARA,VECTRA B Caravan 31_,INSIGNIA,ASTRA G Cabriolet F67,INSIGNIA Stufenheck,ASTRA G Coupe F07_,ASTRA G Stufenheck F69_,ASTRA GTC J,VECTRA B CC 38_,GT Cabriolet,SPEEDSTER,INSIGNIA A Country Tourer G09; FIAT: CROMA 194; CHEVROLET: CAPTIVA C100, C140,MALIBU V300,HHR; ALFA ROMEO: 159 Sportwagon 939,159 939,BRERA,SPIDER 939; SAAB: 9-3 YS3F,9-3 Kombi YS3F,9-3 Cabriolet YS3F,9-5 YS3G,9-3X; CADILLAC: SRX GMT265,BLS,BLS Wagon; VAUXHALL: INSIGNIA Mk I A,ZAFIRA Mk II B M75,VECTRA Mk II C CC,ZAFIRA Mk I A F75,INSIGNIA Mk I A Estate,VECTRA Mk II C Estate,ASTRA Mk IV G CC,ASTRA Mk VI J CC,VECTRA Mk II C,ANTARA J26, H26,INSIGNIA Mk I A Sedan,SIGNUM,VECTRA B CC,VECTRA B Estate,VECTRA B,VX220,ASTRA Mk IV G Coupe F67,ASTRA Mk IV G Convertible,ASTRA Mk IV G Estate; 71739396, 71752468, 71769199, 71773180, 4804934, 4804935, 5650329, 5650331, 5650336, 5650337, 5650348, 650315, 12575810, 12579143, 12605566, 24460713, 93175493, 21018801, 24460713, 93171212, 12605566, 93175493<\/p>\n","protected":false},"excerpt":{"rendered":"<p>MAGNETI MARELLI \u00d6ljynsuodatin 152071758801  OPEL,FIAT,CHEVROLET,ZAFIRA B A05,ZAFIRA A F75_,ASTRA G CC F48_, F08_,ASTRA G Caravan F35_,INSIGNIA Caravan<\/p>\n","protected":false},"featured_media":0,"template":"","meta":{"site-sidebar-layout":"default","site-content-layout":"default","ast-global-header-display":"","ast-main-header-display":"","ast-hfb-above-header-display":"","ast-hfb-below-header-display":"","ast-hfb-mobile-header-display":"","site-post-title":"","ast-breadcrumbs-content":"","ast-featured-img":"","footer-sml-layout":"","theme-transparent-header-meta":"","adv-header-id-meta":"","stick-header-meta":"","header-above-stick-meta":"","header-main-stick-meta":"","header-below-stick-meta":""},"pwb-brand":[34],"product_cat":[30],"product_tag":[],"class_list":{"0":"post-69871","1":"product","2":"type-product","3":"status-publish","5":"pwb-brand-magneti-marelli","6":"product_cat-oljynsuodatin","7":"desktop-align-left","8":"tablet-align-left","9":"mobile-align-left","11":"first","12":"instock","13":"product-type-external"},"brands":[{"id":34,"name":"MAGNETI MARELLI","slug":"magneti-marelli"}],"_links":{"self":[{"href":"https:\/\/www.autonvaraosahaku.fi\/index.php?rest_route=\/wp\/v2\/product\/69871","targetHints":{"allow":["GET"]}}],"collection":[{"href":"https:\/\/www.autonvaraosahaku.fi\/index.php?rest_route=\/wp\/v2\/product"}],"about":[{"href":"https:\/\/www.autonvaraosahaku.fi\/index.php?rest_route=\/wp\/v2\/types\/product"}],"wp:attachment":[{"href":"https:\/\/www.autonvaraosahaku.fi\/index.php?rest_route=%2Fwp%2Fv2%2Fmedia&parent=69871"}],"wp:term":[{"taxonomy":"pwb-brand","embeddable":true,"href":"https:\/\/www.autonvaraosahaku.fi\/index.php?rest_route=%2Fwp%2Fv2%2Fpwb-brand&post=69871"},{"taxonomy":"product_cat","embeddable":true,"href":"https:\/\/www.autonvaraosahaku.fi\/index.php?rest_route=%2Fwp%2Fv2%2Fproduct_cat&post=69871"},{"taxonomy":"product_tag","embeddable":true,"href":"https:\/\/www.autonvaraosahaku.fi\/index.php?rest_route=%2Fwp%2Fv2%2Fproduct_tag&post=69871"}],"curies":[{"name":"wp","href":"https:\/\/api.w.org\/{rel}","templated":true}]}}