{"id":69875,"date":"2021-02-21T19:06:19","date_gmt":"2021-02-21T19:06:19","guid":{"rendered":"https:\/\/www.autonvaraosahaku.fi\/?product=optimal-ag-39075-takaluukun-kaasujousi"},"modified":"2021-02-21T19:06:20","modified_gmt":"2021-02-21T19:06:20","slug":"optimal-ag-39075-takaluukun-kaasujousi","status":"publish","type":"product","link":"https:\/\/www.autonvaraosahaku.fi\/?product=optimal-ag-39075-takaluukun-kaasujousi","title":{"rendered":"OPTIMAL AG-39075 Takaluukun kaasujousi"},"content":{"rendered":"<p>Isku (mm): 100; Ty\u00f6nt\u00f6voima [N]: 540; Kopan l\u00e4pimitta (mm): 22; L\u00e4pimitta 1 [mm]: 10; Kokonaispituus (mm): 345; BMW: 5 E39; 51248222913; Kaasujousi, Tavaratila<\/p>\n","protected":false},"excerpt":{"rendered":"<p>OPTIMAL Takaluukun Kaasujousi AG-39075 Kaasujousi, Tavaratila BMW,5 E39<\/p>\n","protected":false},"featured_media":0,"template":"","meta":{"site-sidebar-layout":"default","site-content-layout":"default","ast-global-header-display":"","ast-main-header-display":"","ast-hfb-above-header-display":"","ast-hfb-below-header-display":"","ast-hfb-mobile-header-display":"","site-post-title":"","ast-breadcrumbs-content":"","ast-featured-img":"","footer-sml-layout":"","theme-transparent-header-meta":"","adv-header-id-meta":"","stick-header-meta":"","header-above-stick-meta":"","header-main-stick-meta":"","header-below-stick-meta":""},"pwb-brand":[307],"product_cat":[59],"product_tag":[],"class_list":{"0":"post-69875","1":"product","2":"type-product","3":"status-publish","5":"pwb-brand-optimal","6":"product_cat-takaluukun-kaasujousi","7":"desktop-align-left","8":"tablet-align-left","9":"mobile-align-left","11":"first","12":"instock","13":"product-type-external"},"brands":[{"id":307,"name":"OPTIMAL","slug":"optimal"}],"_links":{"self":[{"href":"https:\/\/www.autonvaraosahaku.fi\/index.php?rest_route=\/wp\/v2\/product\/69875","targetHints":{"allow":["GET"]}}],"collection":[{"href":"https:\/\/www.autonvaraosahaku.fi\/index.php?rest_route=\/wp\/v2\/product"}],"about":[{"href":"https:\/\/www.autonvaraosahaku.fi\/index.php?rest_route=\/wp\/v2\/types\/product"}],"wp:attachment":[{"href":"https:\/\/www.autonvaraosahaku.fi\/index.php?rest_route=%2Fwp%2Fv2%2Fmedia&parent=69875"}],"wp:term":[{"taxonomy":"pwb-brand","embeddable":true,"href":"https:\/\/www.autonvaraosahaku.fi\/index.php?rest_route=%2Fwp%2Fv2%2Fpwb-brand&post=69875"},{"taxonomy":"product_cat","embeddable":true,"href":"https:\/\/www.autonvaraosahaku.fi\/index.php?rest_route=%2Fwp%2Fv2%2Fproduct_cat&post=69875"},{"taxonomy":"product_tag","embeddable":true,"href":"https:\/\/www.autonvaraosahaku.fi\/index.php?rest_route=%2Fwp%2Fv2%2Fproduct_tag&post=69875"}],"curies":[{"name":"wp","href":"https:\/\/api.w.org\/{rel}","templated":true}]}}