{"id":69915,"date":"2021-02-21T19:06:30","date_gmt":"2021-02-21T19:06:30","guid":{"rendered":"https:\/\/www.autonvaraosahaku.fi\/?product=febi-bilstein-30441-ohjainrulla"},"modified":"2021-02-21T19:06:31","modified_gmt":"2021-02-21T19:06:31","slug":"febi-bilstein-30441-ohjainrulla","status":"publish","type":"product","link":"https:\/\/www.autonvaraosahaku.fi\/?product=febi-bilstein-30441-ohjainrulla","title":{"rendered":"FEBI BILSTEIN 30441 Ohjainrulla"},"content":{"rendered":"<p>Leveys (mm): 28,0; Ulkol\u00e4pimitta [mm]: 55,0; Materiaali: Muovi; Paino [kg]: 0,140, 0,140; Alustarakenne: f\u00fcr Fahrzeuge mit elektr. D\u00e4mpferregulierung; BMW: 3 Touring E91,3 E90,5 E60,1 E87,5 Touring E61,X3 E83,5 Touring F11,5 F10, F18,X1 E84,1 E81,X5 E70,3 Coupe E92,3 Cabriolet E93,1 Cabriolet E88,7 F01, F02, F03, F04,1 Coupe E82,5 Gran Turismo F07,X6 E71, E72; 11287800562; Ohjainrulla, Moniurahihna<\/p>\n","protected":false},"excerpt":{"rendered":"<p>FEBI BILSTEIN Ohjainrulla 30441 Ohjainrulla, Moniurahihna BMW,3 Touring E91,3 E90,5 E60,1 E87,5 Touring E61,X3 E83,5 Touring F11,5 F10, F18,X1 E84<\/p>\n","protected":false},"featured_media":0,"template":"","meta":{"site-sidebar-layout":"default","site-content-layout":"default","ast-global-header-display":"","ast-main-header-display":"","ast-hfb-above-header-display":"","ast-hfb-below-header-display":"","ast-hfb-mobile-header-display":"","site-post-title":"","ast-breadcrumbs-content":"","ast-featured-img":"","footer-sml-layout":"","theme-transparent-header-meta":"","adv-header-id-meta":"","stick-header-meta":"","header-above-stick-meta":"","header-main-stick-meta":"","header-below-stick-meta":""},"pwb-brand":[50],"product_cat":[308],"product_tag":[],"class_list":{"0":"post-69915","1":"product","2":"type-product","3":"status-publish","5":"pwb-brand-febi-bilstein","6":"product_cat-ohjainrulla","7":"desktop-align-left","8":"tablet-align-left","9":"mobile-align-left","11":"first","12":"instock","13":"product-type-external"},"brands":[{"id":50,"name":"FEBI BILSTEIN","slug":"febi-bilstein"}],"_links":{"self":[{"href":"https:\/\/www.autonvaraosahaku.fi\/index.php?rest_route=\/wp\/v2\/product\/69915","targetHints":{"allow":["GET"]}}],"collection":[{"href":"https:\/\/www.autonvaraosahaku.fi\/index.php?rest_route=\/wp\/v2\/product"}],"about":[{"href":"https:\/\/www.autonvaraosahaku.fi\/index.php?rest_route=\/wp\/v2\/types\/product"}],"wp:attachment":[{"href":"https:\/\/www.autonvaraosahaku.fi\/index.php?rest_route=%2Fwp%2Fv2%2Fmedia&parent=69915"}],"wp:term":[{"taxonomy":"pwb-brand","embeddable":true,"href":"https:\/\/www.autonvaraosahaku.fi\/index.php?rest_route=%2Fwp%2Fv2%2Fpwb-brand&post=69915"},{"taxonomy":"product_cat","embeddable":true,"href":"https:\/\/www.autonvaraosahaku.fi\/index.php?rest_route=%2Fwp%2Fv2%2Fproduct_cat&post=69915"},{"taxonomy":"product_tag","embeddable":true,"href":"https:\/\/www.autonvaraosahaku.fi\/index.php?rest_route=%2Fwp%2Fv2%2Fproduct_tag&post=69915"}],"curies":[{"name":"wp","href":"https:\/\/api.w.org\/{rel}","templated":true}]}}