{"id":69935,"date":"2021-02-21T19:06:35","date_gmt":"2021-02-21T19:06:35","guid":{"rendered":"https:\/\/www.autonvaraosahaku.fi\/?product=vegaz-od-115-pakosarjan-tiivisteet"},"modified":"2021-02-21T19:06:36","modified_gmt":"2021-02-21T19:06:36","slug":"vegaz-od-115-pakosarjan-tiivisteet","status":"publish","type":"product","link":"https:\/\/www.autonvaraosahaku.fi\/?product=vegaz-od-115-pakosarjan-tiivisteet","title":{"rendered":"VEGAZ OD-115 Pakosarjan tiivisteet"},"content":{"rendered":"<p>Paksuus [mm]: 14, 14; Materiaali: Ter\u00e4s; Sis\u00e4l\u00e4pimitta [mm]: 50,2; Ulkol\u00e4pimitta [mm]: 65,5; Muoto: O-rengas; tuotenumerolle: 033 56 5; MAZDA: 626 II GC,626 II Hatchback GC; HONDA: CR-V III RE,CR-V II RD_,CIVIC VI Hatchback EJ, EK,CIVIC VI Fastback MA, MB,CRX III EH, EG,CIVIC VI Aerodeck MB, MC,CR-V I RD,CRX II ED, EE,CIVIC V Hatchback EG,CIVIC IV Hatchback EC, ED, EE,CIVIC VI Stufenheck EJ, EK,CIVIC VI Coupe EJ, EM1,CIVIC V Coupe EJ,CIVIC V Stufenheck EG, EH,CONCERTO HW,CIVIC IV Stufenheck ED,CONCERTO Stufenheck HWW,CIVIC II Shuttle EE; ROVER: CABRIOLET XW,200 Hatchback XW,200 Coupe XW,400 Tourer XW,400 XW; OPEL: CORSA B 73_, 78_, 79_,VECTRA B 36_,ASTRA F CC 53_, 54_, 58_, 59_,VECTRA B Caravan 31_,ASTRA F Caravan 51_, 52_,CALIBRA A 85_,VECTRA B CC 38_,VECTRA A 86_, 87_,ASTRA F Cabriolet 53_B,ASTRA F 56_, 57_,KADETT E CC 33_, 34_, 43_, 44_,VECTRA A CC 88_, 89_,KADETT E Cabriolet 43B_,KADETT E 39_, 49_,KADETT E Caravan 35_, 36_, 45_, 46_; SUBARU: FORESTER SF,IMPREZA Stufenheck GC,LEGACY II Station Wagon BD, BG,IMPREZA Station Wagon GF,LEGACY II BD, BG,IMPREZA Coupe GFC; FORD: FIESTA IV JA_, JB_,FIESTA III GFJ,ESCORT VII GAL, AAL, ABL,ESCORT VII Kombi GAL, ANL,ESCORT VII Cabriolet ALL,ESCORT VI Cabriolet ALL,ESCORT VI GAL,ESCORT IV GAF, AWF, ABFT,ESCORT V Cabriolet ALL,ESCORT &#8217;95 Express AVL,ESCORT V GAL,ESCORT VII Stufenheck GAL, AFL,ESCORT VI Kombi GAL,ESCORT VI Stufenheck GAL,FIESTA Kasten F3L, F5L,ORION II AFF,ESCORT IV Kombi AWF, AVF,ESCORT V Kombi GAL, AVL,ESCORT &#8217;91 Express AVL,ORION III GAL; FIAT: UNO 146A\/E; RENAULT: 19 II B\/C53_,SUPER 5 B\/C40_,RAPID Kasten F40_, G40_,19 I B\/C53_,TRAFIC Kasten TXX,TRAFIC Bus TXW,19 II Chamade L53_,ESPACE I J11_,19 I Chamade L53_,19 I Cabriolet D53_,TRAFIC Pritsche\/Fahrgestell PXX; VAUXHALL: CALIBRA,ASTRA Mk III F CC,CORSA Mk I B,ASTRA Mk II CC,VECTRA B CC,CAVALIER Mk III 87,VECTRA B Estate,VECTRA B,ASTRA Mk III F Estate,CAVALIER Mk III CC; GEX7757, 1656281, 6156722, 6166244, 6201608, 6616584, 6688868, 854941, 854947, 854958, 90324049, 7700781679, 7700782520, 8932001367, 8933000112, GEX7757<\/p>\n","protected":false},"excerpt":{"rendered":"<p>VEGAZ Tiivisterengas, Pakoputki OD-115  MAZDA,HONDA,ROVER,626 II GC,626 II Hatchback GC,CR-V III RE,CR-V II RD_,CIVIC VI Hatchback EJ, EK<\/p>\n","protected":false},"featured_media":0,"template":"","meta":{"site-sidebar-layout":"default","site-content-layout":"default","ast-global-header-display":"","ast-main-header-display":"","ast-hfb-above-header-display":"","ast-hfb-below-header-display":"","ast-hfb-mobile-header-display":"","site-post-title":"","ast-breadcrumbs-content":"","ast-featured-img":"","footer-sml-layout":"","theme-transparent-header-meta":"","adv-header-id-meta":"","stick-header-meta":"","header-above-stick-meta":"","header-main-stick-meta":"","header-below-stick-meta":""},"pwb-brand":[306],"product_cat":[123],"product_tag":[],"class_list":{"0":"post-69935","1":"product","2":"type-product","3":"status-publish","5":"pwb-brand-vegaz","6":"product_cat-pakosarjan-tiivisteet","7":"desktop-align-left","8":"tablet-align-left","9":"mobile-align-left","11":"first","12":"instock","13":"product-type-external"},"brands":[{"id":306,"name":"VEGAZ","slug":"vegaz"}],"_links":{"self":[{"href":"https:\/\/www.autonvaraosahaku.fi\/index.php?rest_route=\/wp\/v2\/product\/69935","targetHints":{"allow":["GET"]}}],"collection":[{"href":"https:\/\/www.autonvaraosahaku.fi\/index.php?rest_route=\/wp\/v2\/product"}],"about":[{"href":"https:\/\/www.autonvaraosahaku.fi\/index.php?rest_route=\/wp\/v2\/types\/product"}],"wp:attachment":[{"href":"https:\/\/www.autonvaraosahaku.fi\/index.php?rest_route=%2Fwp%2Fv2%2Fmedia&parent=69935"}],"wp:term":[{"taxonomy":"pwb-brand","embeddable":true,"href":"https:\/\/www.autonvaraosahaku.fi\/index.php?rest_route=%2Fwp%2Fv2%2Fpwb-brand&post=69935"},{"taxonomy":"product_cat","embeddable":true,"href":"https:\/\/www.autonvaraosahaku.fi\/index.php?rest_route=%2Fwp%2Fv2%2Fproduct_cat&post=69935"},{"taxonomy":"product_tag","embeddable":true,"href":"https:\/\/www.autonvaraosahaku.fi\/index.php?rest_route=%2Fwp%2Fv2%2Fproduct_tag&post=69935"}],"curies":[{"name":"wp","href":"https:\/\/api.w.org\/{rel}","templated":true}]}}