{"id":69937,"date":"2021-02-21T19:06:35","date_gmt":"2021-02-21T19:06:35","guid":{"rendered":"https:\/\/www.autonvaraosahaku.fi\/?product=febi-bilstein-19187-oljypohjan-tiiviste"},"modified":"2021-02-21T19:06:37","modified_gmt":"2021-02-21T19:06:37","slug":"febi-bilstein-19187-oljypohjan-tiiviste","status":"publish","type":"product","link":"https:\/\/www.autonvaraosahaku.fi\/?product=febi-bilstein-19187-oljypohjan-tiiviste","title":{"rendered":"FEBI BILSTEIN 19187 \u00d6ljypohjan tiiviste"},"content":{"rendered":"<p>V\u00e4ri: Harmaa; Materiaali: Paperi; Paino [kg]: 0,05, 0,05; Huomioi tekniset tiedot: ; CITRO\u00cbN: ZX N2,BX XB-_,C25 Bus 280_, 290_,ZX Break N2,BX Break XB-_,C25 Kasten 280_, 290_,C15 VD-_,C15 Kombi; PEUGEOT: 306 Schr\u00e4gheck 7A, 7C, N3, N5,205 II 20A\/C,205 I Cabriolet 741B, 20D,J5 Bus 290P,309 II 3C, 3A,205 I 741A\/C,J5 Kasten 290L,405 I 15B,605 6B,405 II 4B,309 I 10C, 10A,405 II Break 4E,405 I Break 15E,205 Kasten; 030434, 30434, 030434, 30434; Tiiviste, \u00d6ljypohja<\/p>\n","protected":false},"excerpt":{"rendered":"<p>FEBI BILSTEIN \u00d6ljypohjan Tiiviste 19187 Tiiviste, \u00d6ljypohja CITRO\u00cbN,PEUGEOT,ZX N2,BX XB-_,C25 Bus 280_, 290_,ZX Break N2,BX Break XB-_<\/p>\n","protected":false},"featured_media":0,"template":"","meta":{"site-sidebar-layout":"default","site-content-layout":"default","ast-global-header-display":"","ast-main-header-display":"","ast-hfb-above-header-display":"","ast-hfb-below-header-display":"","ast-hfb-mobile-header-display":"","site-post-title":"","ast-breadcrumbs-content":"","ast-featured-img":"","footer-sml-layout":"","theme-transparent-header-meta":"","adv-header-id-meta":"","stick-header-meta":"","header-above-stick-meta":"","header-main-stick-meta":"","header-below-stick-meta":""},"pwb-brand":[50],"product_cat":[180],"product_tag":[],"class_list":{"0":"post-69937","1":"product","2":"type-product","3":"status-publish","5":"pwb-brand-febi-bilstein","6":"product_cat-oljypohjan-tiiviste","7":"desktop-align-left","8":"tablet-align-left","9":"mobile-align-left","11":"first","12":"instock","13":"product-type-external"},"brands":[{"id":50,"name":"FEBI BILSTEIN","slug":"febi-bilstein"}],"_links":{"self":[{"href":"https:\/\/www.autonvaraosahaku.fi\/index.php?rest_route=\/wp\/v2\/product\/69937","targetHints":{"allow":["GET"]}}],"collection":[{"href":"https:\/\/www.autonvaraosahaku.fi\/index.php?rest_route=\/wp\/v2\/product"}],"about":[{"href":"https:\/\/www.autonvaraosahaku.fi\/index.php?rest_route=\/wp\/v2\/types\/product"}],"wp:attachment":[{"href":"https:\/\/www.autonvaraosahaku.fi\/index.php?rest_route=%2Fwp%2Fv2%2Fmedia&parent=69937"}],"wp:term":[{"taxonomy":"pwb-brand","embeddable":true,"href":"https:\/\/www.autonvaraosahaku.fi\/index.php?rest_route=%2Fwp%2Fv2%2Fpwb-brand&post=69937"},{"taxonomy":"product_cat","embeddable":true,"href":"https:\/\/www.autonvaraosahaku.fi\/index.php?rest_route=%2Fwp%2Fv2%2Fproduct_cat&post=69937"},{"taxonomy":"product_tag","embeddable":true,"href":"https:\/\/www.autonvaraosahaku.fi\/index.php?rest_route=%2Fwp%2Fv2%2Fproduct_tag&post=69937"}],"curies":[{"name":"wp","href":"https:\/\/api.w.org\/{rel}","templated":true}]}}