{"id":69951,"date":"2021-02-21T19:06:41","date_gmt":"2021-02-21T19:06:41","guid":{"rendered":"https:\/\/www.autonvaraosahaku.fi\/?product=febi-bilstein-18546-jarrulevyt"},"modified":"2021-02-21T19:06:41","modified_gmt":"2021-02-21T19:06:41","slug":"febi-bilstein-18546-jarrulevyt","status":"publish","type":"product","link":"https:\/\/www.autonvaraosahaku.fi\/?product=febi-bilstein-18546-jarrulevyt","title":{"rendered":"FEBI BILSTEIN 18546 Jarrulevyt"},"content":{"rendered":"<p>Jarrulevyn paksuus (mm): 22; Kiinnitysreikien lukum\u00e4\u00e4r\u00e4: 4; Paksuus [mm]: 43,84; Ulkol\u00e4pimitta [mm]: 284,0; Reik\u00e4ympyr\u00e4-\u00d8 [mm]: 98; Pinta: pinnoitettu; Jarrulevytyyppi: Tuuletettu, sis\u00e4; Asennuspuoli: Etuakseli; V\u00e4himm\u00e4ispaksuus (mm): 20,2; Paino [kg]: 6,46; keskitt\u00e4misl\u00e4pimitta [mm]: 59, 58,9; Varusteet: f\u00fcr Fahrzeuge mit Sportpaket; ABARTH: 500 \/ 595 312_,500C \/ 595C 312_; LANCIA: DELTA III 844,MUSA 350,LYBRA SW 839BX,DELTA I 831AB0,LYBRA 839AX,THEMA 834,DELTA II 836,THEMA SW 834; FIAT: STILO 192,BRAVO II 198,DOBLO Cargo 223,STILO Multi Wagon 192,DOBLO 119,DOBLO Kasten\/Kombi 263,IDEA,COUPE FA\/175,STRADA Pick-up 178E,QUBO 225,DOBLO Gro\u00dfraumlimousine 152, 263,BRAVO I 182,MAREA Weekend 185,FIORINO Kasten\/Kombi 225,LINEA 323,DOBLO Pritsche\/Fahrgestell 263,CROMA 154,STRADA Pick-up 578_,MAREA 185; ALFA ROMEO: 155 167; 46455892, 51920094, 51938383, 5741446, 46445004, 46455892, 46758714, 60806135, 60810404, 60813038, 71739569, 71772274, 82433918, 82440356, 82451746, 0082433918, 0082451746, 46403088, 46403959, 46445004, 46448168, 46455892, 46758714, 51920094, 51938383, 5741446, 60806135, 60812164, 60812422, 60813038, 71739569, 71772274, 82433918, 82440356, 82450657, 82451746, 46403088, 46445004, 46455892, 46758714, 60810404, 60812422, 60813038, 71739569, 71769483, 71772274, 82440356, 82450657, 82451746; Jarrulevy<\/p>\n","protected":false},"excerpt":{"rendered":"<p>FEBI BILSTEIN Jarrulevyt 18546 Jarrulevy ABARTH,LANCIA,FIAT,500 \/ 595 312_,500C \/ 595C 312_,DELTA III 844,MUSA 350,LYBRA SW 839BX,DELTA I 831AB0<\/p>\n","protected":false},"featured_media":0,"template":"","meta":{"site-sidebar-layout":"default","site-content-layout":"default","ast-global-header-display":"","ast-main-header-display":"","ast-hfb-above-header-display":"","ast-hfb-below-header-display":"","ast-hfb-mobile-header-display":"","site-post-title":"","ast-breadcrumbs-content":"","ast-featured-img":"","footer-sml-layout":"","theme-transparent-header-meta":"","adv-header-id-meta":"","stick-header-meta":"","header-above-stick-meta":"","header-main-stick-meta":"","header-below-stick-meta":""},"pwb-brand":[50],"product_cat":[66],"product_tag":[],"class_list":{"0":"post-69951","1":"product","2":"type-product","3":"status-publish","5":"pwb-brand-febi-bilstein","6":"product_cat-jarrulevyt","7":"desktop-align-left","8":"tablet-align-left","9":"mobile-align-left","11":"first","12":"instock","13":"product-type-external"},"brands":[{"id":50,"name":"FEBI BILSTEIN","slug":"febi-bilstein"}],"_links":{"self":[{"href":"https:\/\/www.autonvaraosahaku.fi\/index.php?rest_route=\/wp\/v2\/product\/69951","targetHints":{"allow":["GET"]}}],"collection":[{"href":"https:\/\/www.autonvaraosahaku.fi\/index.php?rest_route=\/wp\/v2\/product"}],"about":[{"href":"https:\/\/www.autonvaraosahaku.fi\/index.php?rest_route=\/wp\/v2\/types\/product"}],"wp:attachment":[{"href":"https:\/\/www.autonvaraosahaku.fi\/index.php?rest_route=%2Fwp%2Fv2%2Fmedia&parent=69951"}],"wp:term":[{"taxonomy":"pwb-brand","embeddable":true,"href":"https:\/\/www.autonvaraosahaku.fi\/index.php?rest_route=%2Fwp%2Fv2%2Fpwb-brand&post=69951"},{"taxonomy":"product_cat","embeddable":true,"href":"https:\/\/www.autonvaraosahaku.fi\/index.php?rest_route=%2Fwp%2Fv2%2Fproduct_cat&post=69951"},{"taxonomy":"product_tag","embeddable":true,"href":"https:\/\/www.autonvaraosahaku.fi\/index.php?rest_route=%2Fwp%2Fv2%2Fproduct_tag&post=69951"}],"curies":[{"name":"wp","href":"https:\/\/api.w.org\/{rel}","templated":true}]}}