{"id":6996,"date":"2021-02-21T13:58:53","date_gmt":"2021-02-21T13:58:53","guid":{"rendered":"https:\/\/www.autonvaraosahaku.fi\/?product=master-sport-14724-pcs-ms-koiranluu"},"modified":"2021-02-21T13:58:55","modified_gmt":"2021-02-21T13:58:55","slug":"master-sport-14724-pcs-ms-koiranluu","status":"publish","type":"product","link":"https:\/\/www.autonvaraosahaku.fi\/?product=master-sport-14724-pcs-ms-koiranluu","title":{"rendered":"MASTER-SPORT 14724-PCS-MS Koiranluu"},"content":{"rendered":"<p>Asennuspuoli: Etuakseli, Molemminpuolin; Tanko \/ tuki: Heilurintanko; Lukum\u00e4\u00e4r\u00e4 akselille: 2; Nettopaino [kg]: 0,45; Bruttopaino [kg]: 0,48; OPEL: CORSA C F08, F68,MERIVA,VECTRA B 36_,TIGRA TwinTop,VECTRA B Caravan 31_,COMBO Kasten\/Kombi,VECTRA B CC 38_,COMBO Tour,CORSA C Kasten F08, W5L; SAAB: 9-5 Kombi YS3E,9-5 YS3E; VAUXHALL: CORSA Mk II C W5L, F08,CORSAVAN Mk II C,MERIVA Mk I A,TIGRA Convertible,VECTRA B CC,VECTRA B Estate,VECTRA B,COMBO TOUR Mk II C F25,COMBO Mk II C Kasten\/Kombi F25; 350610, 90496116, 350610, 90496116, 4686606, 5236823, 350610, 90496116; Kallistuksenvakaajan Yhdystanko,Tanko, Kallistuksenvaimennin<\/p>\n","protected":false},"excerpt":{"rendered":"<p>MASTER-SPORT Koiranluu 14724-PCS-MS Kallistuksenvakaajan Yhdystanko,Tanko, Kallistuksenvaimennin OPEL,SAAB,VAUXHALL,CORSA C F08, F68,MERIVA<\/p>\n","protected":false},"featured_media":0,"template":"","meta":{"site-sidebar-layout":"default","site-content-layout":"default","ast-global-header-display":"","ast-main-header-display":"","ast-hfb-above-header-display":"","ast-hfb-below-header-display":"","ast-hfb-mobile-header-display":"","site-post-title":"","ast-breadcrumbs-content":"","ast-featured-img":"","footer-sml-layout":"","theme-transparent-header-meta":"","adv-header-id-meta":"","stick-header-meta":"","header-above-stick-meta":"","header-main-stick-meta":"","header-below-stick-meta":""},"pwb-brand":[61],"product_cat":[38],"product_tag":[],"class_list":{"0":"post-6996","1":"product","2":"type-product","3":"status-publish","5":"pwb-brand-master-sport","6":"product_cat-koiranluu","7":"desktop-align-left","8":"tablet-align-left","9":"mobile-align-left","11":"first","12":"instock","13":"product-type-external"},"brands":[{"id":61,"name":"MASTER-SPORT","slug":"master-sport"}],"_links":{"self":[{"href":"https:\/\/www.autonvaraosahaku.fi\/index.php?rest_route=\/wp\/v2\/product\/6996","targetHints":{"allow":["GET"]}}],"collection":[{"href":"https:\/\/www.autonvaraosahaku.fi\/index.php?rest_route=\/wp\/v2\/product"}],"about":[{"href":"https:\/\/www.autonvaraosahaku.fi\/index.php?rest_route=\/wp\/v2\/types\/product"}],"wp:attachment":[{"href":"https:\/\/www.autonvaraosahaku.fi\/index.php?rest_route=%2Fwp%2Fv2%2Fmedia&parent=6996"}],"wp:term":[{"taxonomy":"pwb-brand","embeddable":true,"href":"https:\/\/www.autonvaraosahaku.fi\/index.php?rest_route=%2Fwp%2Fv2%2Fpwb-brand&post=6996"},{"taxonomy":"product_cat","embeddable":true,"href":"https:\/\/www.autonvaraosahaku.fi\/index.php?rest_route=%2Fwp%2Fv2%2Fproduct_cat&post=6996"},{"taxonomy":"product_tag","embeddable":true,"href":"https:\/\/www.autonvaraosahaku.fi\/index.php?rest_route=%2Fwp%2Fv2%2Fproduct_tag&post=6996"}],"curies":[{"name":"wp","href":"https:\/\/api.w.org\/{rel}","templated":true}]}}