{"id":69961,"date":"2021-02-21T19:06:41","date_gmt":"2021-02-21T19:06:41","guid":{"rendered":"https:\/\/www.autonvaraosahaku.fi\/?product=trw-df1721-jarrulevyt"},"modified":"2021-02-21T19:06:43","modified_gmt":"2021-02-21T19:06:43","slug":"trw-df1721-jarrulevyt","status":"publish","type":"product","link":"https:\/\/www.autonvaraosahaku.fi\/?product=trw-df1721-jarrulevyt","title":{"rendered":"TRW DF1721 Jarrulevyt"},"content":{"rendered":"<p>Jarrulevytyyppi: Vakiomalli; Ulkol\u00e4pimitta [mm]: 227,5; Jarrulevyn paksuus (mm): 10,8; V\u00e4himm\u00e4ispaksuus (mm): 9; keskitt\u00e4misl\u00e4pimitta [mm]: 62; Korkeus (mm): 46; Reikien m\u00e4\u00e4r\u00e4: 4; Kierremitta: 13,2; Reik\u00e4ympyr\u00e4-\u00d8 [mm]: 98; V\u00e4ri: Musta; Pinta: Lakattu; Tarkistuskilpi: E190R-02 C0190\/0628; Asennuspuoli: Vorderachse; SEAT: MARBELLA 28,IBIZA I 021A,TERRA Kasten 024A,127 127A,MARBELLA Kasten 028A,124,600 D,MALAGA 023A,TERRA 24,133,131,124 Kombi,850,128,132,RONDA 022A,PANDA 141A,FURA 025A,RITMO 138; LANCIA: DELTA I 831AB0,BETA MONTE CARLO 137AS, 137BS,Y10 156,A 112,PRISMA 831AB0; FIAT: PANDA 141A_,124 Spider,UNO 146A\/E,X 1\/9 128 AS,127,850 Spider,850,128 Coupe,128,850 Coupe,PANDA Van 141_,125,131,124 Coupe,RITMO I 138A,124,132,FIORINO 147,CAMPAGNOLA,REGATA 138,ARGENTA 132A,124 Familiare,RITMO Cabriolet,127 Panorama,128 Familiare,FIORINO 127,UNO Kasten 146,131 Familiare\/Panorama,147,FIORINO Pick up 147,147 Panorama; AUTOBIANCHI: A 112,Y10; ZASTAVA: 101 1100,YUGO,YUGO FLORIDA; 4208311, 4385812, 94385812, 94439010, 4139010, 4208311, 4385812, 71738422, 061750, 655438512, 655439010, 4385812, 94385812, 34385812, 4139010, 4385812, 71738422, 94385812, 94439010, 00984377102, 00984385812, 4385812, 984377102, 984385812, RF16500250, RF1650025053, SE022165002A, 4208311, 4385812, 46618703; Jarrulevy<\/p>\n","protected":false},"excerpt":{"rendered":"<p>TRW Jarrulevyt DF1721 Jarrulevy SEAT,LANCIA,FIAT,MARBELLA 28,IBIZA I 021A,TERRA Kasten 024A,127 127A,MARBELLA Kasten 028A,124,600 D,MALAGA 023A<\/p>\n","protected":false},"featured_media":0,"template":"","meta":{"site-sidebar-layout":"default","site-content-layout":"default","ast-global-header-display":"","ast-main-header-display":"","ast-hfb-above-header-display":"","ast-hfb-below-header-display":"","ast-hfb-mobile-header-display":"","site-post-title":"","ast-breadcrumbs-content":"","ast-featured-img":"","footer-sml-layout":"","theme-transparent-header-meta":"","adv-header-id-meta":"","stick-header-meta":"","header-above-stick-meta":"","header-main-stick-meta":"","header-below-stick-meta":""},"pwb-brand":[332],"product_cat":[66],"product_tag":[],"class_list":{"0":"post-69961","1":"product","2":"type-product","3":"status-publish","5":"pwb-brand-trw","6":"product_cat-jarrulevyt","7":"desktop-align-left","8":"tablet-align-left","9":"mobile-align-left","11":"first","12":"instock","13":"product-type-external"},"brands":[{"id":332,"name":"TRW","slug":"trw"}],"_links":{"self":[{"href":"https:\/\/www.autonvaraosahaku.fi\/index.php?rest_route=\/wp\/v2\/product\/69961","targetHints":{"allow":["GET"]}}],"collection":[{"href":"https:\/\/www.autonvaraosahaku.fi\/index.php?rest_route=\/wp\/v2\/product"}],"about":[{"href":"https:\/\/www.autonvaraosahaku.fi\/index.php?rest_route=\/wp\/v2\/types\/product"}],"wp:attachment":[{"href":"https:\/\/www.autonvaraosahaku.fi\/index.php?rest_route=%2Fwp%2Fv2%2Fmedia&parent=69961"}],"wp:term":[{"taxonomy":"pwb-brand","embeddable":true,"href":"https:\/\/www.autonvaraosahaku.fi\/index.php?rest_route=%2Fwp%2Fv2%2Fpwb-brand&post=69961"},{"taxonomy":"product_cat","embeddable":true,"href":"https:\/\/www.autonvaraosahaku.fi\/index.php?rest_route=%2Fwp%2Fv2%2Fproduct_cat&post=69961"},{"taxonomy":"product_tag","embeddable":true,"href":"https:\/\/www.autonvaraosahaku.fi\/index.php?rest_route=%2Fwp%2Fv2%2Fproduct_tag&post=69961"}],"curies":[{"name":"wp","href":"https:\/\/api.w.org\/{rel}","templated":true}]}}