{"id":69962,"date":"2021-02-21T19:06:41","date_gmt":"2021-02-21T19:06:41","guid":{"rendered":"https:\/\/www.autonvaraosahaku.fi\/?product=trw-df1005-jarrulevyt"},"modified":"2021-02-21T19:06:43","modified_gmt":"2021-02-21T19:06:43","slug":"trw-df1005-jarrulevyt","status":"publish","type":"product","link":"https:\/\/www.autonvaraosahaku.fi\/?product=trw-df1005-jarrulevyt","title":{"rendered":"TRW DF1005 Jarrulevyt"},"content":{"rendered":"<p>Jarrulevytyyppi: Vakiomalli; Ulkol\u00e4pimitta [mm]: 228; Jarrulevyn paksuus (mm): 10; V\u00e4himm\u00e4ispaksuus (mm): 9; keskitt\u00e4misl\u00e4pimitta [mm]: 83; Korkeus (mm): 38,5; Reikien m\u00e4\u00e4r\u00e4: 6; Kierremitta: M8 x 1,50; Reik\u00e4ympyr\u00e4-\u00d8 [mm]: 99; V\u00e4ri: Musta; Pinta: Lakattu; Tarkistuskilpi: E190R-02 C0190\/0628; Asennuspuoli: Vorderachse; DACIA: 1310 Stufenheck U, X,1300; RENAULT: 4 112_,5 122_,4 Kasten R21_, R23_,12,16 115_,8 113_,6 118_,18 134_,17,18 Variable 135_,5 Kasten 238_,12 Variable 117_,RODEO 6,15 130_,18 Kasten,12 Kasten,RODEO 4,RODEO 5; ARO: 240-244,10,SPARTANA; 10230001202, 7700502515, 7797502515, 2677502515, 2677509150, 7700502515, 7701466540, 7700502515, 7701466540; Jarrulevy<\/p>\n","protected":false},"excerpt":{"rendered":"<p>TRW Jarrulevyt DF1005 Jarrulevy DACIA,RENAULT,ARO,1310 Stufenheck U, X,1300,4 112_,5 122_,4 Kasten R21_, R23_,12,16 115_,8 113_,6 118_,18 134_,17<\/p>\n","protected":false},"featured_media":0,"template":"","meta":{"site-sidebar-layout":"default","site-content-layout":"default","ast-global-header-display":"","ast-main-header-display":"","ast-hfb-above-header-display":"","ast-hfb-below-header-display":"","ast-hfb-mobile-header-display":"","site-post-title":"","ast-breadcrumbs-content":"","ast-featured-img":"","footer-sml-layout":"","theme-transparent-header-meta":"","adv-header-id-meta":"","stick-header-meta":"","header-above-stick-meta":"","header-main-stick-meta":"","header-below-stick-meta":""},"pwb-brand":[332],"product_cat":[66],"product_tag":[],"class_list":{"0":"post-69962","1":"product","2":"type-product","3":"status-publish","5":"pwb-brand-trw","6":"product_cat-jarrulevyt","7":"desktop-align-left","8":"tablet-align-left","9":"mobile-align-left","11":"first","12":"instock","13":"product-type-external"},"brands":[{"id":332,"name":"TRW","slug":"trw"}],"_links":{"self":[{"href":"https:\/\/www.autonvaraosahaku.fi\/index.php?rest_route=\/wp\/v2\/product\/69962","targetHints":{"allow":["GET"]}}],"collection":[{"href":"https:\/\/www.autonvaraosahaku.fi\/index.php?rest_route=\/wp\/v2\/product"}],"about":[{"href":"https:\/\/www.autonvaraosahaku.fi\/index.php?rest_route=\/wp\/v2\/types\/product"}],"wp:attachment":[{"href":"https:\/\/www.autonvaraosahaku.fi\/index.php?rest_route=%2Fwp%2Fv2%2Fmedia&parent=69962"}],"wp:term":[{"taxonomy":"pwb-brand","embeddable":true,"href":"https:\/\/www.autonvaraosahaku.fi\/index.php?rest_route=%2Fwp%2Fv2%2Fpwb-brand&post=69962"},{"taxonomy":"product_cat","embeddable":true,"href":"https:\/\/www.autonvaraosahaku.fi\/index.php?rest_route=%2Fwp%2Fv2%2Fproduct_cat&post=69962"},{"taxonomy":"product_tag","embeddable":true,"href":"https:\/\/www.autonvaraosahaku.fi\/index.php?rest_route=%2Fwp%2Fv2%2Fproduct_tag&post=69962"}],"curies":[{"name":"wp","href":"https:\/\/api.w.org\/{rel}","templated":true}]}}