{"id":69975,"date":"2021-02-21T19:06:46","date_gmt":"2021-02-21T19:06:46","guid":{"rendered":"https:\/\/www.autonvaraosahaku.fi\/?product=febi-bilstein-14060-jarrurumpu"},"modified":"2021-02-21T19:06:47","modified_gmt":"2021-02-21T19:06:47","slug":"febi-bilstein-14060-jarrurumpu","status":"publish","type":"product","link":"https:\/\/www.autonvaraosahaku.fi\/?product=febi-bilstein-14060-jarrurumpu","title":{"rendered":"FEBI BILSTEIN 14060 Jarrurumpu"},"content":{"rendered":"<p>Kiinnitysreikien lukum\u00e4\u00e4r\u00e4: 4; Paksuus [mm]: 40,0; Sis\u00e4l\u00e4pimitta [mm]: 200,0; Reik\u00e4ympyr\u00e4-\u00d8 [mm]: 100; Asennuspuoli: Taka-akseli, Taka-akseli; Paino [kg]: 8,7, 8,7; Alustanumerosta: 825 2000 051; VW: GOLF III 1H1,POLO 6N2,POLO 6N1,GOLF II 19E, 1G1,PASSAT Variant 3A5, 35I,GOLF III Cabriolet 1E7,GOLF Mk III Cabriolet 1E7,GOLF III Variant 1H5,PASSAT 3A2, 35I,POLO Variant 6KV5,POLO CLASSIC 6KV2,SCIROCCO 53B,VENTO 1H2,GOLF I 17,JETTA II 19E, 1G2, 165,PASSAT Variant 32B,POLO Kasten 6NF,PASSAT 32B,GOL V,CADDY II Pick-up 9U7,SCIROCCO 53,1500,1600 31,GOL,PASSAT 32,PASSAT Stufenheck 32B,PASSAT Variant 33,SANTANA 32B,PARATI III,GOLF II Van 19E, 1G1,GOLF III Van 1H1; AUDI: 80 81, 85, B2,COUPE 81, 85,QUATTRO 85,80 80, 82, B1,90 81, 85, B2; SKODA: FELICIA I Fun 797; SEAT: IBIZA II 6K1,CORDOBA 6K1, 6K2,CORDOBA Vario 6K1,TOLEDO I 1L; 191501615A, 1H0501615, 1H0501615A, 323501615, 331501615, 331501615A, 5U0501615B, 841501615A, 1H0501615A, 115330192, 1H0501615A, 6U0501615A, 6U0501615B, 191501615A, 1H0501615, 1H0501615A, 323501615, 331501615, 331501615A, 5U0501615B, 6U0501615B, 841501615A<\/p>\n","protected":false},"excerpt":{"rendered":"<p>FEBI BILSTEIN Jarrurumpu 14060  VW,AUDI,SKODA,GOLF III 1H1,POLO 6N2,POLO 6N1,GOLF II 19E, 1G1,PASSAT Variant 3A5, 35I,GOLF III Cabriolet 1E7<\/p>\n","protected":false},"featured_media":0,"template":"","meta":{"site-sidebar-layout":"default","site-content-layout":"default","ast-global-header-display":"","ast-main-header-display":"","ast-hfb-above-header-display":"","ast-hfb-below-header-display":"","ast-hfb-mobile-header-display":"","site-post-title":"","ast-breadcrumbs-content":"","ast-featured-img":"","footer-sml-layout":"","theme-transparent-header-meta":"","adv-header-id-meta":"","stick-header-meta":"","header-above-stick-meta":"","header-main-stick-meta":"","header-below-stick-meta":""},"pwb-brand":[50],"product_cat":[304],"product_tag":[],"class_list":{"0":"post-69975","1":"product","2":"type-product","3":"status-publish","5":"pwb-brand-febi-bilstein","6":"product_cat-jarrurumpu","7":"desktop-align-left","8":"tablet-align-left","9":"mobile-align-left","11":"first","12":"instock","13":"product-type-external"},"brands":[{"id":50,"name":"FEBI BILSTEIN","slug":"febi-bilstein"}],"_links":{"self":[{"href":"https:\/\/www.autonvaraosahaku.fi\/index.php?rest_route=\/wp\/v2\/product\/69975","targetHints":{"allow":["GET"]}}],"collection":[{"href":"https:\/\/www.autonvaraosahaku.fi\/index.php?rest_route=\/wp\/v2\/product"}],"about":[{"href":"https:\/\/www.autonvaraosahaku.fi\/index.php?rest_route=\/wp\/v2\/types\/product"}],"wp:attachment":[{"href":"https:\/\/www.autonvaraosahaku.fi\/index.php?rest_route=%2Fwp%2Fv2%2Fmedia&parent=69975"}],"wp:term":[{"taxonomy":"pwb-brand","embeddable":true,"href":"https:\/\/www.autonvaraosahaku.fi\/index.php?rest_route=%2Fwp%2Fv2%2Fpwb-brand&post=69975"},{"taxonomy":"product_cat","embeddable":true,"href":"https:\/\/www.autonvaraosahaku.fi\/index.php?rest_route=%2Fwp%2Fv2%2Fproduct_cat&post=69975"},{"taxonomy":"product_tag","embeddable":true,"href":"https:\/\/www.autonvaraosahaku.fi\/index.php?rest_route=%2Fwp%2Fv2%2Fproduct_tag&post=69975"}],"curies":[{"name":"wp","href":"https:\/\/api.w.org\/{rel}","templated":true}]}}