{"id":7000,"date":"2021-02-21T13:58:56","date_gmt":"2021-02-21T13:58:56","guid":{"rendered":"https:\/\/www.autonvaraosahaku.fi\/?product=mobil-142805-vaihteistooljy"},"modified":"2021-02-21T13:58:57","modified_gmt":"2021-02-21T13:58:57","slug":"mobil-142805-vaihteistooljy","status":"publish","type":"product","link":"https:\/\/www.autonvaraosahaku.fi\/?product=mobil-142805-vaihteistooljy","title":{"rendered":"MOBIL 142805 Vaihteisto\u00f6ljy"},"content":{"rendered":"<p>Tilavuus (litra): 1; Pakkaustyyppi: Pullo; Viskositeettiluokka SAE: 80W; Valmistajan hyv\u00e4ksym\u00e4: 341 Typ E1, 341 Typ Z2, MB Approval 235.1, ZF TE-ML 17A; \u00f6ljynvalmistajan suositus: 341 Typ Z1, API GL-4, ZF TE-ML 08; Versio: GX-A; VW: TRANSPORTER IV Bus 70XB, 70XC, 7DB, 7DW,GOLF III 1H1,GOLF II 19E, 1G1,PASSAT Variant 3A5, 35I,GOLF I Cabriolet 155,GOLF III Cabriolet 1E7,TRANSPORTER IV Kasten 70XA,GOLF III Variant 1H5,TRANSPORTER III Bus,POLO 86C, 80,POLO Coupe 86C, 80,PASSAT 3A2, 35I,CORRADO 53I,TRANSPORTER IV Pritsche\/Fahrgestell 70XD,SCIROCCO 53B,VENTO 1H2,LT 28-35 I Kasten 281-363,GOLF I 17,LT 28-35 I Bus 281-363,JETTA II 19E, 1G2, 165,PASSAT Variant 32B,TRANSPORTER III Kasten,POLO CLASSIC 86C, 80,LT 28-35 I Pritsche\/Fahrgestell 281-363,TRANSPORTER III Pritsche\/Fahrgestell,PASSAT 32B,LT 40-55 I Pritsche\/Fahrgestell 293-909,POLO 86,JETTA I 16,POLO Kasten 86CF,PASSAT 32,LT 40-55 I Kasten 291-512,TRANSPORTER II Kasten,PASSAT Variant 33,SANTANA 32B,TRANSPORTER II Pritsche\/Fahrgestell,SANTANA; AUDI: 100 44, 44Q, C3,COUPE 89, 8B,80 81, 85, B2,100 Avant 44, 44Q, C3,COUPE 81, 85,200 44, 44Q,100 43, C2,200 43; SKODA: FELICIA I Fun 797,105,120 742,FAVORIT 781,105,120 744,FAVORIT Forman 785,130; BMW: 5 E28,6 E24,7 E23,5 E12; SEAT: IBIZA II 6K1,CORDOBA 6K1, 6K2,CORDOBA Vario 6K1,TOLEDO I 1L; CHEVROLET: NUBIRA Kombi,LACETTI J200,REZZO,NUBIRA Stufenheck; DAEWOO: KALOS KLAS,REZZO KLAU,LANOS KLAT,NUBIRA Stufenheck KLAN,KALOS Stufenheck KLAS,NUBIRA Wagon KLAN,NUBIRA Wagon KLAJ,LANOS Stufenheck KLAT,LEGANZA KLAV,NUBIRA Stufenheck KLAJ,NUBIRA KLAJ; VOLVO: 240 Kombi P245,260 P262, P264,260 Kombi P265; DAIHATSU: CHARADE II G11, G30; SAAB: 900 I Cabriolet,900 I Combi Coupe,900 I AC4, AM4; Vaihdelaatikon \u00d6ljy<\/p>\n","protected":false},"excerpt":{"rendered":"<p>MOBIL Vaihteisto\u00f6ljy 142805 Vaihdelaatikon \u00d6ljy VW,AUDI,SKODA,TRANSPORTER IV Bus 70XB, 70XC, 7DB, 7DW,GOLF III 1H1,GOLF II 19E, 1G1<\/p>\n","protected":false},"featured_media":0,"template":"","meta":{"site-sidebar-layout":"default","site-content-layout":"default","ast-global-header-display":"","ast-main-header-display":"","ast-hfb-above-header-display":"","ast-hfb-below-header-display":"","ast-hfb-mobile-header-display":"","site-post-title":"","ast-breadcrumbs-content":"","ast-featured-img":"","footer-sml-layout":"","theme-transparent-header-meta":"","adv-header-id-meta":"","stick-header-meta":"","header-above-stick-meta":"","header-main-stick-meta":"","header-below-stick-meta":""},"pwb-brand":[128],"product_cat":[58],"product_tag":[],"class_list":{"0":"post-7000","1":"product","2":"type-product","3":"status-publish","5":"pwb-brand-mobil","6":"product_cat-vaihteistooljy","7":"desktop-align-left","8":"tablet-align-left","9":"mobile-align-left","11":"first","12":"instock","13":"product-type-external"},"brands":[{"id":128,"name":"MOBIL","slug":"mobil"}],"_links":{"self":[{"href":"https:\/\/www.autonvaraosahaku.fi\/index.php?rest_route=\/wp\/v2\/product\/7000","targetHints":{"allow":["GET"]}}],"collection":[{"href":"https:\/\/www.autonvaraosahaku.fi\/index.php?rest_route=\/wp\/v2\/product"}],"about":[{"href":"https:\/\/www.autonvaraosahaku.fi\/index.php?rest_route=\/wp\/v2\/types\/product"}],"wp:attachment":[{"href":"https:\/\/www.autonvaraosahaku.fi\/index.php?rest_route=%2Fwp%2Fv2%2Fmedia&parent=7000"}],"wp:term":[{"taxonomy":"pwb-brand","embeddable":true,"href":"https:\/\/www.autonvaraosahaku.fi\/index.php?rest_route=%2Fwp%2Fv2%2Fpwb-brand&post=7000"},{"taxonomy":"product_cat","embeddable":true,"href":"https:\/\/www.autonvaraosahaku.fi\/index.php?rest_route=%2Fwp%2Fv2%2Fproduct_cat&post=7000"},{"taxonomy":"product_tag","embeddable":true,"href":"https:\/\/www.autonvaraosahaku.fi\/index.php?rest_route=%2Fwp%2Fv2%2Fproduct_tag&post=7000"}],"curies":[{"name":"wp","href":"https:\/\/api.w.org\/{rel}","templated":true}]}}