{"id":70047,"date":"2021-02-21T19:07:02","date_gmt":"2021-02-21T19:07:02","guid":{"rendered":"https:\/\/www.autonvaraosahaku.fi\/?product=meyle-014-035-0010-taka-akselin-puslat"},"modified":"2021-02-21T19:07:05","modified_gmt":"2021-02-21T19:07:05","slug":"meyle-014-035-0010-taka-akselin-puslat","status":"publish","type":"product","link":"https:\/\/www.autonvaraosahaku.fi\/?product=meyle-014-035-0010-taka-akselin-puslat","title":{"rendered":"MEYLE 014 035 0010 Taka-akselin puslat"},"content":{"rendered":"<p>Asennuspuoli: Keskell\u00e4, Edess\u00e4, Taka-akseli; Korkeus (mm): 18; Sis\u00e4l\u00e4pimitta [mm]: 10; Ulkol\u00e4pimitta [mm]: 64; Ulkol\u00e4pimitta 1 [mm]: 57; Tuotelinja: -ORIGINAL Quality; Erikoisajoneuvo: nicht f\u00fcr Taxifahrzeuge; MERCEDES-BENZ: Stufenheck W124,KOMBI Kombi S124,E-CLASS W124,COUPE C124,E-CLASS Kombi S124,E-CLASS Cabriolet A124,E-CLASS Coupe C124,CABRIOLET A124; 1243511342; Apurungon Puslat,Akselinripustus<\/p>\n","protected":false},"excerpt":{"rendered":"<p>MEYLE Taka-akselin Puslat 014 035 0010 Apurungon Puslat,Akselinripustus MERCEDES-BENZ,Stufenheck W124,KOMBI Kombi S124,E-CLASS W124,COUPE C124<\/p>\n","protected":false},"featured_media":0,"template":"","meta":{"site-sidebar-layout":"default","site-content-layout":"default","ast-global-header-display":"","ast-main-header-display":"","ast-hfb-above-header-display":"","ast-hfb-below-header-display":"","ast-hfb-mobile-header-display":"","site-post-title":"","ast-breadcrumbs-content":"","ast-featured-img":"","footer-sml-layout":"","theme-transparent-header-meta":"","adv-header-id-meta":"","stick-header-meta":"","header-above-stick-meta":"","header-main-stick-meta":"","header-below-stick-meta":""},"pwb-brand":[84],"product_cat":[156],"product_tag":[],"class_list":{"0":"post-70047","1":"product","2":"type-product","3":"status-publish","5":"pwb-brand-meyle","6":"product_cat-taka-akselin-puslat","7":"desktop-align-left","8":"tablet-align-left","9":"mobile-align-left","11":"first","12":"instock","13":"product-type-external"},"brands":[{"id":84,"name":"MEYLE","slug":"meyle"}],"_links":{"self":[{"href":"https:\/\/www.autonvaraosahaku.fi\/index.php?rest_route=\/wp\/v2\/product\/70047","targetHints":{"allow":["GET"]}}],"collection":[{"href":"https:\/\/www.autonvaraosahaku.fi\/index.php?rest_route=\/wp\/v2\/product"}],"about":[{"href":"https:\/\/www.autonvaraosahaku.fi\/index.php?rest_route=\/wp\/v2\/types\/product"}],"wp:attachment":[{"href":"https:\/\/www.autonvaraosahaku.fi\/index.php?rest_route=%2Fwp%2Fv2%2Fmedia&parent=70047"}],"wp:term":[{"taxonomy":"pwb-brand","embeddable":true,"href":"https:\/\/www.autonvaraosahaku.fi\/index.php?rest_route=%2Fwp%2Fv2%2Fpwb-brand&post=70047"},{"taxonomy":"product_cat","embeddable":true,"href":"https:\/\/www.autonvaraosahaku.fi\/index.php?rest_route=%2Fwp%2Fv2%2Fproduct_cat&post=70047"},{"taxonomy":"product_tag","embeddable":true,"href":"https:\/\/www.autonvaraosahaku.fi\/index.php?rest_route=%2Fwp%2Fv2%2Fproduct_tag&post=70047"}],"curies":[{"name":"wp","href":"https:\/\/api.w.org\/{rel}","templated":true}]}}