{"id":70051,"date":"2021-02-21T19:07:07","date_gmt":"2021-02-21T19:07:07","guid":{"rendered":"https:\/\/www.autonvaraosahaku.fi\/?product=metzger-0917052-ohjainlaite-lammitys-tuuletus"},"modified":"2021-02-21T19:07:07","modified_gmt":"2021-02-21T19:07:07","slug":"metzger-0917052-ohjainlaite-lammitys-tuuletus","status":"publish","type":"product","link":"https:\/\/www.autonvaraosahaku.fi\/?product=metzger-0917052-ohjainlaite-lammitys-tuuletus","title":{"rendered":"METZGER 0917052 Ohjainlaite l\u00e4mmitys tuuletus"},"content":{"rendered":"<p>Napojen m\u00e4\u00e4r\u00e4: 6; V\u00e4ri: Sininen; Suositellun tarvikkeen tuotenumero: PSA: 1308.AP; Versio: Alte Version; Organisaationumerosta: 11074; PEUGEOT: PARTNER Tepee; CITRO\u00cbN: BERLINGO B9,C4 Picasso I UD_,C4 Grand Picasso I UA_,C4 I LC_,C4 Coupe LA_,BERLINGO Kasten B9,C4 Stufenheck L,BERLINGO Pritsche\/Fahrgestell B9<\/p>\n","protected":false},"excerpt":{"rendered":"<p>METZGER S\u00e4\u00e4din, S\u00e4hk\u00f6puhallin (Moottorij\u00e4\u00e4dytys) 0917052  PEUGEOT,CITRO\u00cbN,PARTNER Tepee,BERLINGO B9,C4 Picasso I UD_,C4 Grand Picasso I UA_,C4 I LC_<\/p>\n","protected":false},"featured_media":0,"template":"","meta":{"site-sidebar-layout":"default","site-content-layout":"default","ast-global-header-display":"","ast-main-header-display":"","ast-hfb-above-header-display":"","ast-hfb-below-header-display":"","ast-hfb-mobile-header-display":"","site-post-title":"","ast-breadcrumbs-content":"","ast-featured-img":"","footer-sml-layout":"","theme-transparent-header-meta":"","adv-header-id-meta":"","stick-header-meta":"","header-above-stick-meta":"","header-main-stick-meta":"","header-below-stick-meta":""},"pwb-brand":[69],"product_cat":[262],"product_tag":[],"class_list":{"0":"post-70051","1":"product","2":"type-product","3":"status-publish","5":"pwb-brand-metzger","6":"product_cat-ohjainlaite-lammitys-tuuletus","7":"desktop-align-left","8":"tablet-align-left","9":"mobile-align-left","11":"first","12":"instock","13":"product-type-external"},"brands":[{"id":69,"name":"METZGER","slug":"metzger"}],"_links":{"self":[{"href":"https:\/\/www.autonvaraosahaku.fi\/index.php?rest_route=\/wp\/v2\/product\/70051","targetHints":{"allow":["GET"]}}],"collection":[{"href":"https:\/\/www.autonvaraosahaku.fi\/index.php?rest_route=\/wp\/v2\/product"}],"about":[{"href":"https:\/\/www.autonvaraosahaku.fi\/index.php?rest_route=\/wp\/v2\/types\/product"}],"wp:attachment":[{"href":"https:\/\/www.autonvaraosahaku.fi\/index.php?rest_route=%2Fwp%2Fv2%2Fmedia&parent=70051"}],"wp:term":[{"taxonomy":"pwb-brand","embeddable":true,"href":"https:\/\/www.autonvaraosahaku.fi\/index.php?rest_route=%2Fwp%2Fv2%2Fpwb-brand&post=70051"},{"taxonomy":"product_cat","embeddable":true,"href":"https:\/\/www.autonvaraosahaku.fi\/index.php?rest_route=%2Fwp%2Fv2%2Fproduct_cat&post=70051"},{"taxonomy":"product_tag","embeddable":true,"href":"https:\/\/www.autonvaraosahaku.fi\/index.php?rest_route=%2Fwp%2Fv2%2Fproduct_tag&post=70051"}],"curies":[{"name":"wp","href":"https:\/\/api.w.org\/{rel}","templated":true}]}}