{"id":70053,"date":"2021-02-21T19:07:07","date_gmt":"2021-02-21T19:07:07","guid":{"rendered":"https:\/\/www.autonvaraosahaku.fi\/?product=ufi-23-255-00-oljynsuodatin"},"modified":"2021-02-21T19:07:07","modified_gmt":"2021-02-21T19:07:07","slug":"ufi-23-255-00-oljynsuodatin","status":"publish","type":"product","link":"https:\/\/www.autonvaraosahaku.fi\/?product=ufi-23-255-00-oljynsuodatin","title":{"rendered":"UFI 23.255.00 \u00d6ljynsuodatin"},"content":{"rendered":"<p>Ulkol\u00e4pimitta [mm]: 68,0; Sis\u00e4l\u00e4pimitta 1 [mm]: 56,0; Ulkol\u00e4pimitta 2 [mm]: 65,0; Ulkol\u00e4pimitta 1 [mm]: 71,5; Kierremitta: 3\/4-16 UNF; Korkeus (mm): 66,5; Avauspaine ohitusventtiili [bar]: 1,0; Korvaava tuote\/korvaava tiedote 2: yhdell\u00e4 peruutuksenestoventtiilill\u00e4; Valmistusvuosi alkaen: 08\/1987; CHEVROLET: MATIZ M200, M250,AVEO Stufenheck T250, T255; DAEWOO: MATIZ KLYA; DAIHATSU: CUORE VII L251,CUORE VIII,TERIOS J2_,TREVIS,SIRION M1,YRV M2,TERIOS J1,HIJET Kasten S85,CUORE IV L501,COPEN L880_, L881_,FEROZA Soft Top F300,MOVE L6, L9,SPORTRAK F300,GRAN MOVE G3,MOVE L6_,CHARADE IV G200, G202,CHARADE III G100, G101, G102,CUORE III L201,CUORE II L80, L81,APPLAUSE II A101,APPLAUSE I A101, A111,HIJET Bus S85,HIJET Bus,HIJET Kasten; SUZUKI: SWIFT IV FZ, NZ,SPLASH,ALTO HA24,SX4 S-Cross,WAGON R+ EM,BALENO Kombi EG,BALENO EG,BALENO Schr\u00e4gheck EG,ALTO HA11,VITARA LY; OPEL: AGILA B H08; SUBARU: JUSTY II JMA, MS; PIAGGIO: PORTER Pritsche\/Fahrgestell,PORTER Kasten; VAUXHALL: AGILA Mk II B; 96565412, 96570765, 1560187107, 1560187107000, 1560187204, 1560187204000, 1560187703, 1560187704, 1560197201, 1560197201000, 1560197202, 4708878, 4711189, 438038, B010014, 1651081420, 1651081420000, 1651082700, 1651082701, 1651082701000, 1651082702, 1651082702000, 1651082703, 1651082703000, 16510M82703<\/p>\n","protected":false},"excerpt":{"rendered":"<p>UFI \u00d6ljynsuodatin 23.255.00  CHEVROLET,DAEWOO,DAIHATSU,MATIZ M200, M250,AVEO Stufenheck T250, T255,MATIZ KLYA,CUORE VII L251,CUORE VIII,TERIOS J2_<\/p>\n","protected":false},"featured_media":0,"template":"","meta":{"site-sidebar-layout":"default","site-content-layout":"default","ast-global-header-display":"","ast-main-header-display":"","ast-hfb-above-header-display":"","ast-hfb-below-header-display":"","ast-hfb-mobile-header-display":"","site-post-title":"","ast-breadcrumbs-content":"","ast-featured-img":"","footer-sml-layout":"","theme-transparent-header-meta":"","adv-header-id-meta":"","stick-header-meta":"","header-above-stick-meta":"","header-main-stick-meta":"","header-below-stick-meta":""},"pwb-brand":[109],"product_cat":[30],"product_tag":[],"class_list":{"0":"post-70053","1":"product","2":"type-product","3":"status-publish","5":"pwb-brand-ufi","6":"product_cat-oljynsuodatin","7":"desktop-align-left","8":"tablet-align-left","9":"mobile-align-left","11":"first","12":"instock","13":"product-type-external"},"brands":[{"id":109,"name":"UFI","slug":"ufi"}],"_links":{"self":[{"href":"https:\/\/www.autonvaraosahaku.fi\/index.php?rest_route=\/wp\/v2\/product\/70053","targetHints":{"allow":["GET"]}}],"collection":[{"href":"https:\/\/www.autonvaraosahaku.fi\/index.php?rest_route=\/wp\/v2\/product"}],"about":[{"href":"https:\/\/www.autonvaraosahaku.fi\/index.php?rest_route=\/wp\/v2\/types\/product"}],"wp:attachment":[{"href":"https:\/\/www.autonvaraosahaku.fi\/index.php?rest_route=%2Fwp%2Fv2%2Fmedia&parent=70053"}],"wp:term":[{"taxonomy":"pwb-brand","embeddable":true,"href":"https:\/\/www.autonvaraosahaku.fi\/index.php?rest_route=%2Fwp%2Fv2%2Fpwb-brand&post=70053"},{"taxonomy":"product_cat","embeddable":true,"href":"https:\/\/www.autonvaraosahaku.fi\/index.php?rest_route=%2Fwp%2Fv2%2Fproduct_cat&post=70053"},{"taxonomy":"product_tag","embeddable":true,"href":"https:\/\/www.autonvaraosahaku.fi\/index.php?rest_route=%2Fwp%2Fv2%2Fproduct_tag&post=70053"}],"curies":[{"name":"wp","href":"https:\/\/api.w.org\/{rel}","templated":true}]}}