{"id":70055,"date":"2021-02-21T19:07:07","date_gmt":"2021-02-21T19:07:07","guid":{"rendered":"https:\/\/www.autonvaraosahaku.fi\/?product=monroe-mk300-jousijalan-tukilaakeri"},"modified":"2021-02-21T19:07:08","modified_gmt":"2021-02-21T19:07:08","slug":"monroe-mk300-jousijalan-tukilaakeri","status":"publish","type":"product","link":"https:\/\/www.autonvaraosahaku.fi\/?product=monroe-mk300-jousijalan-tukilaakeri","title":{"rendered":"MONROE MK300 Jousijalan tukilaakeri"},"content":{"rendered":"<p>Paino [kg]: 0,400; Korvaava tuote\/korvaava tiedote 2: Vierint\u00e4laakerilla; Pakkauspituus [cm]: 13,6; Pakkausleveys [cm]: 11,8; Pakkauskorkeus [mm]: 11,4; Valmistusvuoteen: 12\/2012; RENAULT: SANDERO\/STEPWAY I,DUSTER,LOGAN I Kombi KS_,LOGAN I LS_,THALIA II LU1\/2_,LOGAN EXPRESS,SANDERO\/STEPWAY II,LOGAN II Kombi,LOGAN II,THALIA III; DACIA: DUSTER,SANDERO,LOGAN MCV KS_,SANDERO II,LODGY,LOGAN MCV II,DOKKER,LOGAN LS_,DOKKER Express,LOGAN EXPRESS FS_,LOGAN Pick-up US_,LOGAN II,DUSTER Kasten; 6001547499, 8200757150, 6001547499, 8200757150; Iskarin Yl\u00e4p\u00e4\u00e4,Iskunvaimentimen Yl\u00e4p\u00e4\u00e4<\/p>\n","protected":false},"excerpt":{"rendered":"<p>MONROE Jousijalan Tukilaakeri MOUNTING KIT MK300 Iskarin Yl\u00e4p\u00e4\u00e4,Iskunvaimentimen Yl\u00e4p\u00e4\u00e4 RENAULT,DACIA,SANDERO\/STEPWAY I,DUSTER,LOGAN I Kombi KS_<\/p>\n","protected":false},"featured_media":0,"template":"","meta":{"site-sidebar-layout":"default","site-content-layout":"default","ast-global-header-display":"","ast-main-header-display":"","ast-hfb-above-header-display":"","ast-hfb-below-header-display":"","ast-hfb-mobile-header-display":"","site-post-title":"","ast-breadcrumbs-content":"","ast-featured-img":"","footer-sml-layout":"","theme-transparent-header-meta":"","adv-header-id-meta":"","stick-header-meta":"","header-above-stick-meta":"","header-main-stick-meta":"","header-below-stick-meta":""},"pwb-brand":[79],"product_cat":[45],"product_tag":[],"class_list":{"0":"post-70055","1":"product","2":"type-product","3":"status-publish","5":"pwb-brand-monroe","6":"product_cat-jousijalan-tukilaakeri","7":"desktop-align-left","8":"tablet-align-left","9":"mobile-align-left","11":"first","12":"instock","13":"product-type-external"},"brands":[{"id":79,"name":"MONROE","slug":"monroe"}],"_links":{"self":[{"href":"https:\/\/www.autonvaraosahaku.fi\/index.php?rest_route=\/wp\/v2\/product\/70055","targetHints":{"allow":["GET"]}}],"collection":[{"href":"https:\/\/www.autonvaraosahaku.fi\/index.php?rest_route=\/wp\/v2\/product"}],"about":[{"href":"https:\/\/www.autonvaraosahaku.fi\/index.php?rest_route=\/wp\/v2\/types\/product"}],"wp:attachment":[{"href":"https:\/\/www.autonvaraosahaku.fi\/index.php?rest_route=%2Fwp%2Fv2%2Fmedia&parent=70055"}],"wp:term":[{"taxonomy":"pwb-brand","embeddable":true,"href":"https:\/\/www.autonvaraosahaku.fi\/index.php?rest_route=%2Fwp%2Fv2%2Fpwb-brand&post=70055"},{"taxonomy":"product_cat","embeddable":true,"href":"https:\/\/www.autonvaraosahaku.fi\/index.php?rest_route=%2Fwp%2Fv2%2Fproduct_cat&post=70055"},{"taxonomy":"product_tag","embeddable":true,"href":"https:\/\/www.autonvaraosahaku.fi\/index.php?rest_route=%2Fwp%2Fv2%2Fproduct_tag&post=70055"}],"curies":[{"name":"wp","href":"https:\/\/api.w.org\/{rel}","templated":true}]}}