{"id":70057,"date":"2021-02-21T19:07:07","date_gmt":"2021-02-21T19:07:07","guid":{"rendered":"https:\/\/www.autonvaraosahaku.fi\/?product=skf-vkjp-8395-vetonivelen-suojakumi"},"modified":"2021-02-21T19:07:08","modified_gmt":"2021-02-21T19:07:08","slug":"skf-vkjp-8395-vetonivelen-suojakumi","status":"publish","type":"product","link":"https:\/\/www.autonvaraosahaku.fi\/?product=skf-vkjp-8395-vetonivelen-suojakumi","title":{"rendered":"SKF VKJP 8395 Vetonivelen suojakumi"},"content":{"rendered":"<p>Paksuus [mm]: 15; Korkeus (mm): 86; Nivelmalli: Tripodi-nivel; Sis\u00e4l\u00e4pimitta 1 [mm]: 21; Sis\u00e4l\u00e4pimitta 2 [mm]: 65; Valmistusvuoteen: 04\/2013; OPEL: CORSA D,CORSA C F08, F68,MERIVA,TIGRA TwinTop,COMBO Kasten\/Kombi,COMBO Tour,CORSA D Van; FIAT: GRANDE PUNTO 199,PUNTO 188,500 312,PUNTO EVO 199,500 C 312,PUNTO 199,PANDA 312,QUBO 225,FIORINO Kasten\/Kombi 225; TOYOTA: AVENSIS Kombi T25,AURIS NRE15_, ZZE15_, ADE15_, ZRE15_, NDE15_,AVENSIS T25_,YARIS NHP13_, NSP13_, NCP13_, KSP13_, NLP13_,AVENSIS Stufenheck T25; NISSAN: ALMERA TINO V10,PRIMERA Kombi WP12,PRIMERA P12,PRIMERA Hatchback P12; MINI: MINI R50, R53; ALFA ROMEO: MITO 955; LANCIA: YPSILON 312, 846; VAUXHALL: CORSA Mk III D L_8; 46308326, 46308326, 46308709, 71771172, 1603226, 93170398, 1603226, 93170398<\/p>\n","protected":false},"excerpt":{"rendered":"<p>SKF Paljekumisarja, Vetoakseli VKJP 8395  OPEL,FIAT,TOYOTA,CORSA D,CORSA C F08, F68,MERIVA,TIGRA TwinTop,COMBO Kasten\/Kombi,COMBO Tour,CORSA D Van<\/p>\n","protected":false},"featured_media":0,"template":"","meta":{"site-sidebar-layout":"default","site-content-layout":"default","ast-global-header-display":"","ast-main-header-display":"","ast-hfb-above-header-display":"","ast-hfb-below-header-display":"","ast-hfb-mobile-header-display":"","site-post-title":"","ast-breadcrumbs-content":"","ast-featured-img":"","footer-sml-layout":"","theme-transparent-header-meta":"","adv-header-id-meta":"","stick-header-meta":"","header-above-stick-meta":"","header-main-stick-meta":"","header-below-stick-meta":""},"pwb-brand":[237],"product_cat":[42],"product_tag":[],"class_list":{"0":"post-70057","1":"product","2":"type-product","3":"status-publish","5":"pwb-brand-skf","6":"product_cat-vetonivelen-suojakumi","7":"desktop-align-left","8":"tablet-align-left","9":"mobile-align-left","11":"first","12":"instock","13":"product-type-external"},"brands":[{"id":237,"name":"SKF","slug":"skf"}],"_links":{"self":[{"href":"https:\/\/www.autonvaraosahaku.fi\/index.php?rest_route=\/wp\/v2\/product\/70057","targetHints":{"allow":["GET"]}}],"collection":[{"href":"https:\/\/www.autonvaraosahaku.fi\/index.php?rest_route=\/wp\/v2\/product"}],"about":[{"href":"https:\/\/www.autonvaraosahaku.fi\/index.php?rest_route=\/wp\/v2\/types\/product"}],"wp:attachment":[{"href":"https:\/\/www.autonvaraosahaku.fi\/index.php?rest_route=%2Fwp%2Fv2%2Fmedia&parent=70057"}],"wp:term":[{"taxonomy":"pwb-brand","embeddable":true,"href":"https:\/\/www.autonvaraosahaku.fi\/index.php?rest_route=%2Fwp%2Fv2%2Fpwb-brand&post=70057"},{"taxonomy":"product_cat","embeddable":true,"href":"https:\/\/www.autonvaraosahaku.fi\/index.php?rest_route=%2Fwp%2Fv2%2Fproduct_cat&post=70057"},{"taxonomy":"product_tag","embeddable":true,"href":"https:\/\/www.autonvaraosahaku.fi\/index.php?rest_route=%2Fwp%2Fv2%2Fproduct_tag&post=70057"}],"curies":[{"name":"wp","href":"https:\/\/api.w.org\/{rel}","templated":true}]}}