{"id":70070,"date":"2021-02-21T19:07:07","date_gmt":"2021-02-21T19:07:07","guid":{"rendered":"https:\/\/www.autonvaraosahaku.fi\/?product=topran-108-584-kytkin-ohjausakseli"},"modified":"2021-02-21T19:07:11","modified_gmt":"2021-02-21T19:07:11","slug":"topran-108-584-kytkin-ohjausakseli","status":"publish","type":"product","link":"https:\/\/www.autonvaraosahaku.fi\/?product=topran-108-584-kytkin-ohjausakseli","title":{"rendered":"TOPRAN 108 584 Kytkin ohjausakseli"},"content":{"rendered":"<p>V\u00e4ri: Musta; Yhdistelm\u00e4kytkintoiminto: valonpesulla, Aikav\u00e4li-pyyhint\u00e4; Varusteet: S\u00e4\u00e4dett\u00e4v\u00e4lle aikav\u00e4lipyyhkimille, Autoihin ilman ajotietokonetta; V\u00e4rikoodi: 01C; Moottorinumero: ANU; VW: GOLF IV 1J1,PASSAT Variant 3B6,GOLF IV Variant 1J5,SHARAN 7M8, 7M9, 7M6,PASSAT Variant 3B5,BORA Kombi 1J6; AUDI: A3 8L1,A6 Avant 4B5, C5; SKODA: FABIA Combi 6Y5,FABIA 6Y2,OCTAVIA Combi 1U5,FABIA Praktik; SEAT: LEON 1M1,ALHAMBRA 7V8, 7V9; 4B0953503F, 4B0953503F01C, 4B0953503F, 4B0953503F01C, 4B0953503F, 4B0953503F01C, 4B0953503F, 4B0953503F01C<\/p>\n","protected":false},"excerpt":{"rendered":"<p>TOPRAN Pyyhkij\u00f6iden Katkaisija 108 584  VW,AUDI,SKODA,GOLF IV 1J1,PASSAT Variant 3B6,GOLF IV Variant 1J5,SHARAN 7M8, 7M9, 7M6,PASSAT Variant 3B5<\/p>\n","protected":false},"featured_media":0,"template":"","meta":{"site-sidebar-layout":"default","site-content-layout":"default","ast-global-header-display":"","ast-main-header-display":"","ast-hfb-above-header-display":"","ast-hfb-below-header-display":"","ast-hfb-mobile-header-display":"","site-post-title":"","ast-breadcrumbs-content":"","ast-featured-img":"","footer-sml-layout":"","theme-transparent-header-meta":"","adv-header-id-meta":"","stick-header-meta":"","header-above-stick-meta":"","header-main-stick-meta":"","header-below-stick-meta":""},"pwb-brand":[18],"product_cat":[65],"product_tag":[],"class_list":{"0":"post-70070","1":"product","2":"type-product","3":"status-publish","5":"pwb-brand-topran","6":"product_cat-kytkin-ohjausakseli","7":"desktop-align-left","8":"tablet-align-left","9":"mobile-align-left","11":"first","12":"instock","13":"product-type-external"},"brands":[{"id":18,"name":"TOPRAN","slug":"topran"}],"_links":{"self":[{"href":"https:\/\/www.autonvaraosahaku.fi\/index.php?rest_route=\/wp\/v2\/product\/70070","targetHints":{"allow":["GET"]}}],"collection":[{"href":"https:\/\/www.autonvaraosahaku.fi\/index.php?rest_route=\/wp\/v2\/product"}],"about":[{"href":"https:\/\/www.autonvaraosahaku.fi\/index.php?rest_route=\/wp\/v2\/types\/product"}],"wp:attachment":[{"href":"https:\/\/www.autonvaraosahaku.fi\/index.php?rest_route=%2Fwp%2Fv2%2Fmedia&parent=70070"}],"wp:term":[{"taxonomy":"pwb-brand","embeddable":true,"href":"https:\/\/www.autonvaraosahaku.fi\/index.php?rest_route=%2Fwp%2Fv2%2Fpwb-brand&post=70070"},{"taxonomy":"product_cat","embeddable":true,"href":"https:\/\/www.autonvaraosahaku.fi\/index.php?rest_route=%2Fwp%2Fv2%2Fproduct_cat&post=70070"},{"taxonomy":"product_tag","embeddable":true,"href":"https:\/\/www.autonvaraosahaku.fi\/index.php?rest_route=%2Fwp%2Fv2%2Fproduct_tag&post=70070"}],"curies":[{"name":"wp","href":"https:\/\/api.w.org\/{rel}","templated":true}]}}