{"id":70086,"date":"2021-02-21T19:07:12","date_gmt":"2021-02-21T19:07:12","guid":{"rendered":"https:\/\/www.autonvaraosahaku.fi\/?product=trw-jgs1042t-iskunvaimennin"},"modified":"2021-02-21T19:07:15","modified_gmt":"2021-02-21T19:07:15","slug":"trw-jgs1042t-iskunvaimennin","status":"publish","type":"product","link":"https:\/\/www.autonvaraosahaku.fi\/?product=trw-jgs1042t-iskunvaimennin","title":{"rendered":"TRW JGS1042T Iskunvaimennin"},"content":{"rendered":"<p>Lukum\u00e4\u00e4r\u00e4 akselille: 1; Asennuspuoli: Taka-akseli; Iskunvaimennin tyyppi: Kaasupaine; Iskunvaimennin malli: Vaimennin, jousituella; Iskunvaimennusj\u00e4rjestelm\u00e4: Kaksiputki; Iskunvaimennin asennustapa: Tappi ylh\u00e4\u00e4ll\u00e4, Silmukka alhaalla; Pituus 1 (mm): 397; Pituus 2 (mm): 276; L\u00e4pimitta [mm]: 42,5; Jousijalan l\u00e4pimitta [mm]: 12; Huomioi tekniset tiedot: ; Tuotelinja: TWIN; HONDA: CR-V II RD_; 52611S9AA11, 52611S9AA12, 52611S9AG01, 52611S9AG02, 52611S9AG03, 52611S9AT11, 52611S9AT12, 52611S9ET11, 52611S9ET12, 52611SKNG01; Iskarit,Iskunvaimennin<\/p>\n","protected":false},"excerpt":{"rendered":"<p>TRW Iskunvaimentimet JGS1042T Iskarit,Iskunvaimennin HONDA,CR-V II RD_<\/p>\n","protected":false},"featured_media":0,"template":"","meta":{"site-sidebar-layout":"default","site-content-layout":"default","ast-global-header-display":"","ast-main-header-display":"","ast-hfb-above-header-display":"","ast-hfb-below-header-display":"","ast-hfb-mobile-header-display":"","site-post-title":"","ast-breadcrumbs-content":"","ast-featured-img":"","footer-sml-layout":"","theme-transparent-header-meta":"","adv-header-id-meta":"","stick-header-meta":"","header-above-stick-meta":"","header-main-stick-meta":"","header-below-stick-meta":""},"pwb-brand":[332],"product_cat":[80],"product_tag":[],"class_list":{"0":"post-70086","1":"product","2":"type-product","3":"status-publish","5":"pwb-brand-trw","6":"product_cat-iskunvaimennin","7":"desktop-align-left","8":"tablet-align-left","9":"mobile-align-left","11":"first","12":"instock","13":"product-type-external"},"brands":[{"id":332,"name":"TRW","slug":"trw"}],"_links":{"self":[{"href":"https:\/\/www.autonvaraosahaku.fi\/index.php?rest_route=\/wp\/v2\/product\/70086","targetHints":{"allow":["GET"]}}],"collection":[{"href":"https:\/\/www.autonvaraosahaku.fi\/index.php?rest_route=\/wp\/v2\/product"}],"about":[{"href":"https:\/\/www.autonvaraosahaku.fi\/index.php?rest_route=\/wp\/v2\/types\/product"}],"wp:attachment":[{"href":"https:\/\/www.autonvaraosahaku.fi\/index.php?rest_route=%2Fwp%2Fv2%2Fmedia&parent=70086"}],"wp:term":[{"taxonomy":"pwb-brand","embeddable":true,"href":"https:\/\/www.autonvaraosahaku.fi\/index.php?rest_route=%2Fwp%2Fv2%2Fpwb-brand&post=70086"},{"taxonomy":"product_cat","embeddable":true,"href":"https:\/\/www.autonvaraosahaku.fi\/index.php?rest_route=%2Fwp%2Fv2%2Fproduct_cat&post=70086"},{"taxonomy":"product_tag","embeddable":true,"href":"https:\/\/www.autonvaraosahaku.fi\/index.php?rest_route=%2Fwp%2Fv2%2Fproduct_tag&post=70086"}],"curies":[{"name":"wp","href":"https:\/\/api.w.org\/{rel}","templated":true}]}}