{"id":70146,"date":"2021-02-21T19:07:29","date_gmt":"2021-02-21T19:07:29","guid":{"rendered":"https:\/\/www.autonvaraosahaku.fi\/?product=hella-1n0-010-243-011-sumuvalot"},"modified":"2021-02-21T19:07:32","modified_gmt":"2021-02-21T19:07:32","slug":"hella-1n0-010-243-011-sumuvalot","status":"publish","type":"product","link":"https:\/\/www.autonvaraosahaku.fi\/?product=hella-1n0-010-243-011-sumuvalot","title":{"rendered":"HELLA 1N0 010 243-011 Sumuvalot"},"content":{"rendered":"<p>Asennuspuoli: Vasen; Lis\u00e4tarvike\/lis\u00e4tieto: Polttimolla; Lyhdyn muoto: FF; Tarkistuskilpi: E26 1001, ECE; Nimellisj\u00e4nnite (V): 12; Lyhtytoimintojen m\u00e4\u00e4r\u00e4: 1; Lamppumalli: H8; Valotoiminto: sumuvalolla, ilman k\u00e4\u00e4ntymisvaloa; parilliset tuotenumerot: 1N0 010 243-021; BMW: X1 E84; 2990019, 2993525, 63172990019, 63172993525; Sumuvalo<\/p>\n","protected":false},"excerpt":{"rendered":"<p>HELLA Sumuvalot 1N0 010 243-011 Sumuvalo BMW,X1 E84<\/p>\n","protected":false},"featured_media":0,"template":"","meta":{"site-sidebar-layout":"default","site-content-layout":"default","ast-global-header-display":"","ast-main-header-display":"","ast-hfb-above-header-display":"","ast-hfb-below-header-display":"","ast-hfb-mobile-header-display":"","site-post-title":"","ast-breadcrumbs-content":"","ast-featured-img":"","footer-sml-layout":"","theme-transparent-header-meta":"","adv-header-id-meta":"","stick-header-meta":"","header-above-stick-meta":"","header-main-stick-meta":"","header-below-stick-meta":""},"pwb-brand":[24],"product_cat":[119],"product_tag":[],"class_list":{"0":"post-70146","1":"product","2":"type-product","3":"status-publish","5":"pwb-brand-hella","6":"product_cat-sumuvalot","7":"desktop-align-left","8":"tablet-align-left","9":"mobile-align-left","11":"first","12":"instock","13":"product-type-external"},"brands":[{"id":24,"name":"HELLA","slug":"hella"}],"_links":{"self":[{"href":"https:\/\/www.autonvaraosahaku.fi\/index.php?rest_route=\/wp\/v2\/product\/70146","targetHints":{"allow":["GET"]}}],"collection":[{"href":"https:\/\/www.autonvaraosahaku.fi\/index.php?rest_route=\/wp\/v2\/product"}],"about":[{"href":"https:\/\/www.autonvaraosahaku.fi\/index.php?rest_route=\/wp\/v2\/types\/product"}],"wp:attachment":[{"href":"https:\/\/www.autonvaraosahaku.fi\/index.php?rest_route=%2Fwp%2Fv2%2Fmedia&parent=70146"}],"wp:term":[{"taxonomy":"pwb-brand","embeddable":true,"href":"https:\/\/www.autonvaraosahaku.fi\/index.php?rest_route=%2Fwp%2Fv2%2Fpwb-brand&post=70146"},{"taxonomy":"product_cat","embeddable":true,"href":"https:\/\/www.autonvaraosahaku.fi\/index.php?rest_route=%2Fwp%2Fv2%2Fproduct_cat&post=70146"},{"taxonomy":"product_tag","embeddable":true,"href":"https:\/\/www.autonvaraosahaku.fi\/index.php?rest_route=%2Fwp%2Fv2%2Fproduct_tag&post=70146"}],"curies":[{"name":"wp","href":"https:\/\/api.w.org\/{rel}","templated":true}]}}