{"id":70185,"date":"2021-02-21T19:07:40","date_gmt":"2021-02-21T19:07:40","guid":{"rendered":"https:\/\/www.autonvaraosahaku.fi\/?product=nural-87-427700-10-manta"},"modified":"2021-02-21T19:07:43","modified_gmt":"2021-02-21T19:07:43","slug":"nural-87-427700-10-manta","status":"publish","type":"product","link":"https:\/\/www.autonvaraosahaku.fi\/?product=nural-87-427700-10-manta","title":{"rendered":"N\u00dcRAL 87-427700-10 M\u00e4nt\u00e4"},"content":{"rendered":"<p>Pituus (mm): 69,820; Sylinterin halkaisija [mm]: 86,00; Ruuvi-\u00d8 [mm]: 30; Korvaava tuote\/korvaava tiedote 2: J\u00e4\u00e4hdytyskanavalla, M\u00e4nn\u00e4nrengasuralla, Kiertok. vino yl\u00e4p\u00e4\u00e4; Komponenttinumero: 08-427700-00; Tuotantonumero: 8648B105; Puristuskorkeus [mm]: 43,420; Syvennysl\u00e4pimitta [mm]: 46,900; Pultinpituus [mm]: 66,85; Syvennys 1 [mm]: 15,850; Vakiomitta (STD): ; M\u00e4nn\u00e4n v\u00e4lys [mm]: 0,030; TECDOC-moottorinumero: 18782; JAGUAR: X-TYPE CF1,X-TYPE Estate; FORD: MONDEO III Kombi BWY,MONDEO III B5Y,TRANSIT MK-7 Kasten,MONDEO III Stufenheck B4Y,TRANSIT MK-7 Bus,TRANSIT MK-7 Pritsche\/Fahrgestell,TRANSIT TOURNEO FB; CITRO\u00cbN: JUMPER Kasten,JUMPER Bus,JUMPER Pritsche\/Fahrgestell; PEUGEOT: BOXER Kasten,BOXER Bus,BOXER Pritsche\/Fahrgestell; 5S7QAAE; M\u00e4nn\u00e4t<\/p>\n","protected":false},"excerpt":{"rendered":"<p>N\u00dcRAL M\u00e4nt\u00e4 87-427700-10 M\u00e4nn\u00e4t JAGUAR,FORD,CITRO\u00cbN,X-TYPE CF1,X-TYPE Estate,MONDEO III Kombi BWY,MONDEO III B5Y,TRANSIT MK-7 Kasten<\/p>\n","protected":false},"featured_media":0,"template":"","meta":{"site-sidebar-layout":"default","site-content-layout":"default","ast-global-header-display":"","ast-main-header-display":"","ast-hfb-above-header-display":"","ast-hfb-below-header-display":"","ast-hfb-mobile-header-display":"","site-post-title":"","ast-breadcrumbs-content":"","ast-featured-img":"","footer-sml-layout":"","theme-transparent-header-meta":"","adv-header-id-meta":"","stick-header-meta":"","header-above-stick-meta":"","header-main-stick-meta":"","header-below-stick-meta":""},"pwb-brand":[579],"product_cat":[434],"product_tag":[],"class_list":{"0":"post-70185","1":"product","2":"type-product","3":"status-publish","5":"pwb-brand-nural","6":"product_cat-manta","7":"desktop-align-left","8":"tablet-align-left","9":"mobile-align-left","11":"first","12":"instock","13":"product-type-external"},"brands":[{"id":579,"name":"N\u00dcRAL","slug":"nural"}],"_links":{"self":[{"href":"https:\/\/www.autonvaraosahaku.fi\/index.php?rest_route=\/wp\/v2\/product\/70185","targetHints":{"allow":["GET"]}}],"collection":[{"href":"https:\/\/www.autonvaraosahaku.fi\/index.php?rest_route=\/wp\/v2\/product"}],"about":[{"href":"https:\/\/www.autonvaraosahaku.fi\/index.php?rest_route=\/wp\/v2\/types\/product"}],"wp:attachment":[{"href":"https:\/\/www.autonvaraosahaku.fi\/index.php?rest_route=%2Fwp%2Fv2%2Fmedia&parent=70185"}],"wp:term":[{"taxonomy":"pwb-brand","embeddable":true,"href":"https:\/\/www.autonvaraosahaku.fi\/index.php?rest_route=%2Fwp%2Fv2%2Fpwb-brand&post=70185"},{"taxonomy":"product_cat","embeddable":true,"href":"https:\/\/www.autonvaraosahaku.fi\/index.php?rest_route=%2Fwp%2Fv2%2Fproduct_cat&post=70185"},{"taxonomy":"product_tag","embeddable":true,"href":"https:\/\/www.autonvaraosahaku.fi\/index.php?rest_route=%2Fwp%2Fv2%2Fproduct_tag&post=70185"}],"curies":[{"name":"wp","href":"https:\/\/api.w.org\/{rel}","templated":true}]}}