{"id":70195,"date":"2021-02-21T19:07:45","date_gmt":"2021-02-21T19:07:45","guid":{"rendered":"https:\/\/www.autonvaraosahaku.fi\/?product=original-imperium-32470-jousijalan-tukilaakeri"},"modified":"2021-02-21T19:07:46","modified_gmt":"2021-02-21T19:07:46","slug":"original-imperium-32470-jousijalan-tukilaakeri","status":"publish","type":"product","link":"https:\/\/www.autonvaraosahaku.fi\/?product=original-imperium-32470-jousijalan-tukilaakeri","title":{"rendered":"ORIGINAL IMPERIUM 32470 Jousijalan tukilaakeri"},"content":{"rendered":"<p>Asennuspuoli: Etuakseli; Paino [g]: 810; Tarvittava kappalem\u00e4\u00e4r\u00e4: 2; Erittely: Bilaterale; Paksuus [mm]: 49; Sis\u00e4l\u00e4pimitta [mm]: 15; Ulkol\u00e4pimitta [mm]: 120; Alustarakenne: f\u00fcr Fahrzeuge ohne tiefergelegtes Fahrwerk; OPEL: ZAFIRA B A05,ASTRA H Caravan L35,ASTRA H L48,ASTRA H GTC L08,ASTRA H TwinTop L67; VAUXHALL: ASTRA Mk V H CC,ASTRA Mk V H Estate,ASTRA Mk V H Convertible,ASTRAVAN Mk IV G; 0344543, 0344544, 13186959, 13186960, 344543, 344544, 13186959, 13186960; Iskarin Yl\u00e4p\u00e4\u00e4,Iskunvaimentimen Yl\u00e4p\u00e4\u00e4<\/p>\n","protected":false},"excerpt":{"rendered":"<p>ORIGINAL IMPERIUM Jousijalan Tukilaakeri 32470 Iskarin Yl\u00e4p\u00e4\u00e4,Iskunvaimentimen Yl\u00e4p\u00e4\u00e4 OPEL,VAUXHALL,ZAFIRA B A05,ASTRA H Caravan L35,ASTRA H L48<\/p>\n","protected":false},"featured_media":0,"template":"","meta":{"site-sidebar-layout":"default","site-content-layout":"default","ast-global-header-display":"","ast-main-header-display":"","ast-hfb-above-header-display":"","ast-hfb-below-header-display":"","ast-hfb-mobile-header-display":"","site-post-title":"","ast-breadcrumbs-content":"","ast-featured-img":"","footer-sml-layout":"","theme-transparent-header-meta":"","adv-header-id-meta":"","stick-header-meta":"","header-above-stick-meta":"","header-main-stick-meta":"","header-below-stick-meta":""},"pwb-brand":[72],"product_cat":[45],"product_tag":[],"class_list":{"0":"post-70195","1":"product","2":"type-product","3":"status-publish","5":"pwb-brand-original-imperium","6":"product_cat-jousijalan-tukilaakeri","7":"desktop-align-left","8":"tablet-align-left","9":"mobile-align-left","11":"first","12":"instock","13":"product-type-external"},"brands":[{"id":72,"name":"ORIGINAL IMPERIUM","slug":"original-imperium"}],"_links":{"self":[{"href":"https:\/\/www.autonvaraosahaku.fi\/index.php?rest_route=\/wp\/v2\/product\/70195","targetHints":{"allow":["GET"]}}],"collection":[{"href":"https:\/\/www.autonvaraosahaku.fi\/index.php?rest_route=\/wp\/v2\/product"}],"about":[{"href":"https:\/\/www.autonvaraosahaku.fi\/index.php?rest_route=\/wp\/v2\/types\/product"}],"wp:attachment":[{"href":"https:\/\/www.autonvaraosahaku.fi\/index.php?rest_route=%2Fwp%2Fv2%2Fmedia&parent=70195"}],"wp:term":[{"taxonomy":"pwb-brand","embeddable":true,"href":"https:\/\/www.autonvaraosahaku.fi\/index.php?rest_route=%2Fwp%2Fv2%2Fpwb-brand&post=70195"},{"taxonomy":"product_cat","embeddable":true,"href":"https:\/\/www.autonvaraosahaku.fi\/index.php?rest_route=%2Fwp%2Fv2%2Fproduct_cat&post=70195"},{"taxonomy":"product_tag","embeddable":true,"href":"https:\/\/www.autonvaraosahaku.fi\/index.php?rest_route=%2Fwp%2Fv2%2Fproduct_tag&post=70195"}],"curies":[{"name":"wp","href":"https:\/\/api.w.org\/{rel}","templated":true}]}}