{"id":70211,"date":"2021-02-21T19:07:50","date_gmt":"2021-02-21T19:07:50","guid":{"rendered":"https:\/\/www.autonvaraosahaku.fi\/?product=a-b-s-111428-jarrukengat"},"modified":"2021-02-21T19:07:51","modified_gmt":"2021-02-21T19:07:51","slug":"a-b-s-111428-jarrukengat","status":"publish","type":"product","link":"https:\/\/www.autonvaraosahaku.fi\/?product=a-b-s-111428-jarrukengat","title":{"rendered":"A.B.S. 111428 Jarrukeng\u00e4t"},"content":{"rendered":"<p>Lis\u00e4tarvike\/lis\u00e4tieto: Py\u00f6r\u00e4n jarrun sylinterill\u00e4, Tarvikkeilla; Asennusmalli: Esiasennettu; Leveys (mm): 37; Rumpul\u00e4pimitta: 203; Sylinterim\u00e4nn\u00e4n halkaisija [mm]: 19; Jarruj\u00e4rjestelm\u00e4: LOCKHEED; Paino [kg]: 1,94; Valmistaja rajaus: LOCKHEED; Tuotelinja: SMARTKIT; Asennuspuoli: Hinterachse; MAZDA: 2 DY; FORD: FIESTA V JH_, JD_,FIESTA IV JA_, JB_,FUSION JU_,KA RB_,STREET KA RL2,PUMA EC_,FIESTA V Van,FIESTA Kasten J5_, J3_,FIESTA Kasten JV_<\/p>\n","protected":false},"excerpt":{"rendered":"<p>A.B.S. Jarrukenk\u00e4sarja, Rumpujarru 111428  MAZDA,FORD,2 DY,FIESTA V JH_, JD_,FIESTA IV JA_, JB_,FUSION JU_,KA RB_,STREET KA RL2,PUMA EC_,FIESTA V Van<\/p>\n","protected":false},"featured_media":0,"template":"","meta":{"site-sidebar-layout":"default","site-content-layout":"default","ast-global-header-display":"","ast-main-header-display":"","ast-hfb-above-header-display":"","ast-hfb-below-header-display":"","ast-hfb-mobile-header-display":"","site-post-title":"","ast-breadcrumbs-content":"","ast-featured-img":"","footer-sml-layout":"","theme-transparent-header-meta":"","adv-header-id-meta":"","stick-header-meta":"","header-above-stick-meta":"","header-main-stick-meta":"","header-below-stick-meta":""},"pwb-brand":[326],"product_cat":[176],"product_tag":[],"class_list":{"0":"post-70211","1":"product","2":"type-product","3":"status-publish","5":"pwb-brand-a-b-s","6":"product_cat-jarrukengat","7":"desktop-align-left","8":"tablet-align-left","9":"mobile-align-left","11":"first","12":"instock","13":"product-type-external"},"brands":[{"id":326,"name":"A.B.S.","slug":"a-b-s"}],"_links":{"self":[{"href":"https:\/\/www.autonvaraosahaku.fi\/index.php?rest_route=\/wp\/v2\/product\/70211","targetHints":{"allow":["GET"]}}],"collection":[{"href":"https:\/\/www.autonvaraosahaku.fi\/index.php?rest_route=\/wp\/v2\/product"}],"about":[{"href":"https:\/\/www.autonvaraosahaku.fi\/index.php?rest_route=\/wp\/v2\/types\/product"}],"wp:attachment":[{"href":"https:\/\/www.autonvaraosahaku.fi\/index.php?rest_route=%2Fwp%2Fv2%2Fmedia&parent=70211"}],"wp:term":[{"taxonomy":"pwb-brand","embeddable":true,"href":"https:\/\/www.autonvaraosahaku.fi\/index.php?rest_route=%2Fwp%2Fv2%2Fpwb-brand&post=70211"},{"taxonomy":"product_cat","embeddable":true,"href":"https:\/\/www.autonvaraosahaku.fi\/index.php?rest_route=%2Fwp%2Fv2%2Fproduct_cat&post=70211"},{"taxonomy":"product_tag","embeddable":true,"href":"https:\/\/www.autonvaraosahaku.fi\/index.php?rest_route=%2Fwp%2Fv2%2Fproduct_tag&post=70211"}],"curies":[{"name":"wp","href":"https:\/\/api.w.org\/{rel}","templated":true}]}}