{"id":70240,"date":"2021-02-21T19:07:56","date_gmt":"2021-02-21T19:07:56","guid":{"rendered":"https:\/\/www.autonvaraosahaku.fi\/?product=hella-6pt-009-104-151-lampotila-anturi"},"modified":"2021-02-21T19:07:58","modified_gmt":"2021-02-21T19:07:58","slug":"hella-6pt-009-104-151-lampotila-anturi","status":"publish","type":"product","link":"https:\/\/www.autonvaraosahaku.fi\/?product=hella-6pt-009-104-151-lampotila-anturi","title":{"rendered":"HELLA 6PT 009 104-151 L\u00e4mp\u00f6tila-anturi"},"content":{"rendered":"<p>Nimellisj\u00e4nnite (V): 12; Vastus [Ohm]: 3400; Nimellisl\u00e4mp\u00f6tila (C): 20; Varusteet: Autoihin, joissa ilmastointi; Vastustyyppi: NTC-anturi; Valmistaja rajaus: ab Org Nr.11438; BMW: 3 E46,3 Touring E91,3 E90,1 E87,3 Touring E46,X3 E83,3 Compact E46,3 Coupe E46,X1 E84,1 E81,3 Coupe E92,3 Cabriolet E93,7 E65, E66, E67,1 Cabriolet E88,1 Coupe E82,i3 I01,2 Active Tourer F45,2 Gran Tourer F46,X1 F48; MINI: MINI F56,MINI F55,MINI CLUBMAN F54,MINI Cabriolet F57,MINI COUNTRYMAN F60; CITRO\u00cbN: C5 III Break TD_,C4 Picasso I UD_,C4 Grand Picasso I UA_,C4 I LC_,DS3,C5 III RD_,C3 II,C4 Coupe LA_,C4 II B7,C6 TD_,DS5,C4 Stufenheck L,C4 AIRCROSS,DS3 Cabriolet,C4 CACTUS; PEUGEOT: 307 SW 3H,307 CC 3B,407 SW 6E_,307 3A\/C,308 SW,5008,307 Break 3E,407 6D_,3008,407 Coupe 6C_,308 II,308 SW II,3008 SUV,5008 II; 64116930015, 64118380673, 64118391372, 6930015, 8380673, 8391372, 6445YY, 64116930015, 64118380673, 64118391372, 6930015, 8380673, 8391372, 6445YY; Tunnistin, Sis\u00e4ilmal\u00e4mp\u00f6tila<\/p>\n","protected":false},"excerpt":{"rendered":"<p>HELLA L\u00e4mp\u00f6tila-Anturi 6PT 009 104-151 Tunnistin, Sis\u00e4ilmal\u00e4mp\u00f6tila BMW,MINI,CITRO\u00cbN,3 E46,3 Touring E91,3 E90,1 E87,3 Touring E46,X3 E83<\/p>\n","protected":false},"featured_media":0,"template":"","meta":{"site-sidebar-layout":"default","site-content-layout":"default","ast-global-header-display":"","ast-main-header-display":"","ast-hfb-above-header-display":"","ast-hfb-below-header-display":"","ast-hfb-mobile-header-display":"","site-post-title":"","ast-breadcrumbs-content":"","ast-featured-img":"","footer-sml-layout":"","theme-transparent-header-meta":"","adv-header-id-meta":"","stick-header-meta":"","header-above-stick-meta":"","header-main-stick-meta":"","header-below-stick-meta":""},"pwb-brand":[24],"product_cat":[47],"product_tag":[],"class_list":{"0":"post-70240","1":"product","2":"type-product","3":"status-publish","5":"pwb-brand-hella","6":"product_cat-lampotila-anturi","7":"desktop-align-left","8":"tablet-align-left","9":"mobile-align-left","11":"first","12":"instock","13":"product-type-external"},"brands":[{"id":24,"name":"HELLA","slug":"hella"}],"_links":{"self":[{"href":"https:\/\/www.autonvaraosahaku.fi\/index.php?rest_route=\/wp\/v2\/product\/70240","targetHints":{"allow":["GET"]}}],"collection":[{"href":"https:\/\/www.autonvaraosahaku.fi\/index.php?rest_route=\/wp\/v2\/product"}],"about":[{"href":"https:\/\/www.autonvaraosahaku.fi\/index.php?rest_route=\/wp\/v2\/types\/product"}],"wp:attachment":[{"href":"https:\/\/www.autonvaraosahaku.fi\/index.php?rest_route=%2Fwp%2Fv2%2Fmedia&parent=70240"}],"wp:term":[{"taxonomy":"pwb-brand","embeddable":true,"href":"https:\/\/www.autonvaraosahaku.fi\/index.php?rest_route=%2Fwp%2Fv2%2Fpwb-brand&post=70240"},{"taxonomy":"product_cat","embeddable":true,"href":"https:\/\/www.autonvaraosahaku.fi\/index.php?rest_route=%2Fwp%2Fv2%2Fproduct_cat&post=70240"},{"taxonomy":"product_tag","embeddable":true,"href":"https:\/\/www.autonvaraosahaku.fi\/index.php?rest_route=%2Fwp%2Fv2%2Fproduct_tag&post=70240"}],"curies":[{"name":"wp","href":"https:\/\/api.w.org\/{rel}","templated":true}]}}