{"id":70249,"date":"2021-02-21T19:07:56","date_gmt":"2021-02-21T19:07:56","guid":{"rendered":"https:\/\/www.autonvaraosahaku.fi\/?product=febi-bilstein-39129-jarrulevyt"},"modified":"2021-02-21T19:08:00","modified_gmt":"2021-02-21T19:08:00","slug":"febi-bilstein-39129-jarrulevyt","status":"publish","type":"product","link":"https:\/\/www.autonvaraosahaku.fi\/?product=febi-bilstein-39129-jarrulevyt","title":{"rendered":"FEBI BILSTEIN 39129 Jarrulevyt"},"content":{"rendered":"<p>Jarrulevyn paksuus (mm): 30; Kiinnitysreikien lukum\u00e4\u00e4r\u00e4: 5, 1; Paksuus [mm]: 49,7; Ulkol\u00e4pimitta [mm]: 340,0; Reik\u00e4ympyr\u00e4-\u00d8 [mm]: 112; Pinta: pinnoitettu; Jarrulevytyyppi: Tuuletettu, sis\u00e4; Asennuspuoli: Etuakseli; V\u00e4himm\u00e4ispaksuus (mm): 27; Paino [kg]: 10,6; keskitt\u00e4misl\u00e4pimitta [mm]: 65; Huomioi huolto-ohjeet: , ; PR-numerolle: 1LA\/1LB; VW: PASSAT Variant 365,GOLF VII 5G1, BE1,GOLF VII Kombi BA5,PASSAT CC 357,PASSAT 362,CC 358,PASSAT ALLTRACK 365,PASSAT Variant 3G5,TIGUAN AD1,PASSAT 3G2,PASSAT ALLTRACK 3G5,TIGUAN ALLSPACE BW2,GOLF ALLTRACK BA5; AUDI: A3 Sportback 8VA,A3 Limousine 8VS,A3 8V1,A3 Cabriolet 8V7,TT FV3,Q2 GA,TT Roadster FV9; SKODA: OCTAVIA Combi 5E5,SUPERB Kombi 3T5,SUPERB 3T4,OCTAVIA 5E3,KODIAQ NS7; SEAT: LEON 5F1,LEON ST 5F8,LEON SC 5F5; 1K0615301AD, 5Q0615301G, 8S0615301, 5Q0615301G, 5Q0615301G, 1K0615301AD, 5Q0615301G, 1K0615301AD, 3C0615301C, 5Q0615301G; Jarrulevy<\/p>\n","protected":false},"excerpt":{"rendered":"<p>FEBI BILSTEIN Jarrulevyt 39129 Jarrulevy VW,AUDI,SKODA,PASSAT Variant 365,GOLF VII 5G1, BE1,GOLF VII Kombi BA5,PASSAT CC 357,PASSAT 362,CC 358<\/p>\n","protected":false},"featured_media":0,"template":"","meta":{"site-sidebar-layout":"default","site-content-layout":"default","ast-global-header-display":"","ast-main-header-display":"","ast-hfb-above-header-display":"","ast-hfb-below-header-display":"","ast-hfb-mobile-header-display":"","site-post-title":"","ast-breadcrumbs-content":"","ast-featured-img":"","footer-sml-layout":"","theme-transparent-header-meta":"","adv-header-id-meta":"","stick-header-meta":"","header-above-stick-meta":"","header-main-stick-meta":"","header-below-stick-meta":""},"pwb-brand":[50],"product_cat":[66],"product_tag":[],"class_list":{"0":"post-70249","1":"product","2":"type-product","3":"status-publish","5":"pwb-brand-febi-bilstein","6":"product_cat-jarrulevyt","7":"desktop-align-left","8":"tablet-align-left","9":"mobile-align-left","11":"first","12":"instock","13":"product-type-external"},"brands":[{"id":50,"name":"FEBI BILSTEIN","slug":"febi-bilstein"}],"_links":{"self":[{"href":"https:\/\/www.autonvaraosahaku.fi\/index.php?rest_route=\/wp\/v2\/product\/70249","targetHints":{"allow":["GET"]}}],"collection":[{"href":"https:\/\/www.autonvaraosahaku.fi\/index.php?rest_route=\/wp\/v2\/product"}],"about":[{"href":"https:\/\/www.autonvaraosahaku.fi\/index.php?rest_route=\/wp\/v2\/types\/product"}],"wp:attachment":[{"href":"https:\/\/www.autonvaraosahaku.fi\/index.php?rest_route=%2Fwp%2Fv2%2Fmedia&parent=70249"}],"wp:term":[{"taxonomy":"pwb-brand","embeddable":true,"href":"https:\/\/www.autonvaraosahaku.fi\/index.php?rest_route=%2Fwp%2Fv2%2Fpwb-brand&post=70249"},{"taxonomy":"product_cat","embeddable":true,"href":"https:\/\/www.autonvaraosahaku.fi\/index.php?rest_route=%2Fwp%2Fv2%2Fproduct_cat&post=70249"},{"taxonomy":"product_tag","embeddable":true,"href":"https:\/\/www.autonvaraosahaku.fi\/index.php?rest_route=%2Fwp%2Fv2%2Fproduct_tag&post=70249"}],"curies":[{"name":"wp","href":"https:\/\/api.w.org\/{rel}","templated":true}]}}