{"id":70282,"date":"2021-02-21T19:08:07","date_gmt":"2021-02-21T19:08:07","guid":{"rendered":"https:\/\/www.autonvaraosahaku.fi\/?product=denso-dcri107780-polttoainesuutin"},"modified":"2021-02-21T19:08:10","modified_gmt":"2021-02-21T19:08:10","slug":"denso-dcri107780-polttoainesuutin","status":"publish","type":"product","link":"https:\/\/www.autonvaraosahaku.fi\/?product=denso-dcri107780-polttoainesuutin","title":{"rendered":"DENSO DCRI107780 Polttoainesuutin"},"content":{"rendered":"<p>Laatu: OE Supply; Valmistaja rajaus: Toyota; K\u00e4ytt\u00f6: s\u00e4hk\u00f6ohjattu; Paino [g]: 640; Valmistusvuosi alkaen: 08\/2006; TOYOTA: LAND CRUISER KDJ12_, GRJ12_,HILUX III Pick-up TGN1_, GGN2_, GGN1_, KUN2_, KUN1_,HILUX III Pritsche\/Fahrgestell KUN1_, TGN3_, TGN2_, TGN1_,; 2367009070, 2367009330, 236700L020, 236700L050, 2367030140, 2367030280, 2367039185, 2367039186, 2367039215, 2367039216, 2367039316; Ruiskutussuutin,Ruiskusuutin,Pumppusuutin<\/p>\n","protected":false},"excerpt":{"rendered":"<p>DENSO Polttoainesuutin DCRI107780 Ruiskutussuutin,Ruiskusuutin TOYOTA,LAND CRUISER KDJ12_, GRJ12_,HILUX III Pick-up TGN1_, GGN2_, GGN1_, KUN2_, KUN1_<\/p>\n","protected":false},"featured_media":0,"template":"","meta":{"site-sidebar-layout":"default","site-content-layout":"default","ast-global-header-display":"","ast-main-header-display":"","ast-hfb-above-header-display":"","ast-hfb-below-header-display":"","ast-hfb-mobile-header-display":"","site-post-title":"","ast-breadcrumbs-content":"","ast-featured-img":"","footer-sml-layout":"","theme-transparent-header-meta":"","adv-header-id-meta":"","stick-header-meta":"","header-above-stick-meta":"","header-main-stick-meta":"","header-below-stick-meta":""},"pwb-brand":[278],"product_cat":[346],"product_tag":[],"class_list":{"0":"post-70282","1":"product","2":"type-product","3":"status-publish","5":"pwb-brand-denso","6":"product_cat-polttoainesuutin","7":"desktop-align-left","8":"tablet-align-left","9":"mobile-align-left","11":"first","12":"instock","13":"product-type-external"},"brands":[{"id":278,"name":"DENSO","slug":"denso"}],"_links":{"self":[{"href":"https:\/\/www.autonvaraosahaku.fi\/index.php?rest_route=\/wp\/v2\/product\/70282","targetHints":{"allow":["GET"]}}],"collection":[{"href":"https:\/\/www.autonvaraosahaku.fi\/index.php?rest_route=\/wp\/v2\/product"}],"about":[{"href":"https:\/\/www.autonvaraosahaku.fi\/index.php?rest_route=\/wp\/v2\/types\/product"}],"wp:attachment":[{"href":"https:\/\/www.autonvaraosahaku.fi\/index.php?rest_route=%2Fwp%2Fv2%2Fmedia&parent=70282"}],"wp:term":[{"taxonomy":"pwb-brand","embeddable":true,"href":"https:\/\/www.autonvaraosahaku.fi\/index.php?rest_route=%2Fwp%2Fv2%2Fpwb-brand&post=70282"},{"taxonomy":"product_cat","embeddable":true,"href":"https:\/\/www.autonvaraosahaku.fi\/index.php?rest_route=%2Fwp%2Fv2%2Fproduct_cat&post=70282"},{"taxonomy":"product_tag","embeddable":true,"href":"https:\/\/www.autonvaraosahaku.fi\/index.php?rest_route=%2Fwp%2Fv2%2Fproduct_tag&post=70282"}],"curies":[{"name":"wp","href":"https:\/\/api.w.org\/{rel}","templated":true}]}}