{"id":70308,"date":"2021-02-21T19:08:14","date_gmt":"2021-02-21T19:08:14","guid":{"rendered":"https:\/\/www.autonvaraosahaku.fi\/?product=mapco-36624-iskunvaimentimen-tukilaakeri"},"modified":"2021-02-21T19:08:18","modified_gmt":"2021-02-21T19:08:18","slug":"mapco-36624-iskunvaimentimen-tukilaakeri","status":"publish","type":"product","link":"https:\/\/www.autonvaraosahaku.fi\/?product=mapco-36624-iskunvaimentimen-tukilaakeri","title":{"rendered":"MAPCO 36624 Iskunvaimentimen tukilaakeri"},"content":{"rendered":"<p>Asennuspuoli: etuakseli molemminpuoleinen; Sis\u00e4l\u00e4pimitta [mm]: 32; Ulkol\u00e4pimitta [mm]: 110; Tarvittava kappalem\u00e4\u00e4r\u00e4: 2; Vaihdettava pareittain: ; Vaihteistomalli: nicht f\u00fcr Automatikgetriebe; MAZDA: 2 DE; FORD: FIESTA VI,B-MAX JK,ECOSPORT,FIESTA VI Van; 1547323, 1742604, 1845562, 1902873, 8V513K099AD, D6513438XA<\/p>\n","protected":false},"excerpt":{"rendered":"<p>MAPCO Rullalaakeri, Jousijalkalaakeri 36624  MAZDA,FORD,2 DE,FIESTA VI,B-MAX JK,ECOSPORT,FIESTA VI Van<\/p>\n","protected":false},"featured_media":0,"template":"","meta":{"site-sidebar-layout":"default","site-content-layout":"default","ast-global-header-display":"","ast-main-header-display":"","ast-hfb-above-header-display":"","ast-hfb-below-header-display":"","ast-hfb-mobile-header-display":"","site-post-title":"","ast-breadcrumbs-content":"","ast-featured-img":"","footer-sml-layout":"","theme-transparent-header-meta":"","adv-header-id-meta":"","stick-header-meta":"","header-above-stick-meta":"","header-main-stick-meta":"","header-below-stick-meta":""},"pwb-brand":[36],"product_cat":[106],"product_tag":[],"class_list":{"0":"post-70308","1":"product","2":"type-product","3":"status-publish","5":"pwb-brand-mapco","6":"product_cat-iskunvaimentimen-tukilaakeri","7":"desktop-align-left","8":"tablet-align-left","9":"mobile-align-left","11":"first","12":"instock","13":"product-type-external"},"brands":[{"id":36,"name":"MAPCO","slug":"mapco"}],"_links":{"self":[{"href":"https:\/\/www.autonvaraosahaku.fi\/index.php?rest_route=\/wp\/v2\/product\/70308","targetHints":{"allow":["GET"]}}],"collection":[{"href":"https:\/\/www.autonvaraosahaku.fi\/index.php?rest_route=\/wp\/v2\/product"}],"about":[{"href":"https:\/\/www.autonvaraosahaku.fi\/index.php?rest_route=\/wp\/v2\/types\/product"}],"wp:attachment":[{"href":"https:\/\/www.autonvaraosahaku.fi\/index.php?rest_route=%2Fwp%2Fv2%2Fmedia&parent=70308"}],"wp:term":[{"taxonomy":"pwb-brand","embeddable":true,"href":"https:\/\/www.autonvaraosahaku.fi\/index.php?rest_route=%2Fwp%2Fv2%2Fpwb-brand&post=70308"},{"taxonomy":"product_cat","embeddable":true,"href":"https:\/\/www.autonvaraosahaku.fi\/index.php?rest_route=%2Fwp%2Fv2%2Fproduct_cat&post=70308"},{"taxonomy":"product_tag","embeddable":true,"href":"https:\/\/www.autonvaraosahaku.fi\/index.php?rest_route=%2Fwp%2Fv2%2Fproduct_tag&post=70308"}],"curies":[{"name":"wp","href":"https:\/\/api.w.org\/{rel}","templated":true}]}}